{"id":105,"date":"2024-11-08T14:49:03","date_gmt":"2024-11-08T21:49:03","guid":{"rendered":"https:\/\/hexibella.com\/?page_id=105"},"modified":"2025-01-22T13:14:09","modified_gmt":"2025-01-22T20:14:09","slug":"schifffahrtspolitik","status":"publish","type":"page","link":"https:\/\/hexibella.com\/de\/schifffahrtspolitik\/","title":{"rendered":"Versandpolitik"},"content":{"rendered":"<p>Hexibella<\/p>\n\n\n\n<p>Vereinigte Staaten<\/p>\n\n\n\n<p><a href=\"https:\/\/hexibella-com\/de\/hexibella-com\/\">Startseite<\/a><\/p>\n\n\n\n<p>support@hexibella.com<\/p>\n\n\n\n<p><strong>Telefon Nummer<\/strong>: +1 (213)-477-3615<\/p>\n\n\n\n<p><strong>E-Mail<\/strong>: support@hexibella.com<\/p>\n\n\n\n<p><strong>Adresse<\/strong>: 10250 Santa Monica Blvd, Los Angeles, CA 90067, Vereinigte Staaten<\/p>\n\n\n\n<p><strong>Versandpolitik<\/strong><\/p>\n\n\n\n<p>Unser Ziel ist es, einen nahtlosen und transparenten Versandprozess f\u00fcr Ihre Bequemlichkeit und Zufriedenheit zu gew\u00e4hrleisten. Nachfolgend finden Sie Einzelheiten zu unserem Versandverfahren.<\/p>\n\n\n\n<p><strong>VERSANDBEREICH<\/strong><\/p>\n\n\n\n<p><strong>- L\u00e4nder:<\/strong>&nbsp;Wir bieten derzeit internationalen Versand f\u00fcr alle Bestellungen in alle L\u00e4nder an.<\/p>\n\n\n\n<p><strong>VERSANDKOSTEN<\/strong><\/p>\n\n\n\n<p>-&nbsp;<strong>Internationaler Versand<\/strong>: Kostenloser weltweiter Versand f\u00fcr alle Bestellungen.<\/p>\n\n\n\n<p><strong>- Keine versteckten Geb\u00fchren:<\/strong>&nbsp;Alle Kosten werden an der Kasse deutlich angegeben.<\/p>\n\n\n\n<p><strong>BEARBEITUNGSZEIT DER BESTELLUNG<\/strong><\/p>\n\n\n\n<p><strong>- Bearbeitungszeit:<\/strong>&nbsp;Bestellungen werden innerhalb von 1-2 Werktagen, Montag bis Freitag, bearbeitet.<\/p>\n\n\n\n<p><strong>- Cut-off-Zeit f\u00fcr Bestellungen:<\/strong>&nbsp;2 pm EST (GMT-5) Eastern Standard Time.<\/p>\n\n\n\n<p><strong>- Wochenendbestellungen:<\/strong>&nbsp;Bestellungen, die an Wochenenden aufgegeben werden, werden am n\u00e4chsten Arbeitstag bearbeitet.<\/p>\n\n\n\n<p><strong>TRANSITZEIT:&nbsp;<\/strong>5-7 Arbeitstage, Montag-Freitag.<\/p>\n\n\n\n<p><strong>Gesamtlieferzeit<\/strong>: Alle Ziele: 6-9 Arbeitstage.<\/p>\n\n\n\n<p><strong>- Gesch\u00e4ftstage:<\/strong>&nbsp;Der Versand erfolgt von Montag bis Freitag.<\/p>\n\n\n\n<p><strong>- Anmerkungen:<\/strong>&nbsp;Die Lieferzeiten sind Sch\u00e4tzungen und k\u00f6nnen aufgrund von externen Faktoren wie Wetterbedingungen und Transportproblemen variieren.<\/p>\n\n\n\n<p><strong>VERSANDPROZESS<\/strong><\/p>\n\n\n\n<p><strong>- Zuverl\u00e4ssige Kurierdienste:<\/strong>&nbsp;Wir versenden mit DHL, Canada Post, USPS, Fedex.<\/p>\n\n\n\n<p><strong>- Versicherte Sendungen:<\/strong>&nbsp;Alle Sendungen sind versichert. Wenden Sie sich im Falle eines Verlusts oder einer Besch\u00e4digung w\u00e4hrend des Transports an unseren Kundenservice.<\/p>\n\n\n\n<p><strong>- Umweltfreundliche Verpackung:<\/strong>&nbsp;Wir bem\u00fchen uns, nachhaltige Verpackungsmaterialien zu verwenden, um unseren \u00f6kologischen Fu\u00dfabdruck zu minimieren.<\/p>\n\n\n\n<p><strong>TRACKING-ANWEISUNGEN<\/strong><\/p>\n\n\n\n<p><strong>- Informationen zur Verfolgung:<\/strong>&nbsp;Nach dem Kauf erhalten Sie eine E-Mail mit Informationen zur Sendungsverfolgung, einschlie\u00dflich des Namens des Versandunternehmens und der Kontrollnummer.<\/p>\n\n\n\n<p><strong>- Verfolgen Sie Ihre Bestellung:<\/strong>&nbsp;Sie k\u00f6nnen Ihre Bestellung \u00fcber unsere Website verfolgen. Geben Sie einfach Ihre Tracking-Nummer in unserem Tracking-Portal ein, um den Status Ihrer Bestellung einzusehen.<\/p>\n\n\n\n<p><strong>- Fragen:<\/strong>&nbsp;Unser Support-Team steht Ihnen bei allen Fragen zur Nachverfolgung Ihrer Bestellung zur Verf\u00fcgung.<\/p>\n\n\n\n<p><strong>VERFAHREN F\u00dcR FEHLENDE ARTIKEL<\/strong><\/p>\n\n\n\n<p><strong>- Fehlende Artikel melden:<\/strong>&nbsp;Kontaktieren Sie unseren Kundenservice innerhalb von 7 Tagen nach Erhalt Ihres Pakets \u00fcber support@hexibella.com.<\/p>\n\n\n\n<p><strong>- Aufl\u00f6sung:&nbsp;<\/strong>Wir werden das Problem so schnell wie m\u00f6glich l\u00f6sen und einen Ersatzartikel schicken oder eine R\u00fcckerstattung anbieten.<\/p>\n\n\n\n<p><strong>R\u00dcCKGABE-POLITIK<\/strong><\/p>\n\n\n\n<p><strong>- Retouren:<\/strong>&nbsp;R\u00fccksendungen sind innerhalb von 30 Tagen nach Erhalt Ihrer Bestellung m\u00f6glich.<\/p>\n\n\n\n<p><strong>- Bedingungen f\u00fcr R\u00fccksendungen:<\/strong>&nbsp;Die Artikel m\u00fcssen unbenutzt, unbesch\u00e4digt und in der Originalverpackung zur\u00fcckgegeben werden. Personalisierte Artikel k\u00f6nnen nicht zur\u00fcckgegeben werden.<\/p>\n\n\n\n<p><strong>- Kosten:<\/strong>&nbsp;Die Kosten f\u00fcr die R\u00fccksendung werden von Hexibella f\u00fcr alle R\u00fccksendungen \u00fcbernommen, einschlie\u00dflich Reklamationen, durch den Spediteur besch\u00e4digte Produkte und defekte Produkte.<\/p>\n\n\n\n<p><strong>- Erstattung:<\/strong>&nbsp;R\u00fcckerstattungen werden innerhalb von 8 Tagen nach Erhalt der R\u00fccksendung bearbeitet und auf die urspr\u00fcngliche Zahlungsmethode zur\u00fcckerstattet.<\/p>\n\n\n\n<p><strong>WIEDEREINLAGERUNGSGEB\u00dcHR<\/strong><\/p>\n\n\n\n<p><strong>- Keine R\u00fccknahmegeb\u00fchr: Hexibella erhebt keine R\u00fccknahmegeb\u00fchr f\u00fcr R\u00fccksendungen.<\/strong><\/p>\n\n\n\n<p><strong>KONTAKT US<\/strong><\/p>\n\n\n\n<p><strong>Business Name<\/strong>: Hexibella<\/p>\n\n\n\n<p><strong>Telefon Nummer<\/strong>: +1 (213)-477-3615<\/p>\n\n\n\n<p><strong>E-Mail<\/strong>: support@hexibella.com<\/p>\n\n\n\n<p><strong>Adresse<\/strong>: 10250 Santa Monica Blvd, Los Angeles, CA 90067, Vereinigte Staaten<\/p>\n\n\n\n<p><strong>Betriebszeiten<\/strong>: 9am EST - 5pm EST (Montag-Freitag)<\/p>","protected":false},"excerpt":{"rendered":"<p>Hexibella United States Home support@hexibella.com Phone Number: +1 (213)-477-3615 Email: support@hexibella.com Address: 10250 Santa Monica Blvd, Los Angeles, CA 90067, United States Shipping Policy Our goal is to ensure a seamless and transparent shipping process for your convenience and satisfaction. Below are the details of our shipping process. SHIPPING RANGE \u2013 Countries:&nbsp;We currently offer International [&hellip;]<\/p>\n","protected":false},"author":1,"featured_media":0,"parent":0,"menu_order":24,"comment_status":"closed","ping_status":"closed","template":"","meta":{"_acf_changed":false,"bwfblock_default_font":"","_uag_custom_page_level_css":"","footnotes":""},"class_list":["post-105","page","type-page","status-publish","hentry"],"blocksy_meta":[],"acf":[],"uagb_featured_image_src":{"full":false,"thumbnail":false,"medium":false,"medium_large":false,"large":false,"1536x1536":false,"2048x2048":false,"trp-custom-language-flag":false,"woocommerce_archive_thumbnail":false,"woocommerce_thumbnail":false,"woocommerce_single":false,"woocommerce_gallery_thumbnail":false},"uagb_author_info":{"display_name":"admin","author_link":"https:\/\/hexibella.com\/de\/author\/admin_v6jhkhci\/"},"uagb_comment_info":0,"uagb_excerpt":"Hexibella United States Home support@hexibella.com Phone Number: +1 (213)-477-3615 Email: support@hexibella.com Address: 10250 Santa Monica Blvd, Los Angeles, CA 90067, United States Shipping Policy Our goal is to ensure a seamless and transparent shipping process for your convenience and satisfaction. Below are the details of our shipping process. SHIPPING RANGE \u2013 Countries:&nbsp;We currently offer International&hellip;","_links":{"self":[{"href":"https:\/\/hexibella.com\/de\/wp-json\/wp\/v2\/pages\/105","targetHints":{"allow":["GET"]}}],"collection":[{"href":"https:\/\/hexibella.com\/de\/wp-json\/wp\/v2\/pages"}],"about":[{"href":"https:\/\/hexibella.com\/de\/wp-json\/wp\/v2\/types\/page"}],"author":[{"embeddable":true,"href":"https:\/\/hexibella.com\/de\/wp-json\/wp\/v2\/users\/1"}],"replies":[{"embeddable":true,"href":"https:\/\/hexibella.com\/de\/wp-json\/wp\/v2\/comments?post=105"}],"version-history":[{"count":0,"href":"https:\/\/hexibella.com\/de\/wp-json\/wp\/v2\/pages\/105\/revisions"}],"wp:attachment":[{"href":"https:\/\/hexibella.com\/de\/wp-json\/wp\/v2\/media?parent=105"}],"curies":[{"name":"wp","href":"https:\/\/api.w.org\/{rel}","templated":true}]}}