{"id":107,"date":"2024-11-08T14:53:50","date_gmt":"2024-11-08T21:53:50","guid":{"rendered":"https:\/\/hexibella.com\/?page_id=107"},"modified":"2025-01-22T14:18:50","modified_gmt":"2025-01-22T21:18:50","slug":"servicebedingungen","status":"publish","type":"page","link":"https:\/\/hexibella.com\/de\/servicebedingungen\/","title":{"rendered":"Allgemeine Gesch\u00e4ftsbedingungen"},"content":{"rendered":"<p>Hexibella<\/p>\n\n\n\n<p>Vereinigte Staaten<\/p>\n\n\n\n<p><a href=\"https:\/\/hexibella-com\/de\/hexibella-com\/\">Startseite<\/a><\/p>\n\n\n\n<p><strong>Telefon Nummer<\/strong>: +1 (213)-477-3615<\/p>\n\n\n\n<p><strong>E-Mail<\/strong>: support@hexibella.com<\/p>\n\n\n\n<p><strong>Adresse<\/strong>: 10250 Santa Monica Blvd, Los Angeles, CA 90067, Vereinigte Staaten<\/p>\n\n\n\n<p><strong>ALLGEMEINE GESCH\u00c4FTSBEDINGUNGEN<\/strong><\/p>\n\n\n\n<p>Indem Sie auf die Website von Hexibella zugreifen und eine Bestellung aufgeben, best\u00e4tigen Sie, dass Sie mit den Servicebedingungen einverstanden und an diese gebunden sind, die in den unten aufgef\u00fchrten Allgemeinen Gesch\u00e4ftsbedingungen enthalten sind. Diese Bedingungen gelten f\u00fcr die gesamte Website und jede E-Mail oder andere Form der Kommunikation zwischen Ihnen und Hexibella.<\/p>\n\n\n\n<p>Unter keinen Umst\u00e4nden haftet das Hexibella-Team f\u00fcr direkte, indirekte, besondere, zuf\u00e4llige oder Folgesch\u00e4den, einschlie\u00dflich, aber nicht beschr\u00e4nkt auf Daten- oder Gewinnverluste, die aus der Nutzung oder der Unf\u00e4higkeit zur Nutzung der Materialien auf dieser Website entstehen, selbst wenn das Hexibella-Team oder ein autorisierter Vertreter \u00fcber die M\u00f6glichkeit solcher Sch\u00e4den informiert wurde. Wenn Ihre Nutzung der Materialien dieser Website dazu f\u00fchrt, dass Sie Ger\u00e4te oder Daten warten, reparieren oder korrigieren m\u00fcssen, \u00fcbernehmen Sie die Kosten daf\u00fcr.<\/p>\n\n\n\n<p>Hexibella ist nicht verantwortlich f\u00fcr die Folgen, die sich aus der Nutzung unserer Ressourcen ergeben k\u00f6nnen. Wir behalten uns das Recht vor, die Preise zu \u00e4ndern und die Nutzungsbestimmungen der Ressourcen jederzeit zu \u00fcberarbeiten.<\/p>\n\n\n\n<p><strong>LIZENZ<\/strong><\/p>\n\n\n\n<p>Hexibella gew\u00e4hrt Ihnen eine widerrufliche, nicht ausschlie\u00dfliche, nicht \u00fcbertragbare, eingeschr\u00e4nkte Lizenz zum Herunterladen, Installieren und Nutzen der Website ausschlie\u00dflich in \u00dcbereinstimmung mit den Bedingungen dieser Vereinbarung.<\/p>\n\n\n\n<p>Diese Allgemeinen Gesch\u00e4ftsbedingungen stellen einen Vertrag zwischen Ihnen und Hexibella (in diesen Allgemeinen Gesch\u00e4ftsbedingungen als \"Hexibella\", \"uns\", \"wir\" oder \"unser\" bezeichnet), dem Anbieter der Hexibella-Website und der von der Hexibella-Website aus zug\u00e4nglichen Dienste (die in diesen Allgemeinen Gesch\u00e4ftsbedingungen zusammenfassend als \"Hexibella-Service\" bezeichnet werden) dar.<\/p>\n\n\n\n<p>Sie erkl\u00e4ren sich mit den vorliegenden Allgemeinen Gesch\u00e4ftsbedingungen einverstanden. Wenn Sie mit diesen Allgemeinen Gesch\u00e4ftsbedingungen nicht einverstanden sind, d\u00fcrfen Sie den Hexibella-Service nicht nutzen. In diesen Allgemeinen Gesch\u00e4ftsbedingungen bezieht sich der Begriff \"Sie\" sowohl auf Sie als Einzelperson als auch auf das Unternehmen, das Sie vertreten. Wenn Sie gegen diese Allgemeinen Gesch\u00e4ftsbedingungen versto\u00dfen, behalten wir uns das Recht vor, Ihr Konto zu l\u00f6schen oder den Zugang zu Ihrem Konto ohne vorherige Ank\u00fcndigung zu sperren.<\/p>\n\n\n\n<p><strong>DEFINITIONEN UND SCHL\u00dcSSELBEGRIFFE<\/strong><\/p>\n\n\n\n<p>Um die Dinge in diesen Allgemeinen Gesch\u00e4ftsbedingungen so klar wie m\u00f6glich zu erkl\u00e4ren, werden diese Begriffe jedes Mal, wenn auf sie Bezug genommen wird, streng definiert als:<\/p>\n\n\n\n<p>- Cookie: eine kleine Datenmenge, die von einer Website erzeugt und von Ihrem Webbrowser gespeichert wird. Es wird verwendet, um Ihren Browser zu identifizieren, Analysen zu erstellen und Informationen \u00fcber Sie zu speichern, wie z.B. Ihre Spracheinstellung oder Anmeldeinformationen.<\/p>\n\n\n\n<p>- Unternehmen: Wenn in dieser Richtlinie \"Unternehmen\", \"wir\", \"uns\" oder \"unser\" erw\u00e4hnt wird, bezieht sich dies auf Hexibella, 10250 Santa Monica Blvd, Los Angeles, CA 90067, Vereinigte Staaten.&nbsp;<\/p>\n\n\n\n<p>die gem\u00e4\u00df diesen Allgemeinen Gesch\u00e4ftsbedingungen f\u00fcr Ihre Daten verantwortlich ist.<\/p>\n\n\n\n<p>- Land: wo Hexibella oder die Eigent\u00fcmer\/Gr\u00fcnder von Hexibella ihren Sitz haben, in diesem Fall die Vereinigten Staaten.<\/p>\n\n\n\n<p>- Ger\u00e4t: jedes mit dem Internet verbundene Ger\u00e4t wie z.B. ein Telefon, ein Tablet, ein Computer oder jedes andere Ger\u00e4t, mit dem Sie Hexibella besuchen und die Dienste nutzen k\u00f6nnen.<\/p>\n\n\n\n<p>- Service: bezieht sich auf den von Hexibella erbrachten Service, wie er in den entsprechenden Bedingungen (falls verf\u00fcgbar) und auf dieser Plattform beschrieben ist.<\/p>\n\n\n\n<p>- Dienste Dritter: bezieht sich auf Werbetreibende, Sponsoren von Wettbewerben, Werbe- und Marketingpartner und andere, die unsere Inhalte zur Verf\u00fcgung stellen oder deren Produkte oder Dienstleistungen Sie unserer Meinung nach interessieren k\u00f6nnten.<\/p>\n\n\n\n<p>- Website: Die Website von Hexibella, die Sie \u00fcber diese URL aufrufen k\u00f6nnen: https:\/\/hexibella.com\/\/hexibella.com<\/p>\n\n\n\n<p>- Sie: eine nat\u00fcrliche oder juristische Person, die bei Hexibella zur Nutzung der Dienste registriert ist.<\/p>\n\n\n\n<p><strong>EINSCHR\u00c4NKUNGEN<\/strong><\/p>\n\n\n\n<p>Sie stimmen zu, dies nicht zu tun, und Sie werden es auch anderen nicht erlauben:<\/p>\n\n\n\n<p>- die Website zu lizenzieren, zu verkaufen, zu vermieten, zu verleasen, abzutreten, zu vertreiben, zu \u00fcbertragen, zu hosten, auszulagern, offenzulegen oder anderweitig kommerziell zu nutzen oder die Plattform Dritten zur Verf\u00fcgung zu stellen.<\/p>\n\n\n\n<p>- Teile der Website zu ver\u00e4ndern, zu bearbeiten, zu disassemblieren, zu entschl\u00fcsseln, zur\u00fcckzukompilieren oder zur\u00fcckzuentwickeln.<\/p>\n\n\n\n<p>- Entfernen, \u00c4ndern oder Unkenntlichmachen von Eigentumshinweisen (einschlie\u00dflich Urheberrechts- oder Markenrechtshinweisen) von Hexibella oder seinen verbundenen Unternehmen, Partnern, Lieferanten oder den Lizenzgebern der Website.<\/p>\n\n\n\n<p><strong>R\u00dcCKGABE- UND ERSTATTUNGSBEDINGUNGEN<\/strong><\/p>\n\n\n\n<p>Vielen Dank, dass Sie bei Hexibella eingekauft haben. Wir wissen es zu sch\u00e4tzen, dass Sie die Produkte, die wir herstellen, gerne kaufen. Wir m\u00f6chten auch daf\u00fcr sorgen, dass Sie beim Erkunden, Bewerten und Kaufen unserer Produkte eine lohnende Erfahrung machen.<\/p>\n\n\n\n<p>Wie bei jedem Einkauf gelten auch f\u00fcr Transaktionen bei Hexibella bestimmte Bedingungen und Konditionen. Wir werden uns hier so kurz fassen, wie es unsere Anw\u00e4lte erlauben. Das Wichtigste ist, dass Sie sich mit einer Bestellung oder einem Kauf bei Hexibella mit den unten aufgef\u00fchrten Bedingungen und der Datenschutzerkl\u00e4rung von Hexibella einverstanden erkl\u00e4ren.<\/p>\n\n\n\n<p>Sollten Sie aus irgendeinem Grund mit einer unserer Waren oder Dienstleistungen nicht zufrieden sein, z\u00f6gern Sie nicht, sich mit uns in Verbindung zu setzen, und wir werden alle Probleme, die Sie mit unserem Produkt haben, besprechen.<\/p>\n\n\n\n<p><strong>IHRE VORSCHL\u00c4GE<\/strong><\/p>\n\n\n\n<p>Alle R\u00fcckmeldungen, Kommentare, Ideen, Verbesserungen oder Vorschl\u00e4ge (zusammenfassend \"Vorschl\u00e4ge\"), die Sie Hexibella in Bezug auf die Website zur Verf\u00fcgung stellen, bleiben das alleinige und ausschlie\u00dfliche Eigentum von Hexibella.<\/p>\n\n\n\n<p>Hexibella steht es frei, die Vorschl\u00e4ge zu nutzen, zu kopieren, zu \u00e4ndern, zu ver\u00f6ffentlichen oder weiterzuverbreiten, egal zu welchem Zweck und auf welche Weise, ohne dass Sie daf\u00fcr eine Verg\u00fctung erhalten.<\/p>\n\n\n\n<p><strong>IHR EINVERST\u00c4NDNIS<\/strong><\/p>\n\n\n\n<p>Wir haben unsere Allgemeinen Gesch\u00e4ftsbedingungen aktualisiert, um Ihnen vollst\u00e4ndige Transparenz dar\u00fcber zu bieten, was beim Besuch unserer Website festgelegt wird und wie diese genutzt wird. Durch die Nutzung unserer Website, die Registrierung eines Kontos oder einen Einkauf erkl\u00e4ren Sie sich mit unseren Allgemeinen Gesch\u00e4ftsbedingungen einverstanden.<\/p>\n\n\n\n<p><strong>LINKS ZU ANDEREN WEBSITES<\/strong><\/p>\n\n\n\n<p>Diese Allgemeinen Gesch\u00e4ftsbedingungen gelten nur f\u00fcr die Dienstleistungen. Die Dienste k\u00f6nnen Links zu anderen Websites enthalten, die nicht von Hexibella betrieben oder kontrolliert werden. Wir sind nicht verantwortlich f\u00fcr den Inhalt, die Richtigkeit oder die Meinungen, die auf solchen Websites ge\u00e4u\u00dfert werden, und solche Websites werden von uns nicht untersucht, \u00fcberwacht oder auf Richtigkeit oder Vollst\u00e4ndigkeit gepr\u00fcft. Bitte beachten Sie, dass unsere Allgemeinen Gesch\u00e4ftsbedingungen nicht mehr gelten, wenn Sie \u00fcber einen Link von den Services auf eine andere Website wechseln. Ihr Surfen und Ihre Interaktion auf einer anderen Website, einschlie\u00dflich derer, die einen Link auf unserer Plattform haben, unterliegt den eigenen Regeln und Richtlinien dieser Website. Solche Drittanbieter k\u00f6nnen ihre eigenen Cookies oder andere Methoden verwenden, um Informationen \u00fcber Sie zu sammeln.<\/p>\n\n\n\n<p><strong>COOKIES<\/strong><\/p>\n\n\n\n<p>Hexibella verwendet \"Cookies\", um die Bereiche unserer Website zu identifizieren, die Sie besucht haben. Ein Cookie ist ein kleiner Datensatz, der von Ihrem Webbrowser auf Ihrem Computer oder Mobilger\u00e4t gespeichert wird. Wir verwenden Cookies, um die Leistung und Funktionalit\u00e4t unserer Website zu verbessern, aber sie sind f\u00fcr ihre Nutzung nicht unbedingt erforderlich. Ohne diese Cookies k\u00f6nnten jedoch bestimmte Funktionen wie z.B. Videos nicht verf\u00fcgbar sein, oder Sie m\u00fcssten bei jedem Besuch der Website Ihre Anmeldedaten eingeben, da wir uns nicht daran erinnern k\u00f6nnten, dass Sie sich zuvor angemeldet haben. Die meisten Webbrowser k\u00f6nnen so eingestellt werden, dass sie die Verwendung von Cookies deaktivieren. Wenn Sie jedoch Cookies deaktivieren, k\u00f6nnen Sie m\u00f6glicherweise nicht richtig oder gar nicht auf die Funktionen unserer Website zugreifen. Wir legen niemals pers\u00f6nlich identifizierbare Informationen in Cookies ab.<\/p>\n\n\n\n<p><strong>\u00c4NDERUNGEN AN UNSEREN ALLGEMEINEN GESCH\u00c4FTSBEDINGUNGEN<\/strong><\/p>\n\n\n\n<p>Sie nehmen zur Kenntnis und erkl\u00e4ren sich damit einverstanden, dass Hexibella nach eigenem Ermessen und ohne vorherige Ank\u00fcndigung die Bereitstellung des Dienstes (oder von Funktionen innerhalb des Dienstes) f\u00fcr Sie oder f\u00fcr Nutzer im Allgemeinen (dauerhaft oder vor\u00fcbergehend) einstellen kann. Sie k\u00f6nnen die Nutzung des Dienstes jederzeit einstellen. Sie brauchen Hexibella nicht ausdr\u00fccklich zu informieren, wenn Sie die Nutzung des Service einstellen. Sie nehmen zur Kenntnis und erkl\u00e4ren sich damit einverstanden, dass Sie im Falle einer Deaktivierung des Zugangs zu Ihrem Konto durch Hexibella daran gehindert werden k\u00f6nnen, auf den Service, Ihre Kontodaten oder auf Dateien oder andere Materialien, die in Ihrem Konto enthalten sind, zuzugreifen.<\/p>\n\n\n\n<p>Wenn wir beschlie\u00dfen, unsere Allgemeinen Gesch\u00e4ftsbedingungen zu \u00e4ndern, werden wir diese \u00c4nderungen auf dieser Seite ver\u00f6ffentlichen und\/oder das \u00c4nderungsdatum der Allgemeinen Gesch\u00e4ftsbedingungen unten aktualisieren.<\/p>\n\n\n\n<p><strong>\u00c4NDERUNGEN AN UNSERER WEBSITE<\/strong><\/p>\n\n\n\n<p>Hexibella beh\u00e4lt sich das Recht vor, die Website oder jeden Dienst, mit dem sie verbunden ist, mit oder ohne Vorank\u00fcndigung und ohne Haftung Ihnen gegen\u00fcber vor\u00fcbergehend oder dauerhaft zu \u00e4ndern, auszusetzen oder einzustellen.<\/p>\n\n\n\n<p><strong>UPDATES F\u00dcR UNSERE WEBSITE<\/strong><\/p>\n\n\n\n<p>Hexibella kann von Zeit zu Zeit Erweiterungen oder Verbesserungen der Merkmale\/Funktionalit\u00e4t der Website bereitstellen, wozu Patches, Fehlerbehebungen, Updates, Upgrades und andere \u00c4nderungen geh\u00f6ren k\u00f6nnen (\"Updates\").<\/p>\n\n\n\n<p>Updates k\u00f6nnen bestimmte Merkmale und\/oder Funktionen der Website \u00e4ndern oder l\u00f6schen. Sie erkl\u00e4ren sich damit einverstanden, dass Hexibella nicht verpflichtet ist, (i) Updates zur Verf\u00fcgung zu stellen oder (ii) bestimmte Merkmale und\/oder Funktionen der Website weiterhin f\u00fcr Sie bereitzustellen oder zu aktivieren.<\/p>\n\n\n\n<p>Sie erkl\u00e4ren sich ferner damit einverstanden, dass alle Updates (i) als integraler Bestandteil der Website angesehen werden und (ii) den Bedingungen dieser Vereinbarung unterliegen.<\/p>\n\n\n\n<p><strong>DIENSTLEISTUNGEN DRITTER<\/strong><\/p>\n\n\n\n<p>Wir k\u00f6nnen Inhalte Dritter (einschlie\u00dflich Daten, Informationen, Anwendungen und andere Produktdienste) anzeigen, einbeziehen oder zur Verf\u00fcgung stellen oder Links zu Websites oder Diensten Dritter anbieten (\"Dienste Dritter\").<\/p>\n\n\n\n<p>Sie nehmen zur Kenntnis und erkl\u00e4ren sich damit einverstanden, dass Hexibella nicht f\u00fcr die Dienste Dritter verantwortlich ist, einschlie\u00dflich deren Richtigkeit, Vollst\u00e4ndigkeit, Aktualit\u00e4t, G\u00fcltigkeit, Einhaltung des Urheberrechts, Rechtm\u00e4\u00dfigkeit, Anstand, Qualit\u00e4t oder andere Aspekte davon. Hexibella \u00fcbernimmt weder Ihnen noch einer anderen nat\u00fcrlichen oder juristischen Person gegen\u00fcber irgendeine Haftung oder Verantwortung f\u00fcr die Dienste Dritter.<\/p>\n\n\n\n<p>Die Dienste von Dritten und die Links zu diesen Diensten werden Ihnen lediglich als Annehmlichkeit zur Verf\u00fcgung gestellt. Sie greifen auf diese Dienste zu und nutzen sie auf eigenes Risiko und gem\u00e4\u00df den Gesch\u00e4ftsbedingungen dieser Dritten.<\/p>\n\n\n\n<p><strong>LAUFZEIT UND K\u00dcNDIGUNG<\/strong><\/p>\n\n\n\n<p>Diese Vereinbarung bleibt in Kraft, bis sie von Ihnen oder Hexibella gek\u00fcndigt wird.<\/p>\n\n\n\n<p>Hexibella kann nach eigenem Ermessen jederzeit und ohne Angabe von Gr\u00fcnden diesen Vertrag aussetzen oder k\u00fcndigen.<\/p>\n\n\n\n<p><strong>KONTAKT US<\/strong><\/p>\n\n\n\n<p>Wenn Sie Fragen, Kommentare oder Bedenken haben, wenden Sie sich bitte an uns:<\/p>\n\n\n\n<p><strong>Business Name<\/strong>: Hexibella<\/p>\n\n\n\n<p><strong>Telefon Nummer<\/strong>: +1 (213)-477-3615<\/p>\n\n\n\n<p><strong>E-Mail<\/strong>: support@hexibella.com<\/p>\n\n\n\n<p><strong>Adresse<\/strong>: 10250 Santa Monica Blvd, Los Angeles, CA 90067, Vereinigte Staaten<\/p>\n\n\n\n<p><strong>Betriebszeiten<\/strong>: 9am EST - 5pm EST (Montag-Freitag)<\/p>\n\n\n\n<p><\/p>","protected":false},"excerpt":{"rendered":"<p>Hexibella United States Home Phone Number: +1 (213)-477-3615 Email: support@hexibella.com Address: 10250 Santa Monica Blvd, Los Angeles, CA 90067, United States GENERAL TERMS AND CONDITIONS By accessing and placing an order with Hexibella, you confirm that you agree to and are bound by the service terms contained in the General Terms and Conditions outlined below. [&hellip;]<\/p>\n","protected":false},"author":1,"featured_media":0,"parent":0,"menu_order":13,"comment_status":"closed","ping_status":"closed","template":"","meta":{"_acf_changed":false,"bwfblock_default_font":"","_uag_custom_page_level_css":"","footnotes":""},"class_list":["post-107","page","type-page","status-publish","hentry"],"blocksy_meta":[],"acf":[],"uagb_featured_image_src":{"full":false,"thumbnail":false,"medium":false,"medium_large":false,"large":false,"1536x1536":false,"2048x2048":false,"trp-custom-language-flag":false,"woocommerce_archive_thumbnail":false,"woocommerce_thumbnail":false,"woocommerce_single":false,"woocommerce_gallery_thumbnail":false},"uagb_author_info":{"display_name":"admin","author_link":"https:\/\/hexibella.com\/de\/author\/admin_v6jhkhci\/"},"uagb_comment_info":0,"uagb_excerpt":"Hexibella United States Home Phone Number: +1 (213)-477-3615 Email: support@hexibella.com Address: 10250 Santa Monica Blvd, Los Angeles, CA 90067, United States GENERAL TERMS AND CONDITIONS By accessing and placing an order with Hexibella, you confirm that you agree to and are bound by the service terms contained in the General Terms and Conditions outlined below.&hellip;","_links":{"self":[{"href":"https:\/\/hexibella.com\/de\/wp-json\/wp\/v2\/pages\/107","targetHints":{"allow":["GET"]}}],"collection":[{"href":"https:\/\/hexibella.com\/de\/wp-json\/wp\/v2\/pages"}],"about":[{"href":"https:\/\/hexibella.com\/de\/wp-json\/wp\/v2\/types\/page"}],"author":[{"embeddable":true,"href":"https:\/\/hexibella.com\/de\/wp-json\/wp\/v2\/users\/1"}],"replies":[{"embeddable":true,"href":"https:\/\/hexibella.com\/de\/wp-json\/wp\/v2\/comments?post=107"}],"version-history":[{"count":0,"href":"https:\/\/hexibella.com\/de\/wp-json\/wp\/v2\/pages\/107\/revisions"}],"wp:attachment":[{"href":"https:\/\/hexibella.com\/de\/wp-json\/wp\/v2\/media?parent=107"}],"curies":[{"name":"wp","href":"https:\/\/api.w.org\/{rel}","templated":true}]}}