{"id":4523,"date":"2025-04-03T12:16:00","date_gmt":"2025-04-03T19:16:00","guid":{"rendered":"https:\/\/www.hexibella.com\/product\/bio-collagen-korean-mask\/"},"modified":"2025-05-05T17:49:32","modified_gmt":"2025-05-06T00:49:32","slug":"bio-kollagen-losliche-maske","status":"publish","type":"product","link":"https:\/\/hexibella.com\/de\/produkt\/bio-kollagen-losliche-maske\/","title":{"rendered":"Bio-Collagen L\u00f6sliche Maske"},"content":{"rendered":"<div class=\"wp-block-media-text is-stacked-on-mobile has-palette-color-6-color has-black-background-color has-text-color has-background has-link-color wp-elements-db998df14e33495f3efd5722f42d18ac\" style=\"grid-template-columns:39% auto\"><figure class=\"wp-block-media-text__media\"><img decoding=\"async\" width=\"800\" height=\"801\" src=\"https:\/\/hexibella.com\/wp-content\/uploads\/2025\/03\/929CC99FDA6FA7C7D1C3D39E9F792AA0.jpg\" alt=\"\" class=\"wp-image-4328 size-full\" srcset=\"https:\/\/hexibella.com\/wp-content\/uploads\/2025\/03\/929CC99FDA6FA7C7D1C3D39E9F792AA0.jpg 800w, https:\/\/hexibella.com\/wp-content\/uploads\/2025\/03\/929CC99FDA6FA7C7D1C3D39E9F792AA0-300x300.jpg 300w, https:\/\/hexibella.com\/wp-content\/uploads\/2025\/03\/929CC99FDA6FA7C7D1C3D39E9F792AA0-80x80.jpg 80w, https:\/\/hexibella.com\/wp-content\/uploads\/2025\/03\/929CC99FDA6FA7C7D1C3D39E9F792AA0-150x150.jpg 150w, https:\/\/hexibella.com\/wp-content\/uploads\/2025\/03\/929CC99FDA6FA7C7D1C3D39E9F792AA0-768x769.jpg 768w, https:\/\/hexibella.com\/wp-content\/uploads\/2025\/03\/929CC99FDA6FA7C7D1C3D39E9F792AA0-12x12.jpg 12w\" sizes=\"(max-width: 800px) 100vw, 800px\" \/><\/figure><div class=\"wp-block-media-text__content\">\n<h2 class=\"wp-block-heading has-palette-color-6-color has-text-color has-link-color wp-elements-f6db335600fc5c95ebf3102138fff514\" style=\"font-size:clamp(18.959px, 1.185rem + ((1vw - 3.2px) * 0.863), 30px);\">\"Nacht der N\u00e4chte\" Stephen Curry<\/h2>\n<\/div><\/div>\n\n\n\n<div class=\"wp-block-uagb-slider uagb-block-825d9a63 uagb-slider-container\"><div class=\"uagb-slides uagb-swiper\"><div class=\"swiper-wrapper\">\n<div class=\"wp-block-uagb-slider-child uagb-slider-child-wrap swiper-slide uagb-block-a3898739\"><div class=\"swiper-content\">\n<div class=\"wp-block-essential-blocks-advanced-video  root-eb-advanced-video-f9hxf\"><div class=\"eb-parent-wrapper eb-parent-eb-advanced-video-f9hxf\"><div class=\"eb-advanced-video-wrapper eb-advanced-video-f9hxf none\" data-id=\"eb-advanced-video-f9hxf\"><div class=\"eb-player-wrapper eb-advanced-video-f9hxf\"><div class=\"eb-player-option none right\" data-id=\"eb-advanced-video-f9hxf\" data-url=\"https:\/\/hexibella.com\/wp-content\/uploads\/2025\/05\/0402.mp4\" data-option=\"none\" data-controls=\"false\" data-loop=\"false\" data-muted=\"false\" data-playing=\"false\" data-overlay=\"false\" data-light=\"https:\/\/hexibella.com\/wp-content\/plugins\/essential-blocks\/assets\/images\/adv-video-placeholder.png\" data-customplayicontype=\"image\" data-customplayiconlib=\"fas fa-play-circle\" data-customplayicon=\"true\" data-playicon=\"https:\/\/hexibella.com\/wp-content\/plugins\/essential-blocks\/assets\/images\/adv-video-playicon.svg\" data-download=\"false\"><\/div><\/div><\/div><\/div><\/div>\n<\/div><\/div>\n\n\n\n<div class=\"wp-block-uagb-slider-child uagb-slider-child-wrap swiper-slide uagb-block-5d812ae3\"><div class=\"swiper-content\">\n<div class=\"wp-block-uagb-container uagb-block-e78a9b7f alignfull uagb-is-root-container\"><div class=\"uagb-container-inner-blocks-wrap\">\n<div class=\"wp-block-uagb-info-box uagb-block-cce3e6f6 uagb-infobox__content-wrap  uagb-infobox-icon-above-title uagb-infobox-image-valign-top\"><div class=\"uagb-ifb-content\"><div class=\"uagb-ifb-title-wrap\"><h3 class=\"uagb-ifb-title\">Dia 2<\/h3><\/div><p class=\"uagb-ifb-desc\">Klicken Sie hier, um diesen Text zu \u00e4ndern. Lorem ipsum dolor sit amet, consectetur adipiscing elit. Ut elit tellus, luctus nec ullamcorper mattis, pulvinar dapibus leo.<\/p><div class=\"uagb-ifb-button-wrapper wp-block-button\"><a href=\"#\" class=\"uagb-infobox-cta-link wp-block-button__link\" target=\"_self\" rel=\"noopener noreferrer\" onclick=\"return false;\"><span class=\"uagb-inline-editing\">Mehr lesen<\/span><\/a><\/div><\/div><\/div>\n<\/div><\/div>\n<\/div><\/div>\n\n\n\n<div class=\"wp-block-uagb-slider-child uagb-slider-child-wrap swiper-slide uagb-block-43e6f7d1\"><div class=\"swiper-content\">\n<div class=\"wp-block-uagb-container uagb-block-6eee291c alignfull uagb-is-root-container\"><div class=\"uagb-container-inner-blocks-wrap\">\n<div class=\"wp-block-uagb-info-box uagb-block-c8fe8e22 uagb-infobox__content-wrap  uagb-infobox-icon-above-title uagb-infobox-image-valign-top\"><div class=\"uagb-ifb-content\"><div class=\"uagb-ifb-title-wrap\"><h3 class=\"uagb-ifb-title\">Dia 3<\/h3><\/div><p class=\"uagb-ifb-desc\">Klicken Sie hier, um diesen Text zu \u00e4ndern. Lorem ipsum dolor sit amet, consectetur adipiscing elit. Ut elit tellus, luctus nec ullamcorper mattis, pulvinar dapibus leo.<\/p><div class=\"uagb-ifb-button-wrapper wp-block-button\"><a href=\"#\" class=\"uagb-infobox-cta-link wp-block-button__link\" target=\"_self\" rel=\"noopener noreferrer\" onclick=\"return false;\"><span class=\"uagb-inline-editing\">Mehr lesen<\/span><\/a><\/div><\/div><\/div>\n<\/div><\/div>\n<\/div><\/div>\n<\/div><\/div><div class=\"swiper-pagination\"><\/div><div class=\"swiper-button-prev\"><\/div><div class=\"swiper-button-next\"><\/div><\/div>\n\n\n\n<div class=\"wp-block-uagb-testimonial uagb-slick-carousel uagb-tm__arrow-outside uagb-block-2a04bfe9\"><div class=\"is-carousel uagb-tm__columns-1 uagb-tm__items\"><div class=\"uagb-testimonial__wrap  uagb-tm__imgicon-style-square uagb-tm__image-position-top uagb-tm__bg-type-color\"><div class=\"uagb-tm__content\"><div class=\"uagb-tm__overlay\"><\/div><div class=\"uagb-tm__text-wrap\"><div class=\"uagb-tm__desc\">Hat mehrere W\u00e4schen \u00fcberstanden, ohne zu verblassen. Der Druck sieht immer noch knackig aus. Ich denke tats\u00e4chlich, dass der dickere Stoff besser aussieht, also habe ich einen Hoodie und ein Shirt!!!<\/div><div class=\"uagb-tm__meta-inner\"><div class=\"uagb-testimonial-details\"><span class=\"uagb-tm__author-name\">Patrick O.<\/span><span class=\"uagb-tm__company\">\u2b50\u2b50\u2b50\u2b50\u2b50<\/span><\/div><\/div><\/div><\/div><\/div><div class=\"uagb-testimonial__wrap  uagb-tm__imgicon-style-square uagb-tm__image-position-top uagb-tm__bg-type-color\"><div class=\"uagb-tm__content\"><div class=\"uagb-tm__overlay\"><\/div><div class=\"uagb-tm__text-wrap\"><div class=\"uagb-tm__desc\">Normalerweise bin ich pingelig, was die Passform angeht, aber dieses Hemd trifft es genau. Das Material ist leicht und atmungsaktiv und sollte f\u00fcr den Sommer geeignet sein. Ich hoffe, dass die GSW dieses Jahr durchkommen und Curry noch einmal den MVP der Finals bekommt, bevor er in den Ruhestand geht.<\/div><div class=\"uagb-tm__meta-inner\"><div class=\"uagb-testimonial-details\"><span class=\"uagb-tm__author-name\">DeOntay Z.<\/span><span class=\"uagb-tm__company\">\u2b50\u2b50\u2b50\u2b50\u2b50<\/span><\/div><\/div><\/div><\/div><\/div><div class=\"uagb-testimonial__wrap  uagb-tm__imgicon-style-square uagb-tm__image-position-top uagb-tm__bg-type-color\"><div class=\"uagb-tm__content\"><div class=\"uagb-tm__overlay\"><\/div><div class=\"uagb-tm__text-wrap\"><div class=\"uagb-tm__desc\">Ich habe es auf einer Party getragen und 3 Leute haben mich gefragt, woher ich es habe. Ich liebe es, wie es die Neugierde weckt! Der Stoff f\u00fchlt sich toll an, und die Passform ist auch gut. Wenn Sie eine lockerere Passform bevorzugen, w\u00fcrde ich auf jeden Fall eine Nummer gr\u00f6\u00dfer bestellen.<\/div><div class=\"uagb-tm__meta-inner\"><div class=\"uagb-testimonial-details\"><span class=\"uagb-tm__author-name\">Oliver P.<\/span><span class=\"uagb-tm__company\">\u2b50\u2b50\u2b50\u2b50\u2b50<\/span><\/div><\/div><\/div><\/div><\/div><div class=\"uagb-testimonial__wrap  uagb-tm__imgicon-style-square uagb-tm__image-position-top uagb-tm__bg-type-color\"><div class=\"uagb-tm__content\"><div class=\"uagb-tm__overlay\"><\/div><div class=\"uagb-tm__text-wrap\"><div class=\"uagb-tm__desc\">Los geht's Baby, habe zwei Hemden gekauft und kaufe 2 weitere.<\/div><div class=\"uagb-tm__meta-inner\"><div class=\"uagb-testimonial-details\"><span class=\"uagb-tm__author-name\">Marcus J.<\/span><span class=\"uagb-tm__company\">\u2b50\u2b50\u2b50\u2b50\u2b50<\/span><\/div><\/div><\/div><\/div><\/div><\/div><\/div>\n\n\n\n<div class=\"wp-block-media-text has-media-on-the-right is-stacked-on-mobile has-palette-color-6-color has-black-background-color has-text-color has-background has-link-color wp-elements-7a2896a75df2c8f33cdf755db68c52b6\" style=\"grid-template-columns:auto 40%\"><div class=\"wp-block-media-text__content\">\n<h2 class=\"wp-block-heading has-palette-color-6-color has-text-color has-link-color wp-elements-3192a81f292901694682660e3ad1b794\" style=\"font-size:clamp(18.959px, 1.185rem + ((1vw - 3.2px) * 0.863), 30px);\">100% Reine Baumwolle<\/h2>\n\n\n\n<p class=\"has-palette-color-6-color has-text-color has-link-color has-medium-font-size wp-elements-0dbe942a7f2fbc4fc28638c2a9becd7f\">Wir verwenden kein Polyester oder andere billige Materialien, die deiner Haut schaden und die Langlebigkeit der Kleidung verk\u00fcrzen. Das Shirt tr\u00e4gt die Unterschrift von Curry sowie den Schriftzug <\/p>\n\n\n\n<p class=\"has-palette-color-6-color has-text-color has-link-color has-medium-font-size wp-elements-d653f4de8d965edff336f5185a892178\">\"ENDRUNDE 2022 MVP<\/p>\n\n\n\n<p>ALL STAR GAME MVP AWARD. DREI-PUNKTE-K\u00d6NIG\"<\/p>\n<\/div><figure class=\"wp-block-media-text__media\"><img decoding=\"async\" width=\"800\" height=\"800\" src=\"https:\/\/hexibella.com\/wp-content\/uploads\/2025\/03\/hexibella-006-1.webp\" alt=\"\" class=\"wp-image-4412 size-full\" srcset=\"https:\/\/hexibella.com\/wp-content\/uploads\/2025\/03\/hexibella-006-1.webp 800w, https:\/\/hexibella.com\/wp-content\/uploads\/2025\/03\/hexibella-006-1-300x300.webp 300w, https:\/\/hexibella.com\/wp-content\/uploads\/2025\/03\/hexibella-006-1-80x80.webp 80w, https:\/\/hexibella.com\/wp-content\/uploads\/2025\/03\/hexibella-006-1-150x150.webp 150w, https:\/\/hexibella.com\/wp-content\/uploads\/2025\/03\/hexibella-006-1-768x768.webp 768w, https:\/\/hexibella.com\/wp-content\/uploads\/2025\/03\/hexibella-006-1-12x12.webp 12w\" sizes=\"(max-width: 800px) 100vw, 800px\" \/><\/figure><\/div>\n\n\n\n<div class=\"wp-block-uagb-container uagb-block-2b06e53c alignfull uagb-is-root-container\"><div class=\"uagb-container-inner-blocks-wrap\">\n<div class=\"wp-block-uagb-container uagb-block-9199d8a6\">      \n\t\t\t<div class=\"uagb-icon-wrapper uagb-block-6f00d60d\"\n\t\t\tstyle=\"\" >\n\t\t\t\t\t\t\t\t\t<span class=\"uagb-svg-wrapper\" \n\t\t\t\t\t aria-label=\"Stern\"\t\t\t\t\ttabindex=\"0\">\t\t\n\t\t\t\t\t\t\t\t\t\t<svg xmlns=\"https:\/\/www.w3.org\/2000\/svg\" viewbox= \"0 0 576 512\" role=\"graphics-symbol\" aria-hidden=\"false\" aria-label=\"\"><path d=\"M381.2 150.3L524.9 171.5C536.8 173.2 546.8 181.6 550.6 193.1C554.4 204.7 551.3 217.3 542.7 225.9L438.5 328.1L463.1 474.7C465.1 486.7 460.2 498.9 450.2 506C440.3 513.1 427.2 514 416.5 508.3L288.1 439.8L159.8 508.3C149 514 135.9 513.1 126 506C116.1 498.9 111.1 486.7 113.2 474.7L137.8 328.1L33.58 225.9C24.97 217.3 21.91 204.7 25.69 193.1C29.46 181.6 39.43 173.2 51.42 171.5L195 150.3L259.4 17.97C264.7 6.954 275.9-.0391 288.1-.0391C300.4-.0391 311.6 6.954 316.9 17.97L381.2 150.3z\"><\/path><\/svg>\n\t\t\t\t\t\t\t\t\t<\/span>\n\t\t\t\t\t\t\t<\/div>\n\t\t\t\n\n\n<p class=\"has-text-align-center\">Kaufen Sie 2, erhalten Sie 10% Rabatt. Kaufen Sie 3, erhalten Sie 20% Rabatt<\/p>\n<\/div>\n\n\n\n<div class=\"wp-block-uagb-container uagb-block-9462ebd1\">      \n\t\t\t<div class=\"uagb-icon-wrapper uagb-block-6fd5842f\"\n\t\t\tstyle=\"\" >\n\t\t\t\t\t\t\t\t\t<span class=\"uagb-svg-wrapper\" \n\t\t\t\t\t aria-label=\"Herz\"\t\t\t\t\ttabindex=\"0\">\t\t\n\t\t\t\t\t\t\t\t\t\t<svg xmlns=\"https:\/\/www.w3.org\/2000\/svg\" viewbox= \"0 0 512 512\" role=\"graphics-symbol\" aria-hidden=\"false\" aria-label=\"\"><path d=\"M0 190.9V185.1C0 115.2 50.52 55.58 119.4 44.1C164.1 36.51 211.4 51.37 244 84.02L256 96L267.1 84.02C300.6 51.37 347 36.51 392.6 44.1C461.5 55.58 512 115.2 512 185.1V190.9C512 232.4 494.8 272.1 464.4 300.4L283.7 469.1C276.2 476.1 266.3 480 256 480C245.7 480 235.8 476.1 228.3 469.1L47.59 300.4C17.23 272.1 .0003 232.4 .0003 190.9L0 190.9z\"><\/path><\/svg>\n\t\t\t\t\t\t\t\t\t<\/span>\n\t\t\t\t\t\t\t<\/div>\n\t\t\t\n\n\n<p class=\"has-text-align-center\">Liebe zum Detail, die Sie lieben werden<\/p>\n<\/div>\n\n\n\n<div class=\"wp-block-uagb-container uagb-block-079be91b\">      \n\t\t\t<div class=\"uagb-icon-wrapper uagb-block-fe85c181\"\n\t\t\tstyle=\"\" >\n\t\t\t\t\t\t\t\t\t<span class=\"uagb-svg-wrapper\" \n\t\t\t\t\t aria-label=\"Auszeichnung\"\t\t\t\t\ttabindex=\"0\">\t\t\n\t\t\t\t\t\t\t\t\t\t<svg xmlns=\"https:\/\/www.w3.org\/2000\/svg\" viewbox= \"0 0 384 512\" role=\"graphics-symbol\" aria-hidden=\"false\" aria-label=\"\"><path d=\"M288 358.3c13.98-8.088 17.53-30.04 28.88-41.39c11.35-11.35 33.3-14.88 41.39-28.87c7.98-13.79 .1658-34.54 4.373-50.29C366.7 222.5 383.1 208.5 383.1 192c0-16.5-17.27-30.52-21.34-45.73c-4.207-15.75 3.612-36.5-4.365-50.29c-8.086-13.98-30.03-17.52-41.38-28.87c-11.35-11.35-14.89-33.3-28.87-41.39c-13.79-7.979-34.54-.1637-50.29-4.375C222.5 17.27 208.5 0 192 0C175.5 0 161.5 17.27 146.3 21.34C130.5 25.54 109.8 17.73 95.98 25.7C82 33.79 78.46 55.74 67.11 67.08C55.77 78.43 33.81 81.97 25.72 95.95C17.74 109.7 25.56 130.5 21.35 146.2C17.27 161.5 .0008 175.5 .0008 192c0 16.5 17.27 30.52 21.34 45.73c4.207 15.75-3.615 36.5 4.361 50.29C33.8 302 55.74 305.5 67.08 316.9c11.35 11.35 14.89 33.3 28.88 41.4c13.79 7.979 34.53 .1582 50.28 4.369C161.5 366.7 175.5 384 192 384c16.5 0 30.52-17.27 45.74-21.34C253.5 358.5 274.2 366.3 288 358.3zM112 192c0-44.27 35.81-80 80-80s80 35.73 80 80c0 44.17-35.81 80-80 80S112 236.2 112 192zM1.719 433.2c-3.25 8.188-1.781 17.48 3.875 24.25c5.656 6.75 14.53 9.898 23.12 8.148l45.19-9.035l21.43 42.27C99.46 507 107.6 512 116.7 512c.3438 0 .6641-.0117 1.008-.0273c9.5-.375 17.65-6.082 21.24-14.88l33.58-82.08c-53.71-4.639-102-28.12-138.2-63.95L1.719 433.2zM349.6 351.1c-36.15 35.83-84.45 59.31-138.2 63.95l33.58 82.08c3.594 8.797 11.74 14.5 21.24 14.88C266.6 511.1 266.1 512 267.3 512c9.094 0 17.23-4.973 21.35-13.14l21.43-42.28l45.19 9.035c8.594 1.75 17.47-1.398 23.12-8.148c5.656-6.766 7.125-16.06 3.875-24.25L349.6 351.1z\"><\/path><\/svg>\n\t\t\t\t\t\t\t\t\t<\/span>\n\t\t\t\t\t\t\t<\/div>\n\t\t\t\n\n\n<p class=\"has-text-align-center\">Dicker Stoff verf\u00fcgbar<\/p>\n<\/div>\n\n\n\n<div class=\"wp-block-uagb-container uagb-block-1f89cbc1\">      \n\t\t\t<div class=\"uagb-icon-wrapper uagb-block-91da9303\"\n\t\t\tstyle=\"\" >\n\t\t\t\t\t\t\t\t\t<span class=\"uagb-svg-wrapper\" \n\t\t\t\t\t aria-label=\"Kreis-Check\"\t\t\t\t\ttabindex=\"0\">\t\t\n\t\t\t\t\t\t\t\t\t\t<svg xmlns=\"https:\/\/www.w3.org\/2000\/svg\" viewbox= \"0 0 512 512\" role=\"graphics-symbol\" aria-hidden=\"false\" aria-label=\"\"><path d=\"M0 256C0 114.6 114.6 0 256 0C397.4 0 512 114.6 512 256C512 397.4 397.4 512 256 512C114.6 512 0 397.4 0 256zM371.8 211.8C382.7 200.9 382.7 183.1 371.8 172.2C360.9 161.3 343.1 161.3 332.2 172.2L224 280.4L179.8 236.2C168.9 225.3 151.1 225.3 140.2 236.2C129.3 247.1 129.3 264.9 140.2 275.8L204.2 339.8C215.1 350.7 232.9 350.7 243.8 339.8L371.8 211.8z\"><\/path><\/svg>\n\t\t\t\t\t\t\t\t\t<\/span>\n\t\t\t\t\t\t\t<\/div>\n\t\t\t\n\n\n<p class=\"has-text-align-center\">100% Baumwolle<\/p>\n<\/div>\n<\/div><\/div>\n\n\n\n<div class=\"wp-block-media-text is-stacked-on-mobile has-palette-color-6-color has-black-background-color has-text-color has-background has-link-color wp-elements-e536fbe28415ee853d91ca7f16f4bc4d\" style=\"grid-template-columns:40% auto\"><figure class=\"wp-block-media-text__media\"><img decoding=\"async\" width=\"800\" height=\"800\" src=\"https:\/\/hexibella.com\/wp-content\/uploads\/2025\/03\/hexibella-005-1.webp\" alt=\"\" class=\"wp-image-4411 size-full\" srcset=\"https:\/\/hexibella.com\/wp-content\/uploads\/2025\/03\/hexibella-005-1.webp 800w, https:\/\/hexibella.com\/wp-content\/uploads\/2025\/03\/hexibella-005-1-300x300.webp 300w, https:\/\/hexibella.com\/wp-content\/uploads\/2025\/03\/hexibella-005-1-80x80.webp 80w, https:\/\/hexibella.com\/wp-content\/uploads\/2025\/03\/hexibella-005-1-150x150.webp 150w, https:\/\/hexibella.com\/wp-content\/uploads\/2025\/03\/hexibella-005-1-768x768.webp 768w, https:\/\/hexibella.com\/wp-content\/uploads\/2025\/03\/hexibella-005-1-12x12.webp 12w\" sizes=\"(max-width: 800px) 100vw, 800px\" \/><\/figure><div class=\"wp-block-media-text__content\">\n<h2 class=\"wp-block-heading has-palette-color-6-color has-text-color has-link-color wp-elements-da4dfdacd8496dea3276a0c350be0a18\" style=\"font-size:clamp(18.959px, 1.185rem + ((1vw - 3.2px) * 0.863), 30px);\">Kleidung, die lange h\u00e4lt<\/h2>\n\n\n\n<p class=\"has-palette-color-6-color has-text-color has-link-color has-medium-font-size wp-elements-794eeb019411878b9e8693c2a0e55715\">Unsere Kleidung wird aus hochwertigen Materialien und mit viel Liebe zum Detail hergestellt, damit sie lange h\u00e4lt. Sie werden die Liebe zum Detail und zu den N\u00e4hten lieben!<\/p>\n<\/div><\/div>\n\n\n\n<div class=\"wp-block-uagb-info-box uagb-block-d212a429 uagb-infobox__content-wrap  uagb-infobox-icon-above-title uagb-infobox-image-valign-top\"><div class=\"uagb-ifb-content\"><div class=\"uagb-ifb-icon-wrap\"><svg xmlns=\"https:\/\/hexibella.com\/\/www.w3.org\/2000\/svg\" viewbox=\"0 0 512 512\"><path d=\"M0 190.9V185.1C0 115.2 50.52 55.58 119.4 44.1C164.1 36.51 211.4 51.37 244 84.02L256 96L267.1 84.02C300.6 51.37 347 36.51 392.6 44.1C461.5 55.58 512 115.2 512 185.1V190.9C512 232.4 494.8 272.1 464.4 300.4L283.7 469.1C276.2 476.1 266.3 480 256 480C245.7 480 235.8 476.1 228.3 469.1L47.59 300.4C17.23 272.1 .0003 232.4 .0003 190.9L0 190.9z\"><\/path><\/svg><\/div><div class=\"uagb-ifb-title-wrap\"><h3 class=\"uagb-ifb-title\">Unsere Garantie<\/h3><\/div><p class=\"uagb-ifb-desc\">Wir bieten Ihnen ein 30-t\u00e4giges R\u00fcckgaberecht ohne Fragen, damit Sie sich keine Sorgen um Ihren Kauf machen m\u00fcssen. Wenn Sie Fragen oder Bedenken haben, wenden Sie sich bitte an unseren Kundendienst unter support@hexibella.com<\/p><\/div><\/div>\n\n\n\n<div class=\"wp-block-uagb-advanced-heading uagb-block-5c408e91\"><h2 class=\"uagb-heading-text\">H\u00e4ufig gestellte Fragen<\/h2><\/div>\n\n\n<div class=\"wp-block-uagb-faq uagb-faq__outer-wrap uagb-block-edb52445 uagb-faq-icon-row uagb-faq-layout-accordion uagb-faq-expand-first-false uagb-faq-inactive-other-true uagb-faq__wrap uagb-buttons-layout-wrap uagb-faq-equal-height\" data-faqtoggle=\"true\" role=\"tablist\"><div class=\"wp-block-uagb-faq-child uagb-faq-child__outer-wrap uagb-faq-item uagb-block-898a77c6\" role=\"tab\" tabindex=\"0\"><div class=\"uagb-faq-questions-button uagb-faq-questions\">\t\t\t<span class=\"uagb-icon uagb-faq-icon-wrap\">\n\t\t\t\t\t\t\t\t<svg xmlns=\"https:\/\/www.w3.org\/2000\/svg\" viewbox= \"0 0 448 512\"><path d=\"M432 256c0 17.69-14.33 32.01-32 32.01H256v144c0 17.69-14.33 31.99-32 31.99s-32-14.3-32-31.99v-144H48c-17.67 0-32-14.32-32-32.01s14.33-31.99 32-31.99H192v-144c0-17.69 14.33-32.01 32-32.01s32 14.32 32 32.01v144h144C417.7 224 432 238.3 432 256z\"><\/path><\/svg>\n\t\t\t\t\t\t\t<\/span>\n\t\t\t\t\t\t<span class=\"uagb-icon-active uagb-faq-icon-wrap\">\n\t\t\t\t\t\t\t\t<svg xmlns=\"https:\/\/www.w3.org\/2000\/svg\" viewbox= \"0 0 448 512\"><path d=\"M400 288h-352c-17.69 0-32-14.32-32-32.01s14.31-31.99 32-31.99h352c17.69 0 32 14.3 32 31.99S417.7 288 400 288z\"><\/path><\/svg>\n\t\t\t\t\t\t\t<\/span>\n\t\t\t<span class=\"uagb-question\">Ist der Versand kostenlos? Wie lange wird es dauern?<\/span><\/div><div class=\"uagb-faq-content\"><p>Unsere Versandkosten sind im Preis inbegriffen und der Versand dauert 5-9 Werktage in die meisten L\u00e4nder der Welt. <\/p><\/div><\/div><div class=\"wp-block-uagb-faq-child uagb-faq-child__outer-wrap uagb-faq-item uagb-block-6349a889\" role=\"tab\" tabindex=\"0\"><div class=\"uagb-faq-questions-button uagb-faq-questions\">\t\t\t<span class=\"uagb-icon uagb-faq-icon-wrap\">\n\t\t\t\t\t\t\t\t<svg xmlns=\"https:\/\/www.w3.org\/2000\/svg\" viewbox= \"0 0 448 512\"><path d=\"M432 256c0 17.69-14.33 32.01-32 32.01H256v144c0 17.69-14.33 31.99-32 31.99s-32-14.3-32-31.99v-144H48c-17.67 0-32-14.32-32-32.01s14.33-31.99 32-31.99H192v-144c0-17.69 14.33-32.01 32-32.01s32 14.32 32 32.01v144h144C417.7 224 432 238.3 432 256z\"><\/path><\/svg>\n\t\t\t\t\t\t\t<\/span>\n\t\t\t\t\t\t<span class=\"uagb-icon-active uagb-faq-icon-wrap\">\n\t\t\t\t\t\t\t\t<svg xmlns=\"https:\/\/www.w3.org\/2000\/svg\" viewbox= \"0 0 448 512\"><path d=\"M400 288h-352c-17.69 0-32-14.32-32-32.01s14.31-31.99 32-31.99h352c17.69 0 32 14.3 32 31.99S417.7 288 400 288z\"><\/path><\/svg>\n\t\t\t\t\t\t\t<\/span>\n\t\t\t<span class=\"uagb-question\">Haben Sie eine Geld-zur\u00fcck-Garantie?<\/span><\/div><div class=\"uagb-faq-content\"><p>Ja! Wir bieten Ihnen eine kostenlose R\u00fcckgabe f\u00fcr 30 Tage auf alle Bestellungen.<\/p><\/div><\/div><div class=\"wp-block-uagb-faq-child uagb-faq-child__outer-wrap uagb-faq-item uagb-block-8e3db11c\" role=\"tab\" tabindex=\"0\"><div class=\"uagb-faq-questions-button uagb-faq-questions\">\t\t\t<span class=\"uagb-icon uagb-faq-icon-wrap\">\n\t\t\t\t\t\t\t\t<svg xmlns=\"https:\/\/www.w3.org\/2000\/svg\" viewbox= \"0 0 448 512\"><path d=\"M432 256c0 17.69-14.33 32.01-32 32.01H256v144c0 17.69-14.33 31.99-32 31.99s-32-14.3-32-31.99v-144H48c-17.67 0-32-14.32-32-32.01s14.33-31.99 32-31.99H192v-144c0-17.69 14.33-32.01 32-32.01s32 14.32 32 32.01v144h144C417.7 224 432 238.3 432 256z\"><\/path><\/svg>\n\t\t\t\t\t\t\t<\/span>\n\t\t\t\t\t\t<span class=\"uagb-icon-active uagb-faq-icon-wrap\">\n\t\t\t\t\t\t\t\t<svg xmlns=\"https:\/\/www.w3.org\/2000\/svg\" viewbox= \"0 0 448 512\"><path d=\"M400 288h-352c-17.69 0-32-14.32-32-32.01s14.31-31.99 32-31.99h352c17.69 0 32 14.3 32 31.99S417.7 288 400 288z\"><\/path><\/svg>\n\t\t\t\t\t\t\t<\/span>\n\t\t\t<span class=\"uagb-question\">Sind meine Zahlungsinformationen sicher?<\/span><\/div><div class=\"uagb-faq-content\"><p>Ihre Zahlungsinformationen sind vollst\u00e4ndig verschl\u00fcsselt und sicher. Wir verwenden Stripe und PayPal, um Transaktionen abzuwickeln. Beide Dienste verwenden fortschrittliche Verschl\u00fcsselungstechniken, um die Sicherheit Ihrer Zahlungsdaten zu gew\u00e4hrleisten.<\/p><\/div><\/div><div class=\"wp-block-uagb-faq-child uagb-faq-child__outer-wrap uagb-faq-item uagb-block-7229b0cf\" role=\"tab\" tabindex=\"0\"><div class=\"uagb-faq-questions-button uagb-faq-questions\">\t\t\t<span class=\"uagb-icon uagb-faq-icon-wrap\">\n\t\t\t\t\t\t\t\t<svg xmlns=\"https:\/\/www.w3.org\/2000\/svg\" viewbox= \"0 0 448 512\"><path d=\"M432 256c0 17.69-14.33 32.01-32 32.01H256v144c0 17.69-14.33 31.99-32 31.99s-32-14.3-32-31.99v-144H48c-17.67 0-32-14.32-32-32.01s14.33-31.99 32-31.99H192v-144c0-17.69 14.33-32.01 32-32.01s32 14.32 32 32.01v144h144C417.7 224 432 238.3 432 256z\"><\/path><\/svg>\n\t\t\t\t\t\t\t<\/span>\n\t\t\t\t\t\t<span class=\"uagb-icon-active uagb-faq-icon-wrap\">\n\t\t\t\t\t\t\t\t<svg xmlns=\"https:\/\/www.w3.org\/2000\/svg\" viewbox= \"0 0 448 512\"><path d=\"M400 288h-352c-17.69 0-32-14.32-32-32.01s14.31-31.99 32-31.99h352c17.69 0 32 14.3 32 31.99S417.7 288 400 288z\"><\/path><\/svg>\n\t\t\t\t\t\t\t<\/span>\n\t\t\t<span class=\"uagb-question\">Kann ich meine Bestellung verfolgen?<\/span><\/div><div class=\"uagb-faq-content\"><p>Ja. Sobald die Bestellung versandt wurde, senden wir Ihnen eine E-Mail mit dem Status Ihrer Bestellung und einer Tracking-Nummer.<\/p><\/div><\/div><\/div>","protected":false},"excerpt":{"rendered":"<p>&#8220;Night Night&#8221; Stephen Curry 100% Pure Cotton We do not use polyester or any cheap materials that harm your skin and shorten the apparel&#8217;s longevity. The shirt has curry&#8217;s signature as well as text saying &#8220;2022 FINALS MVP ALL STAR GAME MVP AWARD. THREE POINT KING&#8221; Buy Any 2, Get 10% Off. Buy 3, Get [&hellip;]<\/p>\n","protected":false},"featured_media":4513,"template":"","meta":{"_acf_changed":false,"bwfblock_default_font":"","_uag_custom_page_level_css":""},"product_brand":[],"product_cat":[61],"product_tag":[],"class_list":{"0":"post-4523","1":"product","2":"type-product","3":"status-publish","4":"has-post-thumbnail","6":"product_cat-beauty","8":"first","9":"instock","10":"taxable","11":"shipping-taxable","12":"purchasable","13":"product-type-variable"},"acf":[],"uagb_featured_image_src":{"full":["https:\/\/hexibella.com\/wp-content\/uploads\/2025\/04\/ee14599d-870c-4fc0-ab81-821fa2d51484.jpg",800,800,false],"thumbnail":["https:\/\/hexibella.com\/wp-content\/uploads\/2025\/04\/ee14599d-870c-4fc0-ab81-821fa2d51484-150x150.jpg",150,150,true],"medium":["https:\/\/hexibella.com\/wp-content\/uploads\/2025\/04\/ee14599d-870c-4fc0-ab81-821fa2d51484-300x300.jpg",300,300,true],"medium_large":["https:\/\/hexibella.com\/wp-content\/uploads\/2025\/04\/ee14599d-870c-4fc0-ab81-821fa2d51484-768x768.jpg",768,768,true],"large":["https:\/\/hexibella.com\/wp-content\/uploads\/2025\/04\/ee14599d-870c-4fc0-ab81-821fa2d51484.jpg",800,800,false],"1536x1536":["https:\/\/hexibella.com\/wp-content\/uploads\/2025\/04\/ee14599d-870c-4fc0-ab81-821fa2d51484.jpg",800,800,false],"2048x2048":["https:\/\/hexibella.com\/wp-content\/uploads\/2025\/04\/ee14599d-870c-4fc0-ab81-821fa2d51484.jpg",800,800,false],"trp-custom-language-flag":["https:\/\/hexibella.com\/wp-content\/uploads\/2025\/04\/ee14599d-870c-4fc0-ab81-821fa2d51484-12x12.jpg",12,12,true],"woocommerce_archive_thumbnail":["https:\/\/hexibella.com\/wp-content\/uploads\/2025\/04\/ee14599d-870c-4fc0-ab81-821fa2d51484-300x300.jpg",300,300,true],"woocommerce_thumbnail":["https:\/\/hexibella.com\/wp-content\/uploads\/2025\/04\/ee14599d-870c-4fc0-ab81-821fa2d51484-300x300.jpg",300,300,true],"woocommerce_single":["https:\/\/hexibella.com\/wp-content\/uploads\/2025\/04\/ee14599d-870c-4fc0-ab81-821fa2d51484.jpg",800,800,false],"woocommerce_gallery_thumbnail":["https:\/\/hexibella.com\/wp-content\/uploads\/2025\/04\/ee14599d-870c-4fc0-ab81-821fa2d51484-80x80.jpg",80,80,true]},"uagb_author_info":{"display_name":"admin","author_link":"https:\/\/hexibella.com\/de\/author\/"},"uagb_comment_info":0,"uagb_excerpt":"&#8220;Night Night&#8221; Stephen Curry 100% Pure Cotton We do not use polyester or any cheap materials that harm your skin and shorten the apparel&#8217;s longevity. The shirt has curry&#8217;s signature as well as text saying &#8220;2022 FINALS MVP ALL STAR GAME MVP AWARD. THREE POINT KING&#8221; Buy Any 2, Get 10% Off. Buy 3, Get&hellip;","_links":{"self":[{"href":"https:\/\/hexibella.com\/de\/wp-json\/wp\/v2\/product\/4523","targetHints":{"allow":["GET"]}}],"collection":[{"href":"https:\/\/hexibella.com\/de\/wp-json\/wp\/v2\/product"}],"about":[{"href":"https:\/\/hexibella.com\/de\/wp-json\/wp\/v2\/types\/product"}],"wp:featuredmedia":[{"embeddable":true,"href":"https:\/\/hexibella.com\/de\/wp-json\/wp\/v2\/media\/4513"}],"wp:attachment":[{"href":"https:\/\/hexibella.com\/de\/wp-json\/wp\/v2\/media?parent=4523"}],"wp:term":[{"taxonomy":"product_brand","embeddable":true,"href":"https:\/\/hexibella.com\/de\/wp-json\/wp\/v2\/product_brand?post=4523"},{"taxonomy":"product_cat","embeddable":true,"href":"https:\/\/hexibella.com\/de\/wp-json\/wp\/v2\/product_cat?post=4523"},{"taxonomy":"product_tag","embeddable":true,"href":"https:\/\/hexibella.com\/de\/wp-json\/wp\/v2\/product_tag?post=4523"}],"curies":[{"name":"wp","href":"https:\/\/api.w.org\/{rel}","templated":true}]}}