{"id":107,"date":"2024-11-08T14:53:50","date_gmt":"2024-11-08T21:53:50","guid":{"rendered":"https:\/\/hexibella.com\/?page_id=107"},"modified":"2025-01-22T14:18:50","modified_gmt":"2025-01-22T21:18:50","slug":"condiciones-del-servicio","status":"publish","type":"page","link":"https:\/\/hexibella.com\/es\/condiciones-del-servicio\/","title":{"rendered":"Condiciones de servicio"},"content":{"rendered":"<p>Hexibella<\/p>\n\n\n\n<p>Estados Unidos<\/p>\n\n\n\n<p><a href=\"https:\/\/hexibella-com\/es\/hexibella-com\/\">Hogar<\/a><\/p>\n\n\n\n<p><strong>N\u00famero de tel\u00e9fono<\/strong>: +1 (213)-477-3615<\/p>\n\n\n\n<p><strong>Correo electr\u00f3nico<\/strong>: support@hexibella.com<\/p>\n\n\n\n<p><strong>Direcci\u00f3n<\/strong>: 10250 Santa Monica Blvd, Los Angeles, CA 90067, Estados Unidos<\/p>\n\n\n\n<p><strong>CONDICIONES GENERALES<\/strong><\/p>\n\n\n\n<p>Al acceder y realizar un pedido a Hexibella, usted confirma que acepta y queda vinculado por las condiciones de servicio contenidas en los T\u00e9rminos y Condiciones Generales que se detallan a continuaci\u00f3n. Estos t\u00e9rminos se aplican a todo el sitio web y a cualquier correo electr\u00f3nico u otra forma de comunicaci\u00f3n entre usted y Hexibella.<\/p>\n\n\n\n<p>Bajo ninguna circunstancia el equipo Hexibella ser\u00e1 responsable de cualquier da\u00f1o directo, indirecto, especial, incidental o consecuente, incluyendo pero no limitado a la p\u00e9rdida de datos o beneficios, que surjan del uso o la imposibilidad de uso de los materiales de este sitio web, incluso si el equipo Hexibella o un representante autorizado ha sido notificado de la posibilidad de tales da\u00f1os. Si el uso que usted haga de los materiales de este sitio da lugar a la necesidad de mantenimiento, reparaci\u00f3n o correcci\u00f3n de equipos o datos, usted asume cualquier coste derivado de ello.<\/p>\n\n\n\n<p>Hexibella no se hace responsable de los resultados que puedan producirse durante el uso de nuestros recursos. Nos reservamos el derecho de cambiar los precios y revisar la pol\u00edtica de uso de los recursos en cualquier momento.<\/p>\n\n\n\n<p><strong>LICENCIA<\/strong><\/p>\n\n\n\n<p>Hexibella le concede una licencia revocable, no exclusiva, intransferible y limitada para descargar, instalar y utilizar el sitio web estrictamente de acuerdo con los t\u00e9rminos de este Acuerdo.<\/p>\n\n\n\n<p>Las presentes Condiciones Generales constituyen un contrato entre usted y Hexibella (denominada en estas Condiciones Generales \"Hexibella\", \"nosotros\", \"nos\" o \"nuestro\"), el proveedor del sitio web de Hexibella y de los servicios accesibles desde el sitio web de Hexibella (denominados colectivamente en estas Condiciones Generales el \"Servicio Hexibella\").<\/p>\n\n\n\n<p>Usted acepta someterse a estas Condiciones Generales. Si no est\u00e1 de acuerdo con estos T\u00e9rminos y Condiciones Generales, no utilice el Servicio Hexibella. En estos T\u00e9rminos y Condiciones Generales, \"usted\" se refiere tanto a usted como individuo como a la entidad que usted representa. Si usted viola cualquiera de estos T\u00e9rminos y Condiciones Generales, nos reservamos el derecho de cancelar su cuenta o bloquear el acceso a su cuenta sin previo aviso.<\/p>\n\n\n\n<p><strong>DEFINICIONES Y T\u00c9RMINOS CLAVE<\/strong><\/p>\n\n\n\n<p>Para ayudar a explicar las cosas lo m\u00e1s claramente posible en estas Condiciones Generales, cada vez que se hace referencia a cualquiera de estos t\u00e9rminos, se definen estrictamente como:<\/p>\n\n\n\n<p>- Cookie: peque\u00f1a cantidad de datos generada por un sitio web y guardada por su navegador. Se utiliza para identificar su navegador, proporcionar an\u00e1lisis y recordar informaci\u00f3n sobre usted, como su preferencia de idioma o sus datos de acceso.<\/p>\n\n\n\n<p>- Empresa: cuando esta pol\u00edtica menciona \"Empresa\", \"nosotros\", \"nos\" o \"nuestro\", se refiere a Hexibella, 10250 Santa Monica Blvd, Los Angeles, CA 90067, Estados Unidos.&nbsp;<\/p>\n\n\n\n<p>que es responsable de su informaci\u00f3n en virtud de las presentes Condiciones Generales.<\/p>\n\n\n\n<p>- Pa\u00eds: donde Hexibella o los propietarios\/fundadores de Hexibella tienen su sede, en este caso, Estados Unidos.<\/p>\n\n\n\n<p>- Dispositivo: cualquier dispositivo conectado a Internet, como un tel\u00e9fono, una tableta, un ordenador o cualquier otro dispositivo que pueda utilizarse para visitar Hexibella y utilizar los servicios.<\/p>\n\n\n\n<p>- Servicio: se refiere al servicio prestado por Hexibella tal y como se describe en las condiciones relativas (si est\u00e1n disponibles) y en esta plataforma.<\/p>\n\n\n\n<p>- Servicio de terceros: se refiere a anunciantes, patrocinadores de concursos, socios promocionales y de marketing, y otros que proporcionan nuestro contenido o cuyos productos o servicios pensamos que pueden interesarle.<\/p>\n\n\n\n<p>- P\u00e1gina web: El sitio de Hexibella, al que se puede acceder a trav\u00e9s de esta URL: https:\/\/hexibella.com\/\/hexibella.com<\/p>\n\n\n\n<p>- Usted: una persona o entidad que est\u00e1 registrada en Hexibella para utilizar los Servicios.<\/p>\n\n\n\n<p><strong>RESTRICCIONES<\/strong><\/p>\n\n\n\n<p>Usted se compromete a no hacerlo y no permitir\u00e1 que otros lo hagan:<\/p>\n\n\n\n<p>- Licenciar, vender, alquilar, arrendar, ceder, distribuir, transmitir, alojar, subcontratar, divulgar o explotar comercialmente de cualquier otro modo el sitio web o poner la plataforma a disposici\u00f3n de terceros.<\/p>\n\n\n\n<p>- Modificar, realizar trabajos derivados, desensamblar, descifrar, compilar de forma inversa o aplicar ingenier\u00eda inversa a cualquier parte del sitio web.<\/p>\n\n\n\n<p>- Eliminar, alterar u ocultar cualquier aviso de propiedad (incluyendo cualquier aviso de derechos de autor o marca registrada) de Hexibella o sus afiliados, socios, proveedores o licenciantes del sitio web.<\/p>\n\n\n\n<p><strong>POL\u00cdTICA DE DEVOLUCIONES Y REEMBOLSOS<\/strong><\/p>\n\n\n\n<p>Gracias por comprar en Hexibella. Apreciamos que le guste comprar las cosas que fabricamos. Tambi\u00e9n queremos asegurarnos de que tenga una experiencia gratificante mientras explora, eval\u00faa y compra nuestros productos.<\/p>\n\n\n\n<p>Como en cualquier experiencia de compra, hay t\u00e9rminos y condiciones que se aplican a las transacciones en Hexibella. Seremos tan breves como nos permitan nuestros abogados. Lo principal a recordar es que al realizar un pedido o una compra en Hexibella, usted acepta los t\u00e9rminos establecidos a continuaci\u00f3n junto con la Pol\u00edtica de Privacidad de Hexibella.<\/p>\n\n\n\n<p>Si, por cualquier motivo, no est\u00e1 completamente satisfecho con cualquier bien o servicio que le proporcionemos, no dude en ponerse en contacto con nosotros y trataremos cualquier problema que tenga con nuestro producto.<\/p>\n\n\n\n<p><strong>TUS SUGERENCIAS<\/strong><\/p>\n\n\n\n<p>Cualquier retroalimentaci\u00f3n, comentario, idea, mejora o sugerencia (colectivamente, \"Sugerencias\") proporcionada por usted a Hexibella con respecto al sitio web seguir\u00e1 siendo propiedad \u00fanica y exclusiva de Hexibella.<\/p>\n\n\n\n<p>Hexibella ser\u00e1 libre de usar, copiar, modificar, publicar o redistribuir las Sugerencias para cualquier prop\u00f3sito y de cualquier manera sin ning\u00fan cr\u00e9dito o compensaci\u00f3n para usted.<\/p>\n\n\n\n<p><strong>SU CONSENTIMIENTO<\/strong><\/p>\n\n\n\n<p>Hemos actualizado nuestras Condiciones Generales para ofrecerle total transparencia sobre lo que se establece cuando visita nuestro sitio y c\u00f3mo se utiliza. Al utilizar nuestro sitio web, registrar una cuenta o realizar una compra, usted acepta nuestras Condiciones Generales.<\/p>\n\n\n\n<p><strong>ENLACES A OTROS SITIOS WEB<\/strong><\/p>\n\n\n\n<p>Estas Condiciones Generales se aplican \u00fanicamente a los Servicios. Los Servicios pueden contener enlaces a otros sitios web no operados o controlados por Hexibella. No nos hacemos responsables del contenido, exactitud u opiniones expresadas en dichos sitios web, y no investigamos, supervisamos ni comprobamos la exactitud o integridad de los mismos. Recuerde que cuando utilice un enlace para ir de los Servicios a otro sitio web, nuestras Condiciones Generales dejar\u00e1n de estar vigentes. Su navegaci\u00f3n e interacci\u00f3n en cualquier otro sitio web, incluidos los que tienen un enlace en nuestra plataforma, est\u00e1 sujeta a las propias normas y pol\u00edticas de ese sitio web. Estos terceros pueden utilizar sus propias cookies u otros m\u00e9todos para recopilar informaci\u00f3n sobre usted.<\/p>\n\n\n\n<p><strong>COOKIES<\/strong><\/p>\n\n\n\n<p>Hexibella utiliza \"Cookies\" para identificar las \u00e1reas de nuestro sitio web que usted ha visitado. Una \"Cookie\" es un peque\u00f1o fragmento de datos almacenado en su ordenador o dispositivo m\u00f3vil por su navegador web. Utilizamos Cookies para mejorar el rendimiento y la funcionalidad de nuestro sitio web, pero su uso no es esencial. Sin embargo, sin estas cookies, algunas funciones como los v\u00eddeos podr\u00edan no estar disponibles, o se le pedir\u00eda que introdujera sus datos de acceso cada vez que visite el sitio web, ya que no podr\u00edamos recordar que hab\u00eda iniciado sesi\u00f3n anteriormente. La mayor\u00eda de los navegadores pueden desactivar el uso de cookies. Sin embargo, si desactiva las cookies, es posible que no pueda acceder a las funciones de nuestro sitio web correctamente o en absoluto. Nunca introducimos informaci\u00f3n personal identificable en las cookies.<\/p>\n\n\n\n<p><strong>CAMBIOS EN NUESTRAS CONDICIONES GENERALES<\/strong><\/p>\n\n\n\n<p>Usted reconoce y acepta que Hexibella puede dejar de proporcionarle (permanente o temporalmente) el Servicio (o cualquier caracter\u00edstica dentro del Servicio) a usted o a los usuarios en general a la sola discreci\u00f3n de Hexibella, sin previo aviso. Puede dejar de utilizar el Servicio en cualquier momento. No necesita informar espec\u00edficamente a Hexibella cuando deje de utilizar el Servicio. Usted reconoce y acepta que si Hexibella desactiva el acceso a su cuenta, es posible que se le impida acceder al Servicio, a los detalles de su cuenta o a cualquier archivo u otro material que contenga su cuenta.<\/p>\n\n\n\n<p>Si decidimos modificar nuestras Condiciones Generales, publicaremos dichos cambios en esta p\u00e1gina y\/o actualizaremos la fecha de modificaci\u00f3n de las Condiciones Generales que figura a continuaci\u00f3n.<\/p>\n\n\n\n<p><strong>MODIFICACIONES DE NUESTRO SITIO WEB<\/strong><\/p>\n\n\n\n<p>Hexibella se reserva el derecho a modificar, suspender o interrumpir, temporal o permanentemente, el sitio web o cualquier servicio al que se conecte, con o sin previo aviso y sin responsabilidad hacia usted.<\/p>\n\n\n\n<p><strong>ACTUALIZACIONES DE NUESTRO SITIO WEB<\/strong><\/p>\n\n\n\n<p>Hexibella puede proporcionar de vez en cuando mejoras en las caracter\u00edsticas\/funcionalidad del sitio web, que pueden incluir parches, correcciones de errores, actualizaciones, mejoras y otras modificaciones (\"Actualizaciones\").<\/p>\n\n\n\n<p>Las Actualizaciones pueden modificar o eliminar ciertas caracter\u00edsticas y\/o funcionalidades del sitio web. Usted acepta que Hexibella no tiene obligaci\u00f3n alguna de (i) proporcionarle Actualizaciones o (ii) seguir proporcion\u00e1ndole o habilit\u00e1ndole caracter\u00edsticas y\/o funcionalidades concretas del sitio web.<\/p>\n\n\n\n<p>Asimismo, acepta que todas las Actualizaciones (i) se considerar\u00e1n parte integrante del sitio web y (ii) estar\u00e1n sujetas a los t\u00e9rminos y condiciones del presente Contrato.<\/p>\n\n\n\n<p><strong>SERVICIOS DE TERCEROS<\/strong><\/p>\n\n\n\n<p>Podemos mostrar, incluir o poner a disposici\u00f3n contenidos de terceros (incluidos datos, informaci\u00f3n, aplicaciones y otros servicios de productos) o proporcionar enlaces a sitios web o servicios de terceros (\"Servicios de terceros\").<\/p>\n\n\n\n<p>Usted reconoce y acepta que Hexibella no ser\u00e1 responsable de ning\u00fan Servicio de Terceros, incluyendo su exactitud, integridad, puntualidad, validez, cumplimiento de los derechos de autor, legalidad, decencia, calidad o cualquier otro aspecto de los mismos. Hexibella no asume y no tendr\u00e1 ninguna obligaci\u00f3n o responsabilidad hacia usted o cualquier otra persona o entidad por cualquier Servicio de Terceros.<\/p>\n\n\n\n<p>Los Servicios de Terceros y los enlaces a los mismos se proporcionan \u00fanicamente para su comodidad, y usted accede a ellos y los utiliza por su cuenta y riesgo, sujeto a los t\u00e9rminos y condiciones de dichos terceros.<\/p>\n\n\n\n<p><strong>DURACI\u00d3N Y RESCISI\u00d3N<\/strong><\/p>\n\n\n\n<p>El presente Acuerdo permanecer\u00e1 en vigor hasta que usted o Hexibella lo rescindan.<\/p>\n\n\n\n<p>Hexibella podr\u00e1, a su entera discreci\u00f3n, en cualquier momento y por cualquier motivo, suspender o rescindir el presente Acuerdo.<\/p>\n\n\n\n<p><strong>CONT\u00c1CTENOS<\/strong><\/p>\n\n\n\n<p>Si tiene preguntas, comentarios o inquietudes, comun\u00edquese con nosotros a:<\/p>\n\n\n\n<p><strong>Nombre comercial<\/strong>: Hexibella<\/p>\n\n\n\n<p><strong>N\u00famero de tel\u00e9fono<\/strong>: +1 (213)-477-3615<\/p>\n\n\n\n<p><strong>Correo electr\u00f3nico<\/strong>: support@hexibella.com<\/p>\n\n\n\n<p><strong>Direcci\u00f3n<\/strong>: 10250 Santa Monica Blvd, Los Angeles, CA 90067, Estados Unidos<\/p>\n\n\n\n<p><strong>Horario de atenci\u00f3n al p\u00fablico<\/strong>9.00 h EST - 17.00 h EST (de lunes a viernes)<\/p>\n\n\n\n<p><\/p>","protected":false},"excerpt":{"rendered":"<p>Hexibella United States Home Phone Number: +1 (213)-477-3615 Email: support@hexibella.com Address: 10250 Santa Monica Blvd, Los Angeles, CA 90067, United States GENERAL TERMS AND CONDITIONS By accessing and placing an order with Hexibella, you confirm that you agree to and are bound by the service terms contained in the General Terms and Conditions outlined below. [&hellip;]<\/p>\n","protected":false},"author":1,"featured_media":0,"parent":0,"menu_order":13,"comment_status":"closed","ping_status":"closed","template":"","meta":{"_acf_changed":false,"bwfblock_default_font":"","_uag_custom_page_level_css":"","footnotes":""},"class_list":["post-107","page","type-page","status-publish","hentry"],"blocksy_meta":[],"acf":[],"uagb_featured_image_src":{"full":false,"thumbnail":false,"medium":false,"medium_large":false,"large":false,"1536x1536":false,"2048x2048":false,"trp-custom-language-flag":false,"woocommerce_archive_thumbnail":false,"woocommerce_thumbnail":false,"woocommerce_single":false,"woocommerce_gallery_thumbnail":false},"uagb_author_info":{"display_name":"admin","author_link":"https:\/\/hexibella.com\/es\/author\/admin_v6jhkhci\/"},"uagb_comment_info":0,"uagb_excerpt":"Hexibella United States Home Phone Number: +1 (213)-477-3615 Email: support@hexibella.com Address: 10250 Santa Monica Blvd, Los Angeles, CA 90067, United States GENERAL TERMS AND CONDITIONS By accessing and placing an order with Hexibella, you confirm that you agree to and are bound by the service terms contained in the General Terms and Conditions outlined below.&hellip;","_links":{"self":[{"href":"https:\/\/hexibella.com\/es\/wp-json\/wp\/v2\/pages\/107","targetHints":{"allow":["GET"]}}],"collection":[{"href":"https:\/\/hexibella.com\/es\/wp-json\/wp\/v2\/pages"}],"about":[{"href":"https:\/\/hexibella.com\/es\/wp-json\/wp\/v2\/types\/page"}],"author":[{"embeddable":true,"href":"https:\/\/hexibella.com\/es\/wp-json\/wp\/v2\/users\/1"}],"replies":[{"embeddable":true,"href":"https:\/\/hexibella.com\/es\/wp-json\/wp\/v2\/comments?post=107"}],"version-history":[{"count":0,"href":"https:\/\/hexibella.com\/es\/wp-json\/wp\/v2\/pages\/107\/revisions"}],"wp:attachment":[{"href":"https:\/\/hexibella.com\/es\/wp-json\/wp\/v2\/media?parent=107"}],"curies":[{"name":"Gracias","href":"https:\/\/api.w.org\/{rel}","templated":true}]}}