{"id":1479,"date":"2024-12-03T15:18:43","date_gmt":"2024-12-03T22:18:43","guid":{"rendered":"https:\/\/www.hexibella.com\/lets-keep-in-touch\/"},"modified":"2024-12-03T15:18:43","modified_gmt":"2024-12-03T22:18:43","slug":"sigamos-en-contacto","status":"publish","type":"page","link":"https:\/\/hexibella.com\/es\/sigamos-en-contacto\/","title":{"rendered":"Manteng\u00e1monos en contacto"},"content":{"rendered":"<p>Hola <span id=\"bwfan_contact_name\">John<\/span> <\/p>\n<p>Ay\u00fadenos a mejorar su experiencia con nosotros a trav\u00e9s de una mejor comunicaci\u00f3n. Ajuste sus preferencias de correo electr\u00f3nico <span id=\"bwfan_contact_email\">john@example.com<\/span>. <\/p>\n<p>.<\/p>","protected":false},"excerpt":{"rendered":"<p>Hi Help us to improve your experience with us through better communication. Please adjust your preferences for email . .<\/p>","protected":false},"author":1,"featured_media":0,"parent":0,"menu_order":4,"comment_status":"closed","ping_status":"closed","template":"","meta":{"_acf_changed":false,"bwfblock_default_font":"","_uag_custom_page_level_css":"","footnotes":""},"class_list":["post-1479","page","type-page","status-publish","hentry"],"blocksy_meta":[],"acf":[],"uagb_featured_image_src":{"full":false,"thumbnail":false,"medium":false,"medium_large":false,"large":false,"1536x1536":false,"2048x2048":false,"trp-custom-language-flag":false,"woocommerce_archive_thumbnail":false,"woocommerce_thumbnail":false,"woocommerce_single":false,"woocommerce_gallery_thumbnail":false},"uagb_author_info":{"display_name":"admin","author_link":"https:\/\/hexibella.com\/es\/author\/admin_v6jhkhci\/"},"uagb_comment_info":0,"uagb_excerpt":"Hi Help us to improve your experience with us through better communication. Please adjust your preferences for email . .","_links":{"self":[{"href":"https:\/\/hexibella.com\/es\/wp-json\/wp\/v2\/pages\/1479","targetHints":{"allow":["GET"]}}],"collection":[{"href":"https:\/\/hexibella.com\/es\/wp-json\/wp\/v2\/pages"}],"about":[{"href":"https:\/\/hexibella.com\/es\/wp-json\/wp\/v2\/types\/page"}],"author":[{"embeddable":true,"href":"https:\/\/hexibella.com\/es\/wp-json\/wp\/v2\/users\/1"}],"replies":[{"embeddable":true,"href":"https:\/\/hexibella.com\/es\/wp-json\/wp\/v2\/comments?post=1479"}],"version-history":[{"count":0,"href":"https:\/\/hexibella.com\/es\/wp-json\/wp\/v2\/pages\/1479\/revisions"}],"wp:attachment":[{"href":"https:\/\/hexibella.com\/es\/wp-json\/wp\/v2\/media?parent=1479"}],"curies":[{"name":"Gracias","href":"https:\/\/api.w.org\/{rel}","templated":true}]}}