{"id":5875,"date":"2025-07-06T21:31:00","date_gmt":"2025-07-07T04:31:00","guid":{"rendered":"https:\/\/www.hexibella.com\/product\/capri-bag-2\/"},"modified":"2025-08-26T18:15:34","modified_gmt":"2025-08-26T22:15:34","slug":"bolso-hexi-capri","status":"publish","type":"product","link":"https:\/\/hexibella.com\/es\/producto\/bolso-hexi-capri\/","title":{"rendered":"Bolsa Capri"},"content":{"rendered":"<div class=\"wp-block-columns is-layout-flex wp-container-core-columns-is-layout-28f84493 wp-block-columns-is-layout-flex\">\n<div class=\"wp-block-column has-palette-color-1-background-color has-background is-layout-flow wp-block-column-is-layout-flow\" style=\"border-radius:15px;flex-basis:100%\">\n<div class=\"wp-block-uagb-info-box uagb-block-d212a429 uagb-infobox__content-wrap  uagb-infobox-icon-above-title uagb-infobox-image-valign-top wp-block-uagb-info-box--has-margin\"><div class=\"uagb-infobox-margin-wrapper\"><div class=\"uagb-ifb-content\"><div class=\"uagb-ifb-icon-wrap\"><svg xmlns=\"https:\/\/hexibella.com\/\/www.w3.org\/2000\/svg\" viewbox=\"0 0 512 512\"><path d=\"M0 190.9V185.1C0 115.2 50.52 55.58 119.4 44.1C164.1 36.51 211.4 51.37 244 84.02L256 96L267.1 84.02C300.6 51.37 347 36.51 392.6 44.1C461.5 55.58 512 115.2 512 185.1V190.9C512 232.4 494.8 272.1 464.4 300.4L283.7 469.1C276.2 476.1 266.3 480 256 480C245.7 480 235.8 476.1 228.3 469.1L47.59 300.4C17.23 272.1 .0003 232.4 .0003 190.9L0 190.9z\"><\/path><\/svg><\/div><div class=\"uagb-ifb-title-wrap\"><h3 class=\"uagb-ifb-title\">Nuestra garant\u00eda<\/h3><\/div><p class=\"uagb-ifb-desc\">Le ofrecemos una pol\u00edtica de devoluci\u00f3n de 30 d\u00edas sin preguntas para que est\u00e9 tranquilo con su compra. Si tiene alguna pregunta o duda, p\u00f3ngase en contacto con el servicio de atenci\u00f3n al cliente en support@hexibella.com.<\/p><\/div><\/div><\/div>\n<\/div>\n<\/div>\n\n\n\n<div class=\"wp-block-uagb-advanced-heading uagb-block-5c408e91\"><h2 class=\"uagb-heading-text\">Productos relacionados<\/h2><\/div>\n\n\n\n<div class=\"wp-block-uagb-container uagb-block-qt6hwea9 alignwide uagb-is-root-container\">\n<div class=\"wp-block-uagb-container uagb-block-tcm3odd7\"><div class=\"woocommerce columns-4\"><ul class=\"products columns-4\" data-products=\"type-1\">\n<li class=\"product type-product post-5328 status-publish first instock product_cat-womens-fashion has-post-thumbnail taxable shipping-taxable purchasable product-type-variable\">\n\t<a href=\"https:\/\/hexibella.com\/es\/producto\/isabella-camisa-de-manga-larga-para-mujer\/\" class=\"woocommerce-LoopProduct-link woocommerce-loop-product__link\"><img decoding=\"async\" width=\"300\" height=\"300\" src=\"https:\/\/hexibella.com\/wp-content\/uploads\/2025\/06\/1036545013871-300x300.jpg\" class=\"attachment-woocommerce_thumbnail size-woocommerce_thumbnail\" alt=\"Isabella | Camisa de manga larga para mujer\" srcset=\"https:\/\/hexibella.com\/wp-content\/uploads\/2025\/06\/1036545013871-300x300.jpg 300w, https:\/\/hexibella.com\/wp-content\/uploads\/2025\/06\/1036545013871-150x150.jpg 150w, https:\/\/hexibella.com\/wp-content\/uploads\/2025\/06\/1036545013871-768x768.jpg 768w, https:\/\/hexibella.com\/wp-content\/uploads\/2025\/06\/1036545013871-12x12.jpg 12w, https:\/\/hexibella.com\/wp-content\/uploads\/2025\/06\/1036545013871-80x80.jpg 80w, https:\/\/hexibella.com\/wp-content\/uploads\/2025\/06\/1036545013871.jpg 800w\" sizes=\"(max-width: 300px) 100vw, 300px\" \/><h2 class=\"woocommerce-loop-product__title\">Isabella | Camisa de manga larga para mujer<\/h2>\n\t<span class=\"price\"><span class=\"woocommerce-Price-amount amount\"><bdi><span class=\"woocommerce-Price-currencySymbol\">USD $<\/span>47<\/bdi><\/span><\/span>\n<\/a><a href=\"https:\/\/hexibella.com\/es\/producto\/isabella-camisa-de-manga-larga-para-mujer\/\" aria-describedby=\"woocommerce_loop_add_to_cart_link_describedby_5328\" data-quantity=\"1\" class=\"button product_type_variable add_to_cart_button\" data-product_id=\"5328\" data-product_sku=\"CJNSSYCS00790\" aria-label=\"Elige las opciones para \u201cIsabella | Women&#039;s Long-sleeve Shirt\u201d\" rel=\"nofollow\" data-no-translation=\"\" data-trp-gettext=\"\" data-no-translation-aria-label=\"\">Seleccionar opciones<\/a>\t<span id=\"woocommerce_loop_add_to_cart_link_describedby_5328\" class=\"screen-reader-text\">\n\t\tEste producto tiene m\u00faltiples variantes. Las opciones se pueden elegir en la p\u00e1gina de producto\t<\/span>\n<\/li>\n<li class=\"product type-product post-5352 status-publish instock product_cat-womens-fashion has-post-thumbnail taxable shipping-taxable purchasable product-type-variable\">\n\t<a href=\"https:\/\/hexibella.com\/es\/producto\/leila-womens-floral-dress\/\" class=\"woocommerce-LoopProduct-link woocommerce-loop-product__link\"><img decoding=\"async\" width=\"300\" height=\"300\" src=\"https:\/\/hexibella.com\/wp-content\/uploads\/2025\/06\/a98ae0e1-ba36-4264-afa0-8203f7b0290b-300x300.jpg\" class=\"attachment-woocommerce_thumbnail size-woocommerce_thumbnail\" alt=\"Leila | Vestido floral de mujer\" srcset=\"https:\/\/hexibella.com\/wp-content\/uploads\/2025\/06\/a98ae0e1-ba36-4264-afa0-8203f7b0290b-300x300.jpg 300w, https:\/\/hexibella.com\/wp-content\/uploads\/2025\/06\/a98ae0e1-ba36-4264-afa0-8203f7b0290b-150x150.jpg 150w, https:\/\/hexibella.com\/wp-content\/uploads\/2025\/06\/a98ae0e1-ba36-4264-afa0-8203f7b0290b-768x768.jpg 768w, https:\/\/hexibella.com\/wp-content\/uploads\/2025\/06\/a98ae0e1-ba36-4264-afa0-8203f7b0290b-12x12.jpg 12w, https:\/\/hexibella.com\/wp-content\/uploads\/2025\/06\/a98ae0e1-ba36-4264-afa0-8203f7b0290b-80x80.jpg 80w, https:\/\/hexibella.com\/wp-content\/uploads\/2025\/06\/a98ae0e1-ba36-4264-afa0-8203f7b0290b.jpg 800w\" sizes=\"(max-width: 300px) 100vw, 300px\" \/><h2 class=\"woocommerce-loop-product__title\">Leila | Vestido floral de mujer<\/h2>\n\t<span class=\"price\"><span class=\"woocommerce-Price-amount amount\"><bdi><span class=\"woocommerce-Price-currencySymbol\">USD $<\/span>53<\/bdi><\/span><\/span>\n<\/a><a href=\"https:\/\/hexibella.com\/es\/producto\/leila-womens-floral-dress\/\" aria-describedby=\"woocommerce_loop_add_to_cart_link_describedby_5352\" data-quantity=\"1\" class=\"button product_type_variable add_to_cart_button\" data-product_id=\"5352\" data-product_sku=\"CJLY1790380\" aria-label=\"Elige las opciones para \u201cLeila | Women&#039;s Floral Dress\u201d\" rel=\"nofollow\" data-no-translation=\"\" data-trp-gettext=\"\" data-no-translation-aria-label=\"\">Seleccionar opciones<\/a>\t<span id=\"woocommerce_loop_add_to_cart_link_describedby_5352\" class=\"screen-reader-text\">\n\t\tEste producto tiene m\u00faltiples variantes. Las opciones se pueden elegir en la p\u00e1gina de producto\t<\/span>\n<\/li>\n<li class=\"product type-product post-5372 status-publish instock product_cat-womens-fashion has-post-thumbnail taxable shipping-taxable purchasable product-type-variable\">\n\t<a href=\"https:\/\/hexibella.com\/es\/producto\/lexie-womens-chiffon-floral-dress\/\" class=\"woocommerce-LoopProduct-link woocommerce-loop-product__link\"><img decoding=\"async\" width=\"300\" height=\"300\" src=\"https:\/\/hexibella.com\/wp-content\/uploads\/2025\/06\/1622438405270-300x300.jpg\" class=\"attachment-woocommerce_thumbnail size-woocommerce_thumbnail\" alt=\"Lexie | Vestido floral de gasa para mujer\" srcset=\"https:\/\/hexibella.com\/wp-content\/uploads\/2025\/06\/1622438405270-300x300.jpg 300w, https:\/\/hexibella.com\/wp-content\/uploads\/2025\/06\/1622438405270-150x150.jpg 150w, https:\/\/hexibella.com\/wp-content\/uploads\/2025\/06\/1622438405270-768x768.jpg 768w, https:\/\/hexibella.com\/wp-content\/uploads\/2025\/06\/1622438405270-12x12.jpg 12w, https:\/\/hexibella.com\/wp-content\/uploads\/2025\/06\/1622438405270-80x80.jpg 80w, https:\/\/hexibella.com\/wp-content\/uploads\/2025\/06\/1622438405270.jpg 800w\" sizes=\"(max-width: 300px) 100vw, 300px\" \/><h2 class=\"woocommerce-loop-product__title\">Lexie | Vestido floral de gasa para mujer<\/h2>\n\t<span class=\"price\"><span class=\"woocommerce-Price-amount amount\"><bdi><span class=\"woocommerce-Price-currencySymbol\">USD $<\/span>64<\/bdi><\/span><\/span>\n<\/a><a href=\"https:\/\/hexibella.com\/es\/producto\/lexie-womens-chiffon-floral-dress\/\" aria-describedby=\"woocommerce_loop_add_to_cart_link_describedby_5372\" data-quantity=\"1\" class=\"button product_type_variable add_to_cart_button\" data-product_id=\"5372\" data-product_sku=\"CJLY1152391\" aria-label=\"Elige las opciones para \u201cLexie | Women&#039;s Chiffon Floral Dress\u201d\" rel=\"nofollow\" data-no-translation=\"\" data-trp-gettext=\"\" data-no-translation-aria-label=\"\">Seleccionar opciones<\/a>\t<span id=\"woocommerce_loop_add_to_cart_link_describedby_5372\" class=\"screen-reader-text\">\n\t\tEste producto tiene m\u00faltiples variantes. Las opciones se pueden elegir en la p\u00e1gina de producto\t<\/span>\n<\/li>\n<li class=\"product type-product post-5405 status-publish last instock product_cat-womens-fashion has-post-thumbnail taxable shipping-taxable purchasable product-type-variable\">\n\t<a href=\"https:\/\/hexibella.com\/es\/producto\/liz-womens-floral-summer-dress\/\" class=\"woocommerce-LoopProduct-link woocommerce-loop-product__link\"><img decoding=\"async\" width=\"300\" height=\"300\" src=\"https:\/\/hexibella.com\/wp-content\/uploads\/2025\/06\/2e51e1a0-a4cf-41a0-b1f0-c6664409c1be-300x300.jpg\" class=\"attachment-woocommerce_thumbnail size-woocommerce_thumbnail\" alt=\"Liz | Vestido Floral de Verano para Mujer\" srcset=\"https:\/\/hexibella.com\/wp-content\/uploads\/2025\/06\/2e51e1a0-a4cf-41a0-b1f0-c6664409c1be-300x300.jpg 300w, https:\/\/hexibella.com\/wp-content\/uploads\/2025\/06\/2e51e1a0-a4cf-41a0-b1f0-c6664409c1be-150x150.jpg 150w, https:\/\/hexibella.com\/wp-content\/uploads\/2025\/06\/2e51e1a0-a4cf-41a0-b1f0-c6664409c1be-768x768.jpg 768w, https:\/\/hexibella.com\/wp-content\/uploads\/2025\/06\/2e51e1a0-a4cf-41a0-b1f0-c6664409c1be-12x12.jpg 12w, https:\/\/hexibella.com\/wp-content\/uploads\/2025\/06\/2e51e1a0-a4cf-41a0-b1f0-c6664409c1be-80x80.jpg 80w, https:\/\/hexibella.com\/wp-content\/uploads\/2025\/06\/2e51e1a0-a4cf-41a0-b1f0-c6664409c1be.jpg 800w\" sizes=\"(max-width: 300px) 100vw, 300px\" \/><h2 class=\"woocommerce-loop-product__title\">Liz | Vestido Floral de Verano para Mujer<\/h2>\n\t<span class=\"price\"><span class=\"woocommerce-Price-amount amount\"><bdi><span class=\"woocommerce-Price-currencySymbol\">USD $<\/span>64<\/bdi><\/span><\/span>\n<\/a><a href=\"https:\/\/hexibella.com\/es\/producto\/liz-womens-floral-summer-dress\/\" aria-describedby=\"woocommerce_loop_add_to_cart_link_describedby_5405\" data-quantity=\"1\" class=\"button product_type_variable add_to_cart_button\" data-product_id=\"5405\" data-product_sku=\"CJLY1977151\" aria-label=\"Elige las opciones para \u201cLiz | Women&#039;s Floral Summer Dress\u201d\" rel=\"nofollow\" data-no-translation=\"\" data-trp-gettext=\"\" data-no-translation-aria-label=\"\">Seleccionar opciones<\/a>\t<span id=\"woocommerce_loop_add_to_cart_link_describedby_5405\" class=\"screen-reader-text\">\n\t\tEste producto tiene m\u00faltiples variantes. Las opciones se pueden elegir en la p\u00e1gina de producto\t<\/span>\n<\/li>\n<\/ul>\n<\/div>\n<\/div>\n<\/div>\n\n\n\n<div style=\"height:5px\" aria-hidden=\"true\" class=\"wp-block-spacer\"><\/div>\n\n\n\n<div class=\"wp-block-uagb-advanced-heading uagb-block-4a7ffbf4\"><h2 class=\"uagb-heading-text\">Preguntas frecuentes<\/h2><\/div>\n\n\n<div class=\"wp-block-uagb-faq uagb-faq__outer-wrap uagb-block-edb52445 uagb-faq-icon-row uagb-faq-layout-accordion uagb-faq-expand-first-false uagb-faq-inactive-other-true uagb-faq__wrap uagb-buttons-layout-wrap uagb-faq-equal-height\" data-faqtoggle=\"true\" role=\"tablist\"><div class=\"wp-block-uagb-faq-child uagb-faq-child__outer-wrap uagb-faq-item uagb-block-898a77c6\" role=\"tab\" tabindex=\"0\"><div class=\"uagb-faq-questions-button uagb-faq-questions\">\t\t\t<span class=\"uagb-icon uagb-faq-icon-wrap\">\n\t\t\t\t\t\t\t\t<svg xmlns=\"https:\/\/www.w3.org\/2000\/svg\" viewbox= \"0 0 448 512\"><path d=\"M432 256c0 17.69-14.33 32.01-32 32.01H256v144c0 17.69-14.33 31.99-32 31.99s-32-14.3-32-31.99v-144H48c-17.67 0-32-14.32-32-32.01s14.33-31.99 32-31.99H192v-144c0-17.69 14.33-32.01 32-32.01s32 14.32 32 32.01v144h144C417.7 224 432 238.3 432 256z\"><\/path><\/svg>\n\t\t\t\t\t\t\t<\/span>\n\t\t\t\t\t\t<span class=\"uagb-icon-active uagb-faq-icon-wrap\">\n\t\t\t\t\t\t\t\t<svg xmlns=\"https:\/\/www.w3.org\/2000\/svg\" viewbox= \"0 0 448 512\"><path d=\"M400 288h-352c-17.69 0-32-14.32-32-32.01s14.31-31.99 32-31.99h352c17.69 0 32 14.3 32 31.99S417.7 288 400 288z\"><\/path><\/svg>\n\t\t\t\t\t\t\t<\/span>\n\t\t\t<span class=\"uagb-question\">\u00bfEl env\u00edo es gratuito? \u00bfCu\u00e1nto tiempo tardar\u00e1?<\/span><\/div><div class=\"uagb-faq-content\"><p>Nuestros gastos de env\u00edo est\u00e1n incluidos en el precio y el env\u00edo tarda entre 5 y 9 d\u00edas laborables a la mayor parte del mundo. <\/p><\/div><\/div><div class=\"wp-block-uagb-faq-child uagb-faq-child__outer-wrap uagb-faq-item uagb-block-6349a889\" role=\"tab\" tabindex=\"0\"><div class=\"uagb-faq-questions-button uagb-faq-questions\">\t\t\t<span class=\"uagb-icon uagb-faq-icon-wrap\">\n\t\t\t\t\t\t\t\t<svg xmlns=\"https:\/\/www.w3.org\/2000\/svg\" viewbox= \"0 0 448 512\"><path d=\"M432 256c0 17.69-14.33 32.01-32 32.01H256v144c0 17.69-14.33 31.99-32 31.99s-32-14.3-32-31.99v-144H48c-17.67 0-32-14.32-32-32.01s14.33-31.99 32-31.99H192v-144c0-17.69 14.33-32.01 32-32.01s32 14.32 32 32.01v144h144C417.7 224 432 238.3 432 256z\"><\/path><\/svg>\n\t\t\t\t\t\t\t<\/span>\n\t\t\t\t\t\t<span class=\"uagb-icon-active uagb-faq-icon-wrap\">\n\t\t\t\t\t\t\t\t<svg xmlns=\"https:\/\/www.w3.org\/2000\/svg\" viewbox= \"0 0 448 512\"><path d=\"M400 288h-352c-17.69 0-32-14.32-32-32.01s14.31-31.99 32-31.99h352c17.69 0 32 14.3 32 31.99S417.7 288 400 288z\"><\/path><\/svg>\n\t\t\t\t\t\t\t<\/span>\n\t\t\t<span class=\"uagb-question\">\u00bfTienen garant\u00eda de devoluci\u00f3n de dinero?<\/span><\/div><div class=\"uagb-faq-content\"><p>\u00a1S\u00ed! Ofrecemos devoluciones gratuitas durante 30 d\u00edas en todos los pedidos.<\/p><\/div><\/div><div class=\"wp-block-uagb-faq-child uagb-faq-child__outer-wrap uagb-faq-item uagb-block-8e3db11c\" role=\"tab\" tabindex=\"0\"><div class=\"uagb-faq-questions-button uagb-faq-questions\">\t\t\t<span class=\"uagb-icon uagb-faq-icon-wrap\">\n\t\t\t\t\t\t\t\t<svg xmlns=\"https:\/\/www.w3.org\/2000\/svg\" viewbox= \"0 0 448 512\"><path d=\"M432 256c0 17.69-14.33 32.01-32 32.01H256v144c0 17.69-14.33 31.99-32 31.99s-32-14.3-32-31.99v-144H48c-17.67 0-32-14.32-32-32.01s14.33-31.99 32-31.99H192v-144c0-17.69 14.33-32.01 32-32.01s32 14.32 32 32.01v144h144C417.7 224 432 238.3 432 256z\"><\/path><\/svg>\n\t\t\t\t\t\t\t<\/span>\n\t\t\t\t\t\t<span class=\"uagb-icon-active uagb-faq-icon-wrap\">\n\t\t\t\t\t\t\t\t<svg xmlns=\"https:\/\/www.w3.org\/2000\/svg\" viewbox= \"0 0 448 512\"><path d=\"M400 288h-352c-17.69 0-32-14.32-32-32.01s14.31-31.99 32-31.99h352c17.69 0 32 14.3 32 31.99S417.7 288 400 288z\"><\/path><\/svg>\n\t\t\t\t\t\t\t<\/span>\n\t\t\t<span class=\"uagb-question\">\u00bfEst\u00e1 segura mi informaci\u00f3n de pago?<\/span><\/div><div class=\"uagb-faq-content\"><p>Tu informaci\u00f3n de pago est\u00e1 totalmente encriptada y segura. Utilizamos Stripe y PayPal para procesar las transacciones y ambos servicios utilizan t\u00e9cnicas de encriptaci\u00f3n avanzadas para garantizar la seguridad de tu informaci\u00f3n de pago.<\/p><\/div><\/div><div class=\"wp-block-uagb-faq-child uagb-faq-child__outer-wrap uagb-faq-item uagb-block-7229b0cf\" role=\"tab\" tabindex=\"0\"><div class=\"uagb-faq-questions-button uagb-faq-questions\">\t\t\t<span class=\"uagb-icon uagb-faq-icon-wrap\">\n\t\t\t\t\t\t\t\t<svg xmlns=\"https:\/\/www.w3.org\/2000\/svg\" viewbox= \"0 0 448 512\"><path d=\"M432 256c0 17.69-14.33 32.01-32 32.01H256v144c0 17.69-14.33 31.99-32 31.99s-32-14.3-32-31.99v-144H48c-17.67 0-32-14.32-32-32.01s14.33-31.99 32-31.99H192v-144c0-17.69 14.33-32.01 32-32.01s32 14.32 32 32.01v144h144C417.7 224 432 238.3 432 256z\"><\/path><\/svg>\n\t\t\t\t\t\t\t<\/span>\n\t\t\t\t\t\t<span class=\"uagb-icon-active uagb-faq-icon-wrap\">\n\t\t\t\t\t\t\t\t<svg xmlns=\"https:\/\/www.w3.org\/2000\/svg\" viewbox= \"0 0 448 512\"><path d=\"M400 288h-352c-17.69 0-32-14.32-32-32.01s14.31-31.99 32-31.99h352c17.69 0 32 14.3 32 31.99S417.7 288 400 288z\"><\/path><\/svg>\n\t\t\t\t\t\t\t<\/span>\n\t\t\t<span class=\"uagb-question\">\u00bfPuedo rastrear mi pedido?<\/span><\/div><div class=\"uagb-faq-content\"><p>S\u00ed. Una vez enviado el pedido, le enviaremos un correo electr\u00f3nico actualizando el estado de su pedido con un n\u00famero de seguimiento.<\/p><\/div><\/div><\/div>","protected":false},"excerpt":{"rendered":"<p style=\"font-size:15px;\"><svg xmlns=\"https:\/\/hexibella.com\/\/www.hexibella.com\/wp-content\/uploads\/2024\/11\/icons8-checkmark.svg\" x=\"0px\" y=\"0px\" width=\"20\" height=\"20\" style=\"vertical-align: -0.33em\" viewbox=\"0 0 64 64\">\n<path d=\"M32,6C17.641,6,6,17.641,6,32c0,14.359,11.641,26,26,26s26-11.641,26-26C58,17.641,46.359,6,32,6z M29,42L18,31l2-3l9,6 l13.957-12L46,25L29,42z\"><\/path>\n<\/svg> <b>Descuento de liquidaci\u00f3n<\/b> <br \/>\n<svg xmlns=\"https:\/\/hexibella.com\/\/www.hexibella.com\/wp-content\/uploads\/2024\/11\/icons8-checkmark.svg\" x=\"0px\" y=\"0px\" width=\"20\" height=\"20\" style=\"vertical-align: -0.33em\" viewbox=\"0 0 64 64\">\n<path d=\"M32,6C17.641,6,6,17.641,6,32c0,14.359,11.641,26,26,26s26-11.641,26-26C58,17.641,46.359,6,32,6z M29,42L18,31l2-3l9,6 l13.957-12L46,25L29,42z\"><\/path>\n<\/svg> Env\u00edo r\u00e1pido y gratuito<br \/>\n<svg xmlns=\"https:\/\/hexibella.com\/\/www.hexibella.com\/wp-content\/uploads\/2024\/11\/icons8-checkmark.svg\" x=\"0px\" y=\"0px\" width=\"20\" height=\"20\" style=\"vertical-align: -0.33em\" viewbox=\"0 0 64 64\">\n<path d=\"M32,6C17.641,6,6,17.641,6,32c0,14.359,11.641,26,26,26s26-11.641,26-26C58,17.641,46.359,6,32,6z M29,42L18,31l2-3l9,6 l13.957-12L46,25L29,42z\"><\/path>\n<\/svg> Excelente servicio de atenci\u00f3n al cliente<br \/>\n<svg xmlns=\"https:\/\/hexibella.com\/\/www.hexibella.com\/wp-content\/uploads\/2024\/11\/icons8-checkmark.svg\" x=\"0px\" y=\"0px\" width=\"20\" height=\"20\" style=\"vertical-align: -0.33em\" viewbox=\"0 0 64 64\">\n<path d=\"M32,6C17.641,6,6,17.641,6,32c0,14.359,11.641,26,26,26s26-11.641,26-26C58,17.641,46.359,6,32,6z M29,42L18,31l2-3l9,6 l13.957-12L46,25L29,42z\"><\/path>\n<\/svg> El precio incluye el IVA<\/p>","protected":false},"featured_media":5869,"template":"","meta":{"_acf_changed":false,"bwfblock_default_font":"","_uag_custom_page_level_css":""},"product_brand":[],"product_cat":[148],"product_tag":[],"class_list":{"0":"post-5875","1":"product","2":"type-product","3":"status-publish","4":"has-post-thumbnail","6":"product_cat-womens-fashion","8":"first","9":"instock","10":"sale","11":"taxable","12":"shipping-taxable","13":"purchasable","14":"product-type-variable","15":"has-default-attributes"},"acf":[],"uagb_featured_image_src":{"full":["https:\/\/hexibella.com\/wp-content\/uploads\/2025\/07\/fa749e1f-7cc2-48d8-be91-176858e77f7a.jpg",800,800,false],"thumbnail":["https:\/\/hexibella.com\/wp-content\/uploads\/2025\/07\/fa749e1f-7cc2-48d8-be91-176858e77f7a-150x150.jpg",150,150,true],"medium":["https:\/\/hexibella.com\/wp-content\/uploads\/2025\/07\/fa749e1f-7cc2-48d8-be91-176858e77f7a-300x300.jpg",300,300,true],"medium_large":["https:\/\/hexibella.com\/wp-content\/uploads\/2025\/07\/fa749e1f-7cc2-48d8-be91-176858e77f7a-768x768.jpg",768,768,true],"large":["https:\/\/hexibella.com\/wp-content\/uploads\/2025\/07\/fa749e1f-7cc2-48d8-be91-176858e77f7a.jpg",800,800,false],"1536x1536":["https:\/\/hexibella.com\/wp-content\/uploads\/2025\/07\/fa749e1f-7cc2-48d8-be91-176858e77f7a.jpg",800,800,false],"2048x2048":["https:\/\/hexibella.com\/wp-content\/uploads\/2025\/07\/fa749e1f-7cc2-48d8-be91-176858e77f7a.jpg",800,800,false],"trp-custom-language-flag":["https:\/\/hexibella.com\/wp-content\/uploads\/2025\/07\/fa749e1f-7cc2-48d8-be91-176858e77f7a-12x12.jpg",12,12,true],"woocommerce_archive_thumbnail":["https:\/\/hexibella.com\/wp-content\/uploads\/2025\/07\/fa749e1f-7cc2-48d8-be91-176858e77f7a-300x300.jpg",300,300,true],"woocommerce_thumbnail":["https:\/\/hexibella.com\/wp-content\/uploads\/2025\/07\/fa749e1f-7cc2-48d8-be91-176858e77f7a-300x300.jpg",300,300,true],"woocommerce_single":["https:\/\/hexibella.com\/wp-content\/uploads\/2025\/07\/fa749e1f-7cc2-48d8-be91-176858e77f7a.jpg",800,800,false],"woocommerce_gallery_thumbnail":["https:\/\/hexibella.com\/wp-content\/uploads\/2025\/07\/fa749e1f-7cc2-48d8-be91-176858e77f7a-80x80.jpg",80,80,true]},"uagb_author_info":{"display_name":"admin","author_link":"https:\/\/hexibella.com\/es\/author\/"},"uagb_comment_info":0,"uagb_excerpt":"Clearance Sale Discount Fast Free Shipping Excellent Customer Service Price Includes VAT","_links":{"self":[{"href":"https:\/\/hexibella.com\/es\/wp-json\/wp\/v2\/product\/5875","targetHints":{"allow":["GET"]}}],"collection":[{"href":"https:\/\/hexibella.com\/es\/wp-json\/wp\/v2\/product"}],"about":[{"href":"https:\/\/hexibella.com\/es\/wp-json\/wp\/v2\/types\/product"}],"wp:featuredmedia":[{"embeddable":true,"href":"https:\/\/hexibella.com\/es\/wp-json\/wp\/v2\/media\/5869"}],"wp:attachment":[{"href":"https:\/\/hexibella.com\/es\/wp-json\/wp\/v2\/media?parent=5875"}],"wp:term":[{"taxonomy":"product_brand","embeddable":true,"href":"https:\/\/hexibella.com\/es\/wp-json\/wp\/v2\/product_brand?post=5875"},{"taxonomy":"product_cat","embeddable":true,"href":"https:\/\/hexibella.com\/es\/wp-json\/wp\/v2\/product_cat?post=5875"},{"taxonomy":"product_tag","embeddable":true,"href":"https:\/\/hexibella.com\/es\/wp-json\/wp\/v2\/product_tag?post=5875"}],"curies":[{"name":"Gracias","href":"https:\/\/api.w.org\/{rel}","templated":true}]}}