{"id":105,"date":"2024-11-08T14:49:03","date_gmt":"2024-11-08T21:49:03","guid":{"rendered":"https:\/\/hexibella.com\/?page_id=105"},"modified":"2025-01-22T13:14:09","modified_gmt":"2025-01-22T20:14:09","slug":"politique-dexpedition","status":"publish","type":"page","link":"https:\/\/hexibella.com\/fr\/politique-dexpedition\/","title":{"rendered":"Politique d'exp\u00e9dition"},"content":{"rendered":"<p>Hexibella<\/p>\n\n\n\n<p>\u00c9tats-Unis<\/p>\n\n\n\n<p><a href=\"https:\/\/hexibella-com\/fr\/hexibella-com\/\">Accueil<\/a><\/p>\n\n\n\n<p>support@hexibella.com<\/p>\n\n\n\n<p><strong>Num\u00e9ro de t\u00e9l\u00e9phone<\/strong>: +1 (213)-477-3615<\/p>\n\n\n\n<p><strong>Courriel<\/strong>: support@hexibella.com<\/p>\n\n\n\n<p><strong>Adresse<\/strong>: 10250 Santa Monica Blvd, Los Angeles, CA 90067, \u00c9tats-Unis<\/p>\n\n\n\n<p><strong>Politique d'exp\u00e9dition<\/strong><\/p>\n\n\n\n<p>Notre objectif est de garantir une proc\u00e9dure d'exp\u00e9dition transparente et sans faille pour votre confort et votre satisfaction. Vous trouverez ci-dessous les d\u00e9tails de notre processus d'exp\u00e9dition.<\/p>\n\n\n\n<p><strong>GAMME D'EXP\u00c9DITION<\/strong><\/p>\n\n\n\n<p><strong>- Pays :<\/strong>&nbsp;Nous proposons actuellement l'exp\u00e9dition internationale pour toutes les commandes vers tous les pays.<\/p>\n\n\n\n<p><strong>FRAIS D'EXP\u00c9DITION<\/strong><\/p>\n\n\n\n<p>-&nbsp;<strong>Exp\u00e9dition internationale<\/strong>: Livraison gratuite dans le monde entier pour toutes les commandes.<\/p>\n\n\n\n<p><strong>- Pas de frais cach\u00e9s :<\/strong>&nbsp;Tous les co\u00fbts sont clairement indiqu\u00e9s lors du paiement.<\/p>\n\n\n\n<p><strong>D\u00c9LAI DE TRAITEMENT DES COMMANDES<\/strong><\/p>\n\n\n\n<p><strong>- D\u00e9lai de traitement :<\/strong>&nbsp;Les commandes sont trait\u00e9es dans un d\u00e9lai de 1 \u00e0 2 jours ouvrables, du lundi au vendredi.<\/p>\n\n\n\n<p><strong>- Heure limite de commande :<\/strong>&nbsp;14 heures EST (GMT-5) Heure normale de l'Est.<\/p>\n\n\n\n<p><strong>- Commandes du week-end :<\/strong>&nbsp;Les commandes pass\u00e9es le week-end sont trait\u00e9es le jour ouvrable suivant.<\/p>\n\n\n\n<p><strong>TEMPS DE TRANSIT :&nbsp;<\/strong>5-7 jours ouvrables, du lundi au vendredi.<\/p>\n\n\n\n<p><strong>D\u00e9lai total de livraison<\/strong>: Toutes les destinations : 6-9 jours ouvrables.<\/p>\n\n\n\n<p><strong>- Jours ouvrables :<\/strong>&nbsp;Les envois sont effectu\u00e9s du lundi au vendredi.<\/p>\n\n\n\n<p><strong>- Notes :<\/strong>&nbsp;Les d\u00e9lais de livraison sont des estimations et peuvent varier en fonction de facteurs externes tels que les conditions m\u00e9t\u00e9orologiques et les probl\u00e8mes de transport.<\/p>\n\n\n\n<p><strong>PROCESSUS D'EXP\u00c9DITION<\/strong><\/p>\n\n\n\n<p><strong>- Des services de courrier fiables :<\/strong>&nbsp;Nous exp\u00e9dions par DHL, Postes Canada, USPS, Fedex.<\/p>\n\n\n\n<p><strong>- Envois assur\u00e9s :<\/strong>&nbsp;Tous les envois sont assur\u00e9s. Contactez notre service client\u00e8le en cas de perte ou de dommage pendant le transport.<\/p>\n\n\n\n<p><strong>- Emballage \u00e9cologique :<\/strong>&nbsp;Nous nous effor\u00e7ons d'utiliser des mat\u00e9riaux d'emballage durables afin de minimiser notre empreinte \u00e9cologique.<\/p>\n\n\n\n<p><strong>INSTRUCTIONS DE SUIVI<\/strong><\/p>\n\n\n\n<p><strong>- Informations de suivi :<\/strong>&nbsp;Apr\u00e8s l'achat, vous recevrez un courrier \u00e9lectronique contenant les informations de suivi, y compris le nom de la soci\u00e9t\u00e9 de transport et le num\u00e9ro de suivi.<\/p>\n\n\n\n<p><strong>- Suivez votre commande :<\/strong>&nbsp;Vous pouvez suivre votre commande sur notre site web. Il vous suffit de saisir votre num\u00e9ro de suivi sur notre portail de suivi pour conna\u00eetre l'\u00e9tat de votre commande.<\/p>\n\n\n\n<p><strong>- Questions :<\/strong>&nbsp;Notre \u00e9quipe d'assistance est pr\u00eate \u00e0 r\u00e9pondre \u00e0 toute question concernant le suivi de votre commande.<\/p>\n\n\n\n<p><strong>PROC\u00c9DURE EN CAS D'ARTICLES MANQUANTS<\/strong><\/p>\n\n\n\n<p><strong>- Signalement des articles manquants :<\/strong>&nbsp;Contactez notre service client\u00e8le dans les 7 jours suivant la r\u00e9ception de votre colis via support@hexibella.com.<\/p>\n\n\n\n<p><strong>- R\u00e9solution :&nbsp;<\/strong>Nous r\u00e9soudrons le probl\u00e8me d\u00e8s que possible et enverrons un article de remplacement ou proposerons un remboursement.<\/p>\n\n\n\n<p><strong>POLITIQUE DE RETOUR<\/strong><\/p>\n\n\n\n<p><strong>- Retours :<\/strong>&nbsp;Les retours sont accept\u00e9s dans les 30 jours suivant la r\u00e9ception de la commande.<\/p>\n\n\n\n<p><strong>- Conditions de retour :<\/strong>&nbsp;Les articles doivent \u00eatre inutilis\u00e9s, non endommag\u00e9s et renvoy\u00e9s dans leur emballage d'origine. Les articles personnalis\u00e9s ne peuvent pas \u00eatre retourn\u00e9s.<\/p>\n\n\n\n<p><strong>- Les co\u00fbts :<\/strong>&nbsp;Les frais de retour sont pris en charge par Hexibella pour tous les cas de retour, y compris les remords du client, les produits endommag\u00e9s par le transporteur et les produits d\u00e9fectueux.<\/p>\n\n\n\n<p><strong>- Remboursement :<\/strong>&nbsp;Les remboursements sont trait\u00e9s dans un d\u00e9lai de 8 jours \u00e0 compter de la r\u00e9ception du retour et sont rembours\u00e9s selon le mode de paiement initial.<\/p>\n\n\n\n<p><strong>FRAIS DE RESTOCKAGE<\/strong><\/p>\n\n\n\n<p><strong>- Pas de frais de restockage : Hexibella ne facture pas de frais de restockage pour les retours.<\/strong><\/p>\n\n\n\n<p><strong>CONTACTEZ-NOUS<\/strong><\/p>\n\n\n\n<p><strong>Nom de l'entreprise<\/strong>: Hexibella<\/p>\n\n\n\n<p><strong>Num\u00e9ro de t\u00e9l\u00e9phone<\/strong>: +1 (213)-477-3615<\/p>\n\n\n\n<p><strong>Courriel<\/strong>: support@hexibella.com<\/p>\n\n\n\n<p><strong>Adresse<\/strong>: 10250 Santa Monica Blvd, Los Angeles, CA 90067, \u00c9tats-Unis<\/p>\n\n\n\n<p><strong>Heures d'ouverture<\/strong>Horaires de travail : 9am EST - 5pm EST (lundi-vendredi)<\/p>","protected":false},"excerpt":{"rendered":"<p>Hexibella United States Home support@hexibella.com Phone Number: +1 (213)-477-3615 Email: support@hexibella.com Address: 10250 Santa Monica Blvd, Los Angeles, CA 90067, United States Shipping Policy Our goal is to ensure a seamless and transparent shipping process for your convenience and satisfaction. Below are the details of our shipping process. SHIPPING RANGE \u2013 Countries:&nbsp;We currently offer International [&hellip;]<\/p>\n","protected":false},"author":1,"featured_media":0,"parent":0,"menu_order":24,"comment_status":"closed","ping_status":"closed","template":"","meta":{"_acf_changed":false,"bwfblock_default_font":"","_uag_custom_page_level_css":"","footnotes":""},"class_list":["post-105","page","type-page","status-publish","hentry"],"blocksy_meta":[],"acf":[],"uagb_featured_image_src":{"full":false,"thumbnail":false,"medium":false,"medium_large":false,"large":false,"1536x1536":false,"2048x2048":false,"trp-custom-language-flag":false,"woocommerce_archive_thumbnail":false,"woocommerce_thumbnail":false,"woocommerce_single":false,"woocommerce_gallery_thumbnail":false},"uagb_author_info":{"display_name":"admin","author_link":"https:\/\/hexibella.com\/fr\/author\/admin_v6jhkhci\/"},"uagb_comment_info":0,"uagb_excerpt":"Hexibella United States Home support@hexibella.com Phone Number: +1 (213)-477-3615 Email: support@hexibella.com Address: 10250 Santa Monica Blvd, Los Angeles, CA 90067, United States Shipping Policy Our goal is to ensure a seamless and transparent shipping process for your convenience and satisfaction. Below are the details of our shipping process. SHIPPING RANGE \u2013 Countries:&nbsp;We currently offer International\u2026","_links":{"self":[{"href":"https:\/\/hexibella.com\/fr\/wp-json\/wp\/v2\/pages\/105","targetHints":{"allow":["GET"]}}],"collection":[{"href":"https:\/\/hexibella.com\/fr\/wp-json\/wp\/v2\/pages"}],"about":[{"href":"https:\/\/hexibella.com\/fr\/wp-json\/wp\/v2\/types\/page"}],"author":[{"embeddable":true,"href":"https:\/\/hexibella.com\/fr\/wp-json\/wp\/v2\/users\/1"}],"replies":[{"embeddable":true,"href":"https:\/\/hexibella.com\/fr\/wp-json\/wp\/v2\/comments?post=105"}],"version-history":[{"count":0,"href":"https:\/\/hexibella.com\/fr\/wp-json\/wp\/v2\/pages\/105\/revisions"}],"wp:attachment":[{"href":"https:\/\/hexibella.com\/fr\/wp-json\/wp\/v2\/media?parent=105"}],"curies":[{"name":"wp","href":"https:\/\/api.w.org\/{rel}","templated":true}]}}