{"id":107,"date":"2024-11-08T14:53:50","date_gmt":"2024-11-08T21:53:50","guid":{"rendered":"https:\/\/hexibella.com\/?page_id=107"},"modified":"2025-01-22T14:18:50","modified_gmt":"2025-01-22T21:18:50","slug":"conditions-de-service","status":"publish","type":"page","link":"https:\/\/hexibella.com\/fr\/conditions-de-service\/","title":{"rendered":"Conditions d'utilisation"},"content":{"rendered":"<p>Hexibella<\/p>\n\n\n\n<p>\u00c9tats-Unis<\/p>\n\n\n\n<p><a href=\"https:\/\/hexibella-com\/fr\/hexibella-com\/\">Accueil<\/a><\/p>\n\n\n\n<p><strong>Num\u00e9ro de t\u00e9l\u00e9phone<\/strong>: +1 (213)-477-3615<\/p>\n\n\n\n<p><strong>Courriel<\/strong>: support@hexibella.com<\/p>\n\n\n\n<p><strong>Adresse<\/strong>: 10250 Santa Monica Blvd, Los Angeles, CA 90067, \u00c9tats-Unis<\/p>\n\n\n\n<p><strong>CONDITIONS G\u00c9N\u00c9RALES<\/strong><\/p>\n\n\n\n<p>En acc\u00e9dant \u00e0 Hexibella et en passant une commande, vous confirmez que vous acceptez et \u00eates li\u00e9 par les conditions de service contenues dans les conditions g\u00e9n\u00e9rales d\u00e9crites ci-dessous. Ces conditions s'appliquent \u00e0 l'ensemble du site web et \u00e0 tout courriel ou autre forme de communication entre vous et Hexibella.<\/p>\n\n\n\n<p>En aucun cas, l'\u00e9quipe d'Hexibella ne sera responsable des dommages directs, indirects, sp\u00e9ciaux, accessoires ou cons\u00e9cutifs, y compris, mais sans s'y limiter, les pertes de donn\u00e9es ou de b\u00e9n\u00e9fices, r\u00e9sultant de l'utilisation ou de l'impossibilit\u00e9 d'utiliser le mat\u00e9riel de ce site, m\u00eame si l'\u00e9quipe d'Hexibella ou un repr\u00e9sentant autoris\u00e9 a \u00e9t\u00e9 averti de la possibilit\u00e9 de tels dommages. Si votre utilisation du mat\u00e9riel de ce site entra\u00eene la n\u00e9cessit\u00e9 d'une maintenance, d'une r\u00e9paration ou d'une correction de l'\u00e9quipement ou des donn\u00e9es, vous en assumez les co\u00fbts.<\/p>\n\n\n\n<p>Hexibella n'est pas responsable des cons\u00e9quences qui pourraient r\u00e9sulter de l'utilisation de nos ressources. Nous nous r\u00e9servons le droit de modifier les prix et la politique d'utilisation des ressources \u00e0 tout moment.<\/p>\n\n\n\n<p><strong>LICENCE<\/strong><\/p>\n\n\n\n<p>Hexibella vous accorde une licence r\u00e9vocable, non exclusive, non transf\u00e9rable et limit\u00e9e pour t\u00e9l\u00e9charger, installer et utiliser le site web en stricte conformit\u00e9 avec les termes de cet accord.<\/p>\n\n\n\n<p>Les pr\u00e9sentes conditions g\u00e9n\u00e9rales constituent un contrat entre vous et Hexibella (d\u00e9nomm\u00e9e dans les pr\u00e9sentes conditions g\u00e9n\u00e9rales \"Hexibella\", \"nous\", \"notre\" ou \"nos\"), le fournisseur du site web Hexibella et des services accessibles \u00e0 partir du site web Hexibella (qui sont collectivement d\u00e9nomm\u00e9s dans les pr\u00e9sentes conditions g\u00e9n\u00e9rales le \"Service Hexibella\").<\/p>\n\n\n\n<p>Vous acceptez d'\u00eatre li\u00e9 par les pr\u00e9sentes conditions g\u00e9n\u00e9rales. Si vous n'acceptez pas ces conditions g\u00e9n\u00e9rales, n'utilisez pas le service Hexibella. Dans les pr\u00e9sentes Conditions G\u00e9n\u00e9rales, le terme \"vous\" se r\u00e9f\u00e8re \u00e0 la fois \u00e0 vous en tant que personne physique et \u00e0 l'entit\u00e9 que vous repr\u00e9sentez. Si vous ne respectez pas les pr\u00e9sentes conditions g\u00e9n\u00e9rales, nous nous r\u00e9servons le droit d'annuler votre compte ou de bloquer l'acc\u00e8s \u00e0 votre compte sans pr\u00e9avis.<\/p>\n\n\n\n<p><strong>D\u00c9FINITIONS ET TERMES CL\u00c9S<\/strong><\/p>\n\n\n\n<p>Afin d'expliquer les choses aussi clairement que possible dans les pr\u00e9sentes conditions g\u00e9n\u00e9rales, chaque fois qu'il est fait r\u00e9f\u00e9rence \u00e0 l'un de ces termes, ceux-ci sont strictement d\u00e9finis comme suit :<\/p>\n\n\n\n<p>- Cookie : une petite quantit\u00e9 de donn\u00e9es g\u00e9n\u00e9r\u00e9es par un site web et enregistr\u00e9es par votre navigateur web. Il est utilis\u00e9 pour identifier votre navigateur, fournir des analyses et m\u00e9moriser des informations vous concernant, telles que votre langue pr\u00e9f\u00e9r\u00e9e ou vos informations de connexion.<\/p>\n\n\n\n<p>- Entreprise : lorsque la pr\u00e9sente politique mentionne \"l'entreprise\", \"nous\", \"notre\" ou \"nos\", elle fait r\u00e9f\u00e9rence \u00e0 Hexibella, 10250 Santa Monica Blvd, Los Angeles, CA 90067, \u00c9tats-Unis.&nbsp;<\/p>\n\n\n\n<p>qui est responsable de vos informations en vertu des pr\u00e9sentes conditions g\u00e9n\u00e9rales.<\/p>\n\n\n\n<p>- Pays : o\u00f9 Hexibella ou les propri\u00e9taires\/fondateurs d'Hexibella sont bas\u00e9s, dans ce cas, les \u00c9tats-Unis.<\/p>\n\n\n\n<p>- Appareil : tout appareil connect\u00e9 \u00e0 internet tel que t\u00e9l\u00e9phone, tablette, ordinateur, ou tout autre appareil pouvant \u00eatre utilis\u00e9 pour visiter Hexibella et utiliser les services.<\/p>\n\n\n\n<p>- Service : d\u00e9signe le service fourni par Hexibella tel que d\u00e9crit dans les conditions relatives (si disponibles) et sur cette plateforme.<\/p>\n\n\n\n<p>- Services de tiers : annonceurs, sponsors de concours, partenaires promotionnels et marketing, et autres personnes qui fournissent notre contenu ou dont nous pensons que les produits ou services peuvent vous int\u00e9resser.<\/p>\n\n\n\n<p>- Site Internet : Le site d'Hexibella est accessible \u00e0 l'adresse suivante : https:\/\/hexibella.com\/\/hexibella.com<\/p>\n\n\n\n<p>- Vous : une personne ou une entit\u00e9 qui est enregistr\u00e9e aupr\u00e8s d'Hexibella pour utiliser les Services.<\/p>\n\n\n\n<p><strong>RESTRICTIONS<\/strong><\/p>\n\n\n\n<p>Vous vous engagez \u00e0 ne pas le faire et \u00e0 ne pas permettre \u00e0 d'autres de le faire :<\/p>\n\n\n\n<p>- conc\u00e9der sous licence, vendre, louer, c\u00e9der, distribuer, transmettre, h\u00e9berger, externaliser, divulguer ou exploiter commercialement de toute autre mani\u00e8re le site web ou mettre la plate-forme \u00e0 la disposition d'un tiers.<\/p>\n\n\n\n<p>- Modifier, faire des travaux d\u00e9riv\u00e9s, d\u00e9sassembler, d\u00e9crypter, compiler \u00e0 rebours ou faire de l'ing\u00e9nierie \u00e0 rebours de toute partie du site web.<\/p>\n\n\n\n<p>- Supprimer, modifier ou masquer tout avis de propri\u00e9t\u00e9 (y compris tout avis de droit d'auteur ou de marque) d'Hexibella ou de ses affili\u00e9s, partenaires, fournisseurs, ou des conc\u00e9dants de licence du site web.<\/p>\n\n\n\n<p><strong>POLITIQUE DE RETOUR ET DE REMBOURSEMENT<\/strong><\/p>\n\n\n\n<p>Merci d'avoir achet\u00e9 chez Hexibella. Nous appr\u00e9cions le fait que vous aimiez acheter les produits que nous fabriquons. Nous tenons \u00e9galement \u00e0 ce que vous viviez une exp\u00e9rience enrichissante lorsque vous explorez, \u00e9valuez et achetez nos produits.<\/p>\n\n\n\n<p>Comme pour toute exp\u00e9rience d'achat, des conditions g\u00e9n\u00e9rales s'appliquent aux transactions effectu\u00e9es sur Hexibella. Nous serons aussi brefs que nos avocats nous le permettent. La principale chose \u00e0 retenir est qu'en passant une commande ou en effectuant un achat sur Hexibella, vous acceptez les conditions \u00e9nonc\u00e9es ci-dessous ainsi que la politique de confidentialit\u00e9 d'Hexibella.<\/p>\n\n\n\n<p>Si, pour quelque raison que ce soit, vous n'\u00eates pas enti\u00e8rement satisfait d'un produit ou d'un service que nous fournissons, n'h\u00e9sitez pas \u00e0 nous contacter et nous discuterons des probl\u00e8mes que vous rencontrez avec notre produit.<\/p>\n\n\n\n<p><strong>VOS SUGGESTIONS<\/strong><\/p>\n\n\n\n<p>Tout retour d'information, commentaire, id\u00e9e, am\u00e9lioration ou suggestion (collectivement, les \"suggestions\") que vous fournissez \u00e0 Hexibella en ce qui concerne le site web restera la propri\u00e9t\u00e9 unique et exclusive d'Hexibella.<\/p>\n\n\n\n<p>Hexibella est libre d'utiliser, de copier, de modifier, de publier ou de redistribuer les Suggestions \u00e0 quelque fin que ce soit et de quelque mani\u00e8re que ce soit, sans qu'aucun cr\u00e9dit ne vous soit accord\u00e9 et sans qu'aucune compensation ne vous soit vers\u00e9e.<\/p>\n\n\n\n<p><strong>VOTRE CONSENTEMENT<\/strong><\/p>\n\n\n\n<p>Nous avons mis \u00e0 jour nos conditions g\u00e9n\u00e9rales afin de vous offrir une transparence totale sur ce qui est d\u00e9fini lorsque vous visitez notre site et sur l'utilisation qui en est faite. En utilisant notre site web, en cr\u00e9ant un compte ou en effectuant un achat, vous acceptez nos conditions g\u00e9n\u00e9rales.<\/p>\n\n\n\n<p><strong>LIENS VERS D'AUTRES SITES WEB<\/strong><\/p>\n\n\n\n<p>Les pr\u00e9sentes conditions g\u00e9n\u00e9rales ne s'appliquent qu'aux services. Les Services peuvent contenir des liens vers d'autres sites web qui ne sont pas exploit\u00e9s ou contr\u00f4l\u00e9s par Hexibella. Nous ne sommes pas responsables du contenu, de l'exactitude ou des opinions exprim\u00e9es sur ces sites web, et ces sites web ne font pas l'objet d'une enqu\u00eate, d'un contr\u00f4le ou d'une v\u00e9rification de notre part quant \u00e0 leur exactitude ou leur exhaustivit\u00e9. N'oubliez pas que lorsque vous utilisez un lien pour passer des services \u00e0 un autre site web, nos conditions g\u00e9n\u00e9rales ne sont plus en vigueur. Votre navigation et votre interaction sur tout autre site web, y compris ceux qui ont un lien sur notre plateforme, sont soumises aux r\u00e8gles et politiques propres \u00e0 ce site web. Ces tiers peuvent utiliser leurs propres cookies ou d'autres m\u00e9thodes pour collecter des informations vous concernant.<\/p>\n\n\n\n<p><strong>COOKIES<\/strong><\/p>\n\n\n\n<p>Hexibella utilise des \"cookies\" pour identifier les zones de notre site que vous avez visit\u00e9es. Un cookie est un petit \u00e9l\u00e9ment de donn\u00e9es stock\u00e9 sur votre ordinateur ou votre appareil mobile par votre navigateur web. Nous utilisons des cookies pour am\u00e9liorer les performances et les fonctionnalit\u00e9s de notre site web, mais leur utilisation n'est pas essentielle. Toutefois, sans ces cookies, certaines fonctionnalit\u00e9s telles que les vid\u00e9os pourraient devenir indisponibles, ou vous seriez oblig\u00e9 de saisir vos donn\u00e9es de connexion \u00e0 chaque fois que vous visitez le site web, car nous ne pourrions pas nous souvenir que vous vous \u00eates connect\u00e9 pr\u00e9c\u00e9demment. La plupart des navigateurs web peuvent \u00eatre configur\u00e9s pour d\u00e9sactiver l'utilisation des cookies. Toutefois, si vous d\u00e9sactivez les cookies, il se peut que vous ne puissiez pas acc\u00e9der correctement ou pas du tout aux fonctionnalit\u00e9s de notre site web. Nous ne pla\u00e7ons jamais d'informations personnellement identifiables dans les cookies.<\/p>\n\n\n\n<p><strong>MODIFICATIONS DE NOS CONDITIONS G\u00c9N\u00c9RALES<\/strong><\/p>\n\n\n\n<p>Vous reconnaissez et acceptez qu'Hexibella peut cesser (de fa\u00e7on permanente ou temporaire) de fournir le Service (ou toute fonctionnalit\u00e9 du Service) \u00e0 vous ou aux utilisateurs en g\u00e9n\u00e9ral, \u00e0 la seule discr\u00e9tion d'Hexibella, sans vous en informer au pr\u00e9alable. Vous pouvez cesser d'utiliser le Service \u00e0 tout moment. Vous n'avez pas besoin d'informer sp\u00e9cifiquement Hexibella lorsque vous cessez d'utiliser le Service. Vous reconnaissez et acceptez que si Hexibella d\u00e9sactive l'acc\u00e8s \u00e0 votre compte, vous pouvez \u00eatre emp\u00each\u00e9 d'acc\u00e9der au Service, aux d\u00e9tails de votre compte, ou \u00e0 tout fichier ou autre mat\u00e9riel contenu dans votre compte.<\/p>\n\n\n\n<p>Si nous d\u00e9cidons de modifier nos conditions g\u00e9n\u00e9rales, nous publierons ces modifications sur cette page et\/ou mettrons \u00e0 jour la date de modification des conditions g\u00e9n\u00e9rales ci-dessous.<\/p>\n\n\n\n<p><strong>MODIFICATIONS DE NOTRE SITE WEB<\/strong><\/p>\n\n\n\n<p>Hexibella se r\u00e9serve le droit de modifier, de suspendre ou d'interrompre, temporairement ou d\u00e9finitivement, le site web ou tout service auquel il est connect\u00e9, avec ou sans pr\u00e9avis et sans responsabilit\u00e9 envers vous.<\/p>\n\n\n\n<p><strong>MISES \u00c0 JOUR DE NOTRE SITE WEB<\/strong><\/p>\n\n\n\n<p>Hexibella peut de temps \u00e0 autre apporter des am\u00e9liorations aux caract\u00e9ristiques\/fonctionnalit\u00e9s du site web, ce qui peut inclure des correctifs, des corrections de bogues, des mises \u00e0 jour, des mises \u00e0 niveau et d'autres modifications (\"Mises \u00e0 jour\").<\/p>\n\n\n\n<p>Les Mises \u00e0 jour peuvent modifier ou supprimer certaines caract\u00e9ristiques et\/ou fonctionnalit\u00e9s du site. Vous reconnaissez qu'Hexibella n'a aucune obligation de (i) fournir des Mises \u00e0 jour ou (ii) de continuer \u00e0 vous fournir ou \u00e0 activer des caract\u00e9ristiques et\/ou des fonctionnalit\u00e9s particuli\u00e8res du site web.<\/p>\n\n\n\n<p>Vous acceptez en outre que toutes les mises \u00e0 jour soient (i) consid\u00e9r\u00e9es comme faisant partie int\u00e9grante du site web et (ii) soumises aux conditions g\u00e9n\u00e9rales du pr\u00e9sent accord.<\/p>\n\n\n\n<p><strong>SERVICES AUX TIERS<\/strong><\/p>\n\n\n\n<p>Nous pouvons afficher, inclure ou mettre \u00e0 disposition du contenu de tiers (y compris des donn\u00e9es, des informations, des applications et d'autres services de produits) ou fournir des liens vers des sites web ou des services de tiers (\"services de tiers\").<\/p>\n\n\n\n<p>Vous reconnaissez et acceptez qu'Hexibella ne soit pas responsable des Services Tiers, y compris de leur exactitude, exhaustivit\u00e9, actualit\u00e9, validit\u00e9, respect des droits d'auteur, l\u00e9galit\u00e9, d\u00e9cence, qualit\u00e9 ou tout autre aspect de ceux-ci. Hexibella n'assume et n'aura aucune responsabilit\u00e9 envers vous ou toute autre personne ou entit\u00e9 pour les Services Tiers.<\/p>\n\n\n\n<p>Les services de tiers et les liens vers ceux-ci sont fournis uniquement pour votre commodit\u00e9 et vous y acc\u00e9dez et les utilisez enti\u00e8rement \u00e0 vos propres risques et sous r\u00e9serve des conditions g\u00e9n\u00e9rales de ces tiers.<\/p>\n\n\n\n<p><strong>DUR\u00c9E ET R\u00c9SILIATION<\/strong><\/p>\n\n\n\n<p>Le pr\u00e9sent accord restera en vigueur jusqu'\u00e0 ce qu'il soit r\u00e9sili\u00e9 par vous ou par Hexibella.<\/p>\n\n\n\n<p>Hexibella peut, \u00e0 sa seule discr\u00e9tion, \u00e0 tout moment et pour quelque raison que ce soit, suspendre ou r\u00e9silier le pr\u00e9sent accord.<\/p>\n\n\n\n<p><strong>CONTACTEZ-NOUS<\/strong><\/p>\n\n\n\n<p>Si vous avez des questions, des commentaires ou des pr\u00e9occupations, veuillez nous contacter \u00e0 l'adresse suivante<\/p>\n\n\n\n<p><strong>Nom de l'entreprise<\/strong>: Hexibella<\/p>\n\n\n\n<p><strong>Num\u00e9ro de t\u00e9l\u00e9phone<\/strong>: +1 (213)-477-3615<\/p>\n\n\n\n<p><strong>Courriel<\/strong>: support@hexibella.com<\/p>\n\n\n\n<p><strong>Adresse<\/strong>: 10250 Santa Monica Blvd, Los Angeles, CA 90067, \u00c9tats-Unis<\/p>\n\n\n\n<p><strong>Heures d'ouverture<\/strong>Horaires de travail : 9am EST - 5pm EST (lundi-vendredi)<\/p>\n\n\n\n<p><\/p>","protected":false},"excerpt":{"rendered":"<p>Hexibella United States Home Phone Number: +1 (213)-477-3615 Email: support@hexibella.com Address: 10250 Santa Monica Blvd, Los Angeles, CA 90067, United States GENERAL TERMS AND CONDITIONS By accessing and placing an order with Hexibella, you confirm that you agree to and are bound by the service terms contained in the General Terms and Conditions outlined below. [&hellip;]<\/p>\n","protected":false},"author":1,"featured_media":0,"parent":0,"menu_order":13,"comment_status":"closed","ping_status":"closed","template":"","meta":{"_acf_changed":false,"bwfblock_default_font":"","_uag_custom_page_level_css":"","footnotes":""},"class_list":["post-107","page","type-page","status-publish","hentry"],"blocksy_meta":[],"acf":[],"uagb_featured_image_src":{"full":false,"thumbnail":false,"medium":false,"medium_large":false,"large":false,"1536x1536":false,"2048x2048":false,"trp-custom-language-flag":false,"woocommerce_archive_thumbnail":false,"woocommerce_thumbnail":false,"woocommerce_single":false,"woocommerce_gallery_thumbnail":false},"uagb_author_info":{"display_name":"admin","author_link":"https:\/\/hexibella.com\/fr\/author\/admin_v6jhkhci\/"},"uagb_comment_info":0,"uagb_excerpt":"Hexibella United States Home Phone Number: +1 (213)-477-3615 Email: support@hexibella.com Address: 10250 Santa Monica Blvd, Los Angeles, CA 90067, United States GENERAL TERMS AND CONDITIONS By accessing and placing an order with Hexibella, you confirm that you agree to and are bound by the service terms contained in the General Terms and Conditions outlined below.\u2026","_links":{"self":[{"href":"https:\/\/hexibella.com\/fr\/wp-json\/wp\/v2\/pages\/107","targetHints":{"allow":["GET"]}}],"collection":[{"href":"https:\/\/hexibella.com\/fr\/wp-json\/wp\/v2\/pages"}],"about":[{"href":"https:\/\/hexibella.com\/fr\/wp-json\/wp\/v2\/types\/page"}],"author":[{"embeddable":true,"href":"https:\/\/hexibella.com\/fr\/wp-json\/wp\/v2\/users\/1"}],"replies":[{"embeddable":true,"href":"https:\/\/hexibella.com\/fr\/wp-json\/wp\/v2\/comments?post=107"}],"version-history":[{"count":0,"href":"https:\/\/hexibella.com\/fr\/wp-json\/wp\/v2\/pages\/107\/revisions"}],"wp:attachment":[{"href":"https:\/\/hexibella.com\/fr\/wp-json\/wp\/v2\/media?parent=107"}],"curies":[{"name":"wp","href":"https:\/\/api.w.org\/{rel}","templated":true}]}}