{"id":642,"date":"2024-11-17T21:14:00","date_gmt":"2024-11-18T04:14:00","guid":{"rendered":"https:\/\/www.hexibella.com\/product\/hexibella-leather-boots\/"},"modified":"2025-01-25T15:35:29","modified_gmt":"2025-01-25T22:35:29","slug":"bottes-en-cuir-hexibella-2","status":"publish","type":"product","link":"https:\/\/hexibella.com\/fr\/produit\/bottes-en-cuir-hexibella-2\/","title":{"rendered":"Bottes en cuir Hexibella"},"content":{"rendered":"<div class=\"wp-block-uagb-testimonial uagb-slick-carousel uagb-tm__arrow-outside uagb-block-2a04bfe9\"><div class=\"is-carousel uagb-tm__columns-1 uagb-tm__items\"><div class=\"uagb-testimonial__wrap  uagb-tm__imgicon-style-circle uagb-tm__image-position-bottom uagb-tm__bg-type-none\"><div class=\"uagb-tm__content\"><div class=\"uagb-tm__overlay\"><\/div><div class=\"uagb-tm__text-wrap\"><div class=\"uagb-tm__desc\">Je n'ai jamais eu une paire de bottes aussi agr\u00e9ables au toucher. Le cuir est doux et elles sont parfaitement ajust\u00e9es. Je re\u00e7ois des compliments \u00e0 chaque fois que je les porte !<\/div><div class=\"uagb-tm__meta-inner\"><div class=\"uagb-testimonial-details\"><span class=\"uagb-tm__author-name\"><strong>Camille Dupont<\/strong><\/span><span class=\"uagb-tm__company\">France, \u2b50\u2b50\u2b50\u2b50\u2b50<\/span><\/div><\/div><\/div><\/div><\/div><div class=\"uagb-testimonial__wrap  uagb-tm__imgicon-style-circle uagb-tm__image-position-bottom uagb-tm__bg-type-none\"><div class=\"uagb-tm__content\"><div class=\"uagb-tm__overlay\"><\/div><div class=\"uagb-tm__text-wrap\"><div class=\"uagb-tm__desc\">Je porte ces bottes tous les jours et elles ont encore l'air toutes neuves \ud83d\udc95\ud83d\udc95 le cuir ne se froisse jamais. Elles sont \u00e9l\u00e9gantes, durables et valent chaque centime !<\/div><div class=\"uagb-tm__meta-inner\"><div class=\"uagb-testimonial-details\"><span class=\"uagb-tm__author-name\"><strong><strong>Clara M\u00fcller<\/strong><\/strong><\/span><span class=\"uagb-tm__company\">Allemagne, \u2b50\u2b50\u2b50\u2b50\u2b50<\/span><\/div><\/div><\/div><\/div><\/div><div class=\"uagb-testimonial__wrap  uagb-tm__imgicon-style-circle uagb-tm__image-position-bottom uagb-tm__bg-type-none\"><div class=\"uagb-tm__content\"><div class=\"uagb-tm__overlay\"><\/div><div class=\"uagb-tm__text-wrap\"><div class=\"uagb-tm__desc\">Je viens d'acheter une deuxi\u00e8me paire pour ma fille. Je peux les porter toute la journ\u00e9e sans aucune g\u00eane et elles sont superbes avec toutes les tenues que j'ai. Fortement recommand\u00e9 !<\/div><div class=\"uagb-tm__meta-inner\"><div class=\"uagb-testimonial-details\"><span class=\"uagb-tm__author-name\"><strong><strong>Isabelle Fournier<\/strong><\/strong><\/span><span class=\"uagb-tm__company\">France, \u2b50\u2b50\u2b50\u2b50\u2b50<\/span><\/div><\/div><\/div><\/div><\/div><\/div><\/div>\n\n\n\n<div style=\"height:64px\" aria-hidden=\"true\" class=\"wp-block-spacer\"><\/div>\n\n\n\n<div class=\"wp-block-media-text has-media-on-the-right is-stacked-on-mobile\"><div class=\"wp-block-media-text__content\">\n<p>Nos bottes en cuir sont simples, \u00e9l\u00e9gantes et toujours \u00e0 la mode. Elles s'accordent avec presque tout ce qui se trouve dans votre garde-robe, vous aidant \u00e0 vous d\u00e9marquer et \u00e0 rehausser votre tenue ! Parfaites pour le travail, les promenades d\u00e9contract\u00e9es ou les f\u00eates.<\/p>\n<\/div><figure class=\"wp-block-media-text__media\"><img decoding=\"async\" width=\"1024\" height=\"1024\" src=\"https:\/\/hexibella.com\/\/www.hexibella.com\/wp-content\/uploads\/2024\/11\/75b018bc-3a9b-4430-a07e-9d73cf3df694-1024x1024.jpg\" alt=\"\" class=\"wp-image-639 size-full\" srcset=\"https:\/\/hexibella.com\/wp-content\/uploads\/2024\/11\/75b018bc-3a9b-4430-a07e-9d73cf3df694-1024x1024.jpg 1024w, https:\/\/hexibella.com\/wp-content\/uploads\/2024\/11\/75b018bc-3a9b-4430-a07e-9d73cf3df694-300x300.jpg 300w, https:\/\/hexibella.com\/wp-content\/uploads\/2024\/11\/75b018bc-3a9b-4430-a07e-9d73cf3df694-80x80.jpg 80w, https:\/\/hexibella.com\/wp-content\/uploads\/2024\/11\/75b018bc-3a9b-4430-a07e-9d73cf3df694-800x800.jpg 800w, https:\/\/hexibella.com\/wp-content\/uploads\/2024\/11\/75b018bc-3a9b-4430-a07e-9d73cf3df694-150x150.jpg 150w, https:\/\/hexibella.com\/wp-content\/uploads\/2024\/11\/75b018bc-3a9b-4430-a07e-9d73cf3df694-768x768.jpg 768w, https:\/\/hexibella.com\/wp-content\/uploads\/2024\/11\/75b018bc-3a9b-4430-a07e-9d73cf3df694.jpg 1200w\" sizes=\"(max-width: 1024px) 100vw, 1024px\" \/><\/figure><\/div>\n\n\n\n<div class=\"wp-block-media-text is-stacked-on-mobile\" style=\"padding-top:var(--wp--preset--spacing--30);padding-bottom:var(--wp--preset--spacing--30)\"><figure class=\"wp-block-media-text__media\"><img decoding=\"async\" width=\"1024\" height=\"1024\" src=\"https:\/\/hexibella.com\/\/www.hexibella.com\/wp-content\/uploads\/2024\/11\/40ed6459-2625-4067-80c4-934dbf15ed45-1024x1024.jpg\" alt=\"\" class=\"wp-image-621 size-full\" srcset=\"https:\/\/hexibella.com\/wp-content\/uploads\/2024\/11\/40ed6459-2625-4067-80c4-934dbf15ed45-1024x1024.jpg 1024w, https:\/\/hexibella.com\/wp-content\/uploads\/2024\/11\/40ed6459-2625-4067-80c4-934dbf15ed45-300x300.jpg 300w, https:\/\/hexibella.com\/wp-content\/uploads\/2024\/11\/40ed6459-2625-4067-80c4-934dbf15ed45-80x80.jpg 80w, https:\/\/hexibella.com\/wp-content\/uploads\/2024\/11\/40ed6459-2625-4067-80c4-934dbf15ed45-800x800.jpg 800w, https:\/\/hexibella.com\/wp-content\/uploads\/2024\/11\/40ed6459-2625-4067-80c4-934dbf15ed45-150x150.jpg 150w, https:\/\/hexibella.com\/wp-content\/uploads\/2024\/11\/40ed6459-2625-4067-80c4-934dbf15ed45-768x768.jpg 768w, https:\/\/hexibella.com\/wp-content\/uploads\/2024\/11\/40ed6459-2625-4067-80c4-934dbf15ed45.jpg 1200w\" sizes=\"(max-width: 1024px) 100vw, 1024px\" \/><\/figure><div class=\"wp-block-media-text__content\">\n<p>Ces bottes sont fabriqu\u00e9es en cuir de haute qualit\u00e9, solide et fiable. Elles r\u00e9sistent \u00e0 la pluie, aux longues marches et aux journ\u00e9es bien remplies. Vous pouvez leur faire confiance pour qu'elles restent en pleine forme pendant des ann\u00e9es. L'int\u00e9rieur est doubl\u00e9 d'une peluche douce pour un confort maximal tout au long de la journ\u00e9e !<\/p>\n<\/div><\/div>\n\n\n\n<div class=\"wp-block-media-text has-media-on-the-right is-stacked-on-mobile\"><div class=\"wp-block-media-text__content\">\n<p>Con\u00e7ues pour \u00eatre port\u00e9es toute la journ\u00e9e, ces bottes d'hiver offrent un confort maximal gr\u00e2ce \u00e0 des semelles int\u00e9rieures matelass\u00e9es et \u00e0 une isolation respirante. La semelle antid\u00e9rapante permet \u00e9galement de se sentir en confiance sur les chemins glac\u00e9s !<\/p>\n<\/div><figure class=\"wp-block-media-text__media\"><img decoding=\"async\" width=\"1024\" height=\"1024\" src=\"https:\/\/hexibella.com\/\/www.hexibella.com\/wp-content\/uploads\/2024\/11\/1773750d-74c1-48ff-8cb6-eea94c12b598-1024x1024.jpg\" alt=\"\" class=\"wp-image-636 size-full\" srcset=\"https:\/\/hexibella.com\/wp-content\/uploads\/2024\/11\/1773750d-74c1-48ff-8cb6-eea94c12b598-1024x1024.jpg 1024w, https:\/\/hexibella.com\/wp-content\/uploads\/2024\/11\/1773750d-74c1-48ff-8cb6-eea94c12b598-300x300.jpg 300w, https:\/\/hexibella.com\/wp-content\/uploads\/2024\/11\/1773750d-74c1-48ff-8cb6-eea94c12b598-80x80.jpg 80w, https:\/\/hexibella.com\/wp-content\/uploads\/2024\/11\/1773750d-74c1-48ff-8cb6-eea94c12b598-800x800.jpg 800w, https:\/\/hexibella.com\/wp-content\/uploads\/2024\/11\/1773750d-74c1-48ff-8cb6-eea94c12b598-150x150.jpg 150w, https:\/\/hexibella.com\/wp-content\/uploads\/2024\/11\/1773750d-74c1-48ff-8cb6-eea94c12b598-768x768.jpg 768w, https:\/\/hexibella.com\/wp-content\/uploads\/2024\/11\/1773750d-74c1-48ff-8cb6-eea94c12b598.jpg 1200w\" sizes=\"(max-width: 1024px) 100vw, 1024px\" \/><\/figure><\/div>\n\n\n\n<div style=\"height:23px\" aria-hidden=\"true\" class=\"wp-block-spacer\"><\/div>\n\n\n\n<div class=\"wp-block-uagb-advanced-heading uagb-block-5c408e91\"><h2 class=\"uagb-heading-text\">Questions fr\u00e9quemment pos\u00e9es<\/h2><\/div>\n\n\n<div class=\"wp-block-uagb-faq uagb-faq__outer-wrap uagb-block-edb52445 uagb-faq-icon-row uagb-faq-layout-accordion uagb-faq-expand-first-false uagb-faq-inactive-other-true uagb-faq__wrap uagb-buttons-layout-wrap uagb-faq-equal-height\" data-faqtoggle=\"true\" role=\"tablist\"><div class=\"wp-block-uagb-faq-child uagb-faq-child__outer-wrap uagb-faq-item uagb-block-898a77c6\" role=\"tab\" tabindex=\"0\"><div class=\"uagb-faq-questions-button uagb-faq-questions\">\t\t\t<span class=\"uagb-icon uagb-faq-icon-wrap\">\n\t\t\t\t\t\t\t\t<svg xmlns=\"https:\/\/www.w3.org\/2000\/svg\" viewbox= \"0 0 448 512\"><path d=\"M432 256c0 17.69-14.33 32.01-32 32.01H256v144c0 17.69-14.33 31.99-32 31.99s-32-14.3-32-31.99v-144H48c-17.67 0-32-14.32-32-32.01s14.33-31.99 32-31.99H192v-144c0-17.69 14.33-32.01 32-32.01s32 14.32 32 32.01v144h144C417.7 224 432 238.3 432 256z\"><\/path><\/svg>\n\t\t\t\t\t\t\t<\/span>\n\t\t\t\t\t\t<span class=\"uagb-icon-active uagb-faq-icon-wrap\">\n\t\t\t\t\t\t\t\t<svg xmlns=\"https:\/\/www.w3.org\/2000\/svg\" viewbox= \"0 0 448 512\"><path d=\"M400 288h-352c-17.69 0-32-14.32-32-32.01s14.31-31.99 32-31.99h352c17.69 0 32 14.3 32 31.99S417.7 288 400 288z\"><\/path><\/svg>\n\t\t\t\t\t\t\t<\/span>\n\t\t\t<span class=\"uagb-question\">L'exp\u00e9dition est-elle gratuite ? Combien de temps cela prend-il ?<\/span><\/div><div class=\"uagb-faq-content\"><p>Les frais d'exp\u00e9dition sont inclus dans le prix et le d\u00e9lai de livraison est de 5 \u00e0 9 jours ouvrables.<\/p><\/div><\/div><div class=\"wp-block-uagb-faq-child uagb-faq-child__outer-wrap uagb-faq-item uagb-block-6349a889\" role=\"tab\" tabindex=\"0\"><div class=\"uagb-faq-questions-button uagb-faq-questions\">\t\t\t<span class=\"uagb-icon uagb-faq-icon-wrap\">\n\t\t\t\t\t\t\t\t<svg xmlns=\"https:\/\/www.w3.org\/2000\/svg\" viewbox= \"0 0 448 512\"><path d=\"M432 256c0 17.69-14.33 32.01-32 32.01H256v144c0 17.69-14.33 31.99-32 31.99s-32-14.3-32-31.99v-144H48c-17.67 0-32-14.32-32-32.01s14.33-31.99 32-31.99H192v-144c0-17.69 14.33-32.01 32-32.01s32 14.32 32 32.01v144h144C417.7 224 432 238.3 432 256z\"><\/path><\/svg>\n\t\t\t\t\t\t\t<\/span>\n\t\t\t\t\t\t<span class=\"uagb-icon-active uagb-faq-icon-wrap\">\n\t\t\t\t\t\t\t\t<svg xmlns=\"https:\/\/www.w3.org\/2000\/svg\" viewbox= \"0 0 448 512\"><path d=\"M400 288h-352c-17.69 0-32-14.32-32-32.01s14.31-31.99 32-31.99h352c17.69 0 32 14.3 32 31.99S417.7 288 400 288z\"><\/path><\/svg>\n\t\t\t\t\t\t\t<\/span>\n\t\t\t<span class=\"uagb-question\">Avez-vous une garantie de remboursement ?<\/span><\/div><div class=\"uagb-faq-content\"><p>Oui ! Nous offrons des retours gratuits pendant 30 jours sur toutes les commandes.<\/p><\/div><\/div><div class=\"wp-block-uagb-faq-child uagb-faq-child__outer-wrap uagb-faq-item uagb-block-8e3db11c\" role=\"tab\" tabindex=\"0\"><div class=\"uagb-faq-questions-button uagb-faq-questions\">\t\t\t<span class=\"uagb-icon uagb-faq-icon-wrap\">\n\t\t\t\t\t\t\t\t<svg xmlns=\"https:\/\/www.w3.org\/2000\/svg\" viewbox= \"0 0 448 512\"><path d=\"M432 256c0 17.69-14.33 32.01-32 32.01H256v144c0 17.69-14.33 31.99-32 31.99s-32-14.3-32-31.99v-144H48c-17.67 0-32-14.32-32-32.01s14.33-31.99 32-31.99H192v-144c0-17.69 14.33-32.01 32-32.01s32 14.32 32 32.01v144h144C417.7 224 432 238.3 432 256z\"><\/path><\/svg>\n\t\t\t\t\t\t\t<\/span>\n\t\t\t\t\t\t<span class=\"uagb-icon-active uagb-faq-icon-wrap\">\n\t\t\t\t\t\t\t\t<svg xmlns=\"https:\/\/www.w3.org\/2000\/svg\" viewbox= \"0 0 448 512\"><path d=\"M400 288h-352c-17.69 0-32-14.32-32-32.01s14.31-31.99 32-31.99h352c17.69 0 32 14.3 32 31.99S417.7 288 400 288z\"><\/path><\/svg>\n\t\t\t\t\t\t\t<\/span>\n\t\t\t<span class=\"uagb-question\">Mes informations de paiement sont-elles s\u00fbres ?<\/span><\/div><div class=\"uagb-faq-content\"><p>Vos informations de paiement sont enti\u00e8rement crypt\u00e9es et s\u00e9curis\u00e9es. Nous utilisons Stripe et PayPal pour traiter les transactions et ces deux services utilisent des techniques de cryptage avanc\u00e9es pour garantir la s\u00e9curit\u00e9 de vos informations de paiement.<\/p><\/div><\/div><div class=\"wp-block-uagb-faq-child uagb-faq-child__outer-wrap uagb-faq-item uagb-block-7229b0cf\" role=\"tab\" tabindex=\"0\"><div class=\"uagb-faq-questions-button uagb-faq-questions\">\t\t\t<span class=\"uagb-icon uagb-faq-icon-wrap\">\n\t\t\t\t\t\t\t\t<svg xmlns=\"https:\/\/www.w3.org\/2000\/svg\" viewbox= \"0 0 448 512\"><path d=\"M432 256c0 17.69-14.33 32.01-32 32.01H256v144c0 17.69-14.33 31.99-32 31.99s-32-14.3-32-31.99v-144H48c-17.67 0-32-14.32-32-32.01s14.33-31.99 32-31.99H192v-144c0-17.69 14.33-32.01 32-32.01s32 14.32 32 32.01v144h144C417.7 224 432 238.3 432 256z\"><\/path><\/svg>\n\t\t\t\t\t\t\t<\/span>\n\t\t\t\t\t\t<span class=\"uagb-icon-active uagb-faq-icon-wrap\">\n\t\t\t\t\t\t\t\t<svg xmlns=\"https:\/\/www.w3.org\/2000\/svg\" viewbox= \"0 0 448 512\"><path d=\"M400 288h-352c-17.69 0-32-14.32-32-32.01s14.31-31.99 32-31.99h352c17.69 0 32 14.3 32 31.99S417.7 288 400 288z\"><\/path><\/svg>\n\t\t\t\t\t\t\t<\/span>\n\t\t\t<span class=\"uagb-question\">Puis-je suivre ma commande ?<\/span><\/div><div class=\"uagb-faq-content\"><p>Oui. Une fois la commande exp\u00e9di\u00e9e, nous vous enverrons un courrier \u00e9lectronique vous informant de l'\u00e9tat de votre commande et contenant un num\u00e9ro de suivi.<\/p><\/div><\/div><\/div>\n\n\n<p><\/p>","protected":false},"excerpt":{"rendered":"<p>\u2b50\ufe0f Le prix comprend les frais d'exp\u00e9dition<br \/>\ud83d\ude9a 5-9 Day Shipping<br \/>Retour gratuit pendant 30 jours<\/p>","protected":false},"featured_media":630,"template":"","meta":{"_acf_changed":false,"bwfblock_default_font":"","_uag_custom_page_level_css":""},"product_brand":[],"product_cat":[68],"product_tag":[],"class_list":{"0":"post-642","1":"product","2":"type-product","3":"status-publish","4":"has-post-thumbnail","6":"product_cat-shoes","8":"first","9":"instock","10":"sale","11":"taxable","12":"shipping-taxable","13":"purchasable","14":"product-type-variable"},"acf":[],"uagb_featured_image_src":{"full":["https:\/\/hexibella.com\/wp-content\/uploads\/2024\/11\/9be74e61-b1bc-40f9-a023-042ee39ac792.jpg",1200,1200,false],"thumbnail":["https:\/\/hexibella.com\/wp-content\/uploads\/2024\/11\/9be74e61-b1bc-40f9-a023-042ee39ac792-150x150.jpg",150,150,true],"medium":["https:\/\/hexibella.com\/wp-content\/uploads\/2024\/11\/9be74e61-b1bc-40f9-a023-042ee39ac792-300x300.jpg",300,300,true],"medium_large":["https:\/\/hexibella.com\/wp-content\/uploads\/2024\/11\/9be74e61-b1bc-40f9-a023-042ee39ac792-768x768.jpg",768,768,true],"large":["https:\/\/hexibella.com\/wp-content\/uploads\/2024\/11\/9be74e61-b1bc-40f9-a023-042ee39ac792-1024x1024.jpg",1024,1024,true],"1536x1536":["https:\/\/hexibella.com\/wp-content\/uploads\/2024\/11\/9be74e61-b1bc-40f9-a023-042ee39ac792.jpg",1200,1200,false],"2048x2048":["https:\/\/hexibella.com\/wp-content\/uploads\/2024\/11\/9be74e61-b1bc-40f9-a023-042ee39ac792.jpg",1200,1200,false],"trp-custom-language-flag":["https:\/\/hexibella.com\/wp-content\/uploads\/2024\/11\/9be74e61-b1bc-40f9-a023-042ee39ac792.jpg",12,12,false],"woocommerce_archive_thumbnail":["https:\/\/hexibella.com\/wp-content\/uploads\/2024\/11\/9be74e61-b1bc-40f9-a023-042ee39ac792-300x300.jpg",300,300,true],"woocommerce_thumbnail":["https:\/\/hexibella.com\/wp-content\/uploads\/2024\/11\/9be74e61-b1bc-40f9-a023-042ee39ac792-300x300.jpg",300,300,true],"woocommerce_single":["https:\/\/hexibella.com\/wp-content\/uploads\/2024\/11\/9be74e61-b1bc-40f9-a023-042ee39ac792-800x800.jpg",800,800,true],"woocommerce_gallery_thumbnail":["https:\/\/hexibella.com\/wp-content\/uploads\/2024\/11\/9be74e61-b1bc-40f9-a023-042ee39ac792-80x80.jpg",80,80,true]},"uagb_author_info":{"display_name":"admin","author_link":"https:\/\/hexibella.com\/fr\/author\/"},"uagb_comment_info":0,"uagb_excerpt":"\u2b50\ufe0f Price Includes Shipping Costs\ud83d\ude9a 5-9 Day Shipping\ud83d\udd04 Free Returns For 30 Days","_links":{"self":[{"href":"https:\/\/hexibella.com\/fr\/wp-json\/wp\/v2\/product\/642","targetHints":{"allow":["GET"]}}],"collection":[{"href":"https:\/\/hexibella.com\/fr\/wp-json\/wp\/v2\/product"}],"about":[{"href":"https:\/\/hexibella.com\/fr\/wp-json\/wp\/v2\/types\/product"}],"wp:featuredmedia":[{"embeddable":true,"href":"https:\/\/hexibella.com\/fr\/wp-json\/wp\/v2\/media\/630"}],"wp:attachment":[{"href":"https:\/\/hexibella.com\/fr\/wp-json\/wp\/v2\/media?parent=642"}],"wp:term":[{"taxonomy":"product_brand","embeddable":true,"href":"https:\/\/hexibella.com\/fr\/wp-json\/wp\/v2\/product_brand?post=642"},{"taxonomy":"product_cat","embeddable":true,"href":"https:\/\/hexibella.com\/fr\/wp-json\/wp\/v2\/product_cat?post=642"},{"taxonomy":"product_tag","embeddable":true,"href":"https:\/\/hexibella.com\/fr\/wp-json\/wp\/v2\/product_tag?post=642"}],"curies":[{"name":"wp","href":"https:\/\/api.w.org\/{rel}","templated":true}]}}