{"id":107,"date":"2024-11-08T14:53:50","date_gmt":"2024-11-08T21:53:50","guid":{"rendered":"https:\/\/hexibella.com\/?page_id=107"},"modified":"2025-01-22T14:18:50","modified_gmt":"2025-01-22T21:18:50","slug":"condizioni-di-servizio","status":"publish","type":"page","link":"https:\/\/hexibella.com\/it\/condizioni-di-servizio\/","title":{"rendered":"Termini di servizio"},"content":{"rendered":"<p>Esibella<\/p>\n\n\n\n<p>Stati Uniti<\/p>\n\n\n\n<p><a href=\"https:\/\/hexibella.com\/it\/hexibella.com\/\">Casa<\/a><\/p>\n\n\n\n<p><strong>Numero di telefono<\/strong>: +1 (213)-477-3615<\/p>\n\n\n\n<p><strong>Email<\/strong>: support@hexibella.com<\/p>\n\n\n\n<p><strong>Indirizzo<\/strong>: 10250 Santa Monica Blvd, Los Angeles, CA 90067, Stati Uniti d'America<\/p>\n\n\n\n<p><strong>CONDIZIONI GENERALI DI CONTRATTO<\/strong><\/p>\n\n\n\n<p>Accedendo a Hexibella ed effettuando un ordine, l'utente conferma di accettare e di essere vincolato ai termini di servizio contenuti nelle Condizioni Generali di seguito riportate. Questi termini si applicano all'intero sito web e a qualsiasi e-mail o altra forma di comunicazione tra l'utente e Hexibella.<\/p>\n\n\n\n<p>In nessun caso il team Hexibella sar\u00e0 responsabile per danni diretti, indiretti, speciali, incidentali o consequenziali, inclusi, ma non limitati a, perdite di dati o di profitti, derivanti dall'uso o dall'impossibilit\u00e0 di usare i materiali di questo sito web, anche se il team Hexibella o un rappresentante autorizzato \u00e8 stato informato della possibilit\u00e0 di tali danni. Se l'uso dei materiali di questo sito comporta la necessit\u00e0 di manutenzione, riparazione o correzione di apparecchiature o dati, l'utente si assume i relativi costi.<\/p>\n\n\n\n<p>Hexibella non \u00e8 responsabile di eventuali esiti che possono verificarsi durante l'utilizzo delle nostre risorse. Ci riserviamo il diritto di modificare i prezzi e di rivedere la politica di utilizzo delle risorse in qualsiasi momento.<\/p>\n\n\n\n<p><strong>LICENZA<\/strong><\/p>\n\n\n\n<p>Hexibella concede all'utente una licenza limitata, revocabile, non esclusiva e non trasferibile per il download, l'installazione e l'utilizzo del sito web in stretta conformit\u00e0 con i termini del presente accordo.<\/p>\n\n\n\n<p>Le presenti Condizioni Generali costituiscono un contratto tra l'utente e Hexibella (indicata nelle presenti Condizioni Generali come \"Hexibella\", \"noi\", \"ci\" o \"nostro\"), il fornitore del sito web Hexibella e dei servizi accessibili dal sito web Hexibella (che sono collettivamente indicati nelle presenti Condizioni Generali come il \"Servizio Hexibella\").<\/p>\n\n\n\n<p>L'utente accetta di essere vincolato dai presenti Termini e Condizioni Generali. Se non si accettano i presenti Termini e Condizioni Generali, non utilizzare il Servizio Hexibella. Nei presenti Termini e condizioni generali, il termine \"utente\" si riferisce sia all'utente in quanto persona fisica sia all'entit\u00e0 che rappresenta. In caso di violazione dei presenti Termini e condizioni generali, ci riserviamo il diritto di cancellare l'account dell'utente o di bloccarne l'accesso senza preavviso.<\/p>\n\n\n\n<p><strong>DEFINIZIONI E TERMINI CHIAVE<\/strong><\/p>\n\n\n\n<p>Per aiutare a spiegare le cose nel modo pi\u00f9 chiaro possibile in questi Termini e Condizioni Generali, ogni volta che si fa riferimento a uno qualsiasi di questi termini, essi sono rigorosamente definiti come:<\/p>\n\n\n\n<p>- Cookie: una piccola quantit\u00e0 di dati generata da un sito web e salvata dal browser. Viene utilizzato per identificare il browser, fornire analisi e ricordare informazioni sull'utente, come la lingua preferita o le informazioni di accesso.<\/p>\n\n\n\n<p>- Azienda: quando in questa informativa si parla di \"Azienda\", \"noi\", \"ci\" o \"nostro\", ci si riferisce a Hexibella, 10250 Santa Monica Blvd, Los Angeles, CA 90067, Stati Uniti.&nbsp;<\/p>\n\n\n\n<p>che \u00e8 responsabile delle informazioni dell'utente ai sensi dei presenti Termini e condizioni generali.<\/p>\n\n\n\n<p>- Paese: dove ha sede Hexibella o i proprietari\/fondatori di Hexibella, in questo caso gli Stati Uniti.<\/p>\n\n\n\n<p>- Dispositivo: qualsiasi dispositivo connesso a Internet come un telefono, un tablet, un computer o qualsiasi altro dispositivo che possa essere utilizzato per visitare Hexibella e utilizzare i servizi.<\/p>\n\n\n\n<p>- Servizio: si riferisce al servizio fornito da Hexibella come descritto nelle relative condizioni (se disponibili) e su questa piattaforma.<\/p>\n\n\n\n<p>- Servizio di terze parti: si riferisce a inserzionisti, sponsor di concorsi, partner promozionali e di marketing e altri soggetti che forniscono i nostri contenuti o i cui prodotti o servizi riteniamo possano interessarvi.<\/p>\n\n\n\n<p>- Sito web: Il sito di Hexibella, accessibile tramite questo URL: https:\/\/hexibella.com\/\/hexibella.com<\/p>\n\n\n\n<p>- Utente: persona o entit\u00e0 registrata presso Hexibella per utilizzare i Servizi.<\/p>\n\n\n\n<p><strong>RISTRUTTURAZIONI<\/strong><\/p>\n\n\n\n<p>Accettate di non farlo e di non permettere ad altri di farlo:<\/p>\n\n\n\n<p>- concedere in licenza, vendere, affittare, noleggiare, assegnare, distribuire, trasmettere, ospitare, esternalizzare, divulgare o sfruttare commercialmente in altro modo il sito web o la piattaforma a terzi.<\/p>\n\n\n\n<p>- Modificare, creare opere derivate, disassemblare, decriptare, decompilare o decodificare qualsiasi parte del sito web.<\/p>\n\n\n\n<p>- Rimuovere, alterare o oscurare qualsiasi avviso di propriet\u00e0 (incluso qualsiasi avviso di copyright o marchio di fabbrica) di Hexibella o dei suoi affiliati, partner, fornitori o licenziatari del sito web.<\/p>\n\n\n\n<p><strong>POLITICA DI RESTITUZIONE E RIMBORSO<\/strong><\/p>\n\n\n\n<p>Grazie per aver acquistato da Hexibella. Apprezziamo il fatto che vi piaccia acquistare i prodotti che costruiamo. Vogliamo anche assicurarvi un'esperienza gratificante durante l'esplorazione, la valutazione e l'acquisto dei nostri prodotti.<\/p>\n\n\n\n<p>Come per ogni esperienza di acquisto, anche per le transazioni su Hexibella sono previsti termini e condizioni. Le faremo brevi, nella misura in cui i nostri avvocati ce lo permetteranno. La cosa principale da ricordare \u00e8 che effettuando un ordine o un acquisto presso Hexibella, si accettano i termini indicati di seguito e l'Informativa sulla privacy di Hexibella.<\/p>\n\n\n\n<p>Se, per qualsiasi motivo, non siete completamente soddisfatti di un prodotto o di un servizio da noi fornito, non esitate a contattarci e discuteremo dei problemi che state riscontrando con il nostro prodotto.<\/p>\n\n\n\n<p><strong>I VOSTRI SUGGERIMENTI<\/strong><\/p>\n\n\n\n<p>Qualsiasi feedback, commento, idea, miglioramento o suggerimento (collettivamente, \"Suggerimenti\") fornito dall'utente a Hexibella in relazione al sito web rimarr\u00e0 di esclusiva propriet\u00e0 di Hexibella.<\/p>\n\n\n\n<p>Hexibella sar\u00e0 libera di utilizzare, copiare, modificare, pubblicare o ridistribuire i Suggerimenti per qualsiasi scopo e in qualsiasi modo senza alcun credito o compenso all'utente.<\/p>\n\n\n\n<p><strong>IL VOSTRO CONSENSO<\/strong><\/p>\n\n\n\n<p>Abbiamo aggiornato i nostri Termini e condizioni generali per offrirvi una trasparenza completa su ci\u00f2 che viene impostato quando visitate il nostro sito e su come viene utilizzato. Utilizzando il nostro sito web, registrando un account o effettuando un acquisto, l'utente accetta i nostri Termini e condizioni generali.<\/p>\n\n\n\n<p><strong>LINK AD ALTRI SITI WEB<\/strong><\/p>\n\n\n\n<p>I presenti Termini e condizioni generali si applicano esclusivamente ai Servizi. I Servizi possono contenere link ad altri siti web non gestiti o controllati da Hexibella. Non siamo responsabili del contenuto, dell'accuratezza o delle opinioni espresse in tali siti web, e tali siti non sono da noi indagati, monitorati o controllati per quanto riguarda l'accuratezza o la completezza. Si ricorda che quando si utilizza un link per passare dai Servizi a un altro sito web, i nostri Termini e condizioni generali non sono pi\u00f9 in vigore. La navigazione e l'interazione dell'utente su qualsiasi altro sito web, compresi quelli che hanno un link sulla nostra piattaforma, \u00e8 soggetta alle regole e alle politiche di quel sito web. Tali terze parti possono utilizzare i propri cookie o altri metodi per raccogliere informazioni sull'utente.<\/p>\n\n\n\n<p><strong>COCCOLE<\/strong><\/p>\n\n\n\n<p>Hexibella utilizza i \"cookie\" per identificare le aree del nostro sito web che avete visitato. Un cookie \u00e8 una piccola porzione di dati memorizzata sul vostro computer o dispositivo mobile dal vostro browser web. I cookie vengono utilizzati per migliorare le prestazioni e le funzionalit\u00e0 del nostro sito web, ma non sono essenziali per il loro utilizzo. Tuttavia, senza questi cookie, alcune funzionalit\u00e0, come i video, potrebbero non essere disponibili, oppure vi verrebbe richiesto di inserire i vostri dati di accesso ogni volta che visitate il sito, in quanto non saremmo in grado di ricordare che avete effettuato l'accesso in precedenza. La maggior parte dei browser web pu\u00f2 essere impostata per disabilitare l'uso dei cookie. Tuttavia, se disabilitate i cookie, potreste non essere in grado di accedere correttamente o del tutto alle funzionalit\u00e0 del nostro sito web. Non inseriamo mai informazioni di identificazione personale nei cookie.<\/p>\n\n\n\n<p><strong>MODIFICHE AI NOSTRI TERMINI E CONDIZIONI GENERALI<\/strong><\/p>\n\n\n\n<p>L'utente riconosce e accetta che Hexibella pu\u00f2 interrompere (in modo permanente o temporaneo) la fornitura del Servizio (o di qualsiasi funzione all'interno del Servizio) all'utente o agli utenti in generale a esclusiva discrezione di Hexibella, senza preavviso. L'utente pu\u00f2 smettere di utilizzare il Servizio in qualsiasi momento. Non \u00e8 necessario informare specificamente Hexibella quando si smette di utilizzare il Servizio. L'utente riconosce e accetta che se Hexibella disabilita l'accesso al suo account, potrebbe essergli impedito di accedere al Servizio, ai dati del suo account o a qualsiasi file o altro materiale contenuto nel suo account.<\/p>\n\n\n\n<p>Qualora decidessimo di modificare i nostri Termini e condizioni generali, pubblicheremo tali modifiche su questa pagina e\/o aggiorneremo la data di modifica dei Termini e condizioni generali riportata di seguito.<\/p>\n\n\n\n<p><strong>MODIFICHE AL NOSTRO SITO WEB<\/strong><\/p>\n\n\n\n<p>Hexibella si riserva il diritto di modificare, sospendere o interrompere, temporaneamente o permanentemente, il sito web o qualsiasi servizio a cui si collega, con o senza preavviso e senza alcuna responsabilit\u00e0 nei confronti dell'utente.<\/p>\n\n\n\n<p><strong>AGGIORNAMENTI DEL NOSTRO SITO WEB<\/strong><\/p>\n\n\n\n<p>Hexibella pu\u00f2 di tanto in tanto fornire miglioramenti o perfezionamenti alle caratteristiche\/funzionalit\u00e0 del sito web, che possono includere patch, correzioni di bug, aggiornamenti, upgrade e altre modifiche (\"Aggiornamenti\").<\/p>\n\n\n\n<p>Gli aggiornamenti possono modificare o eliminare alcune caratteristiche e\/o funzionalit\u00e0 del sito web. L'utente accetta che Hexibella non ha alcun obbligo di (i) fornire aggiornamenti o (ii) continuare a fornire o abilitare particolari caratteristiche e\/o funzionalit\u00e0 del sito web all'utente.<\/p>\n\n\n\n<p>L'utente accetta inoltre che tutti gli Aggiornamenti saranno (i) considerati parte integrante del sito web e (ii) soggetti ai termini e alle condizioni del presente Contratto.<\/p>\n\n\n\n<p><strong>SERVIZI DI TERZI<\/strong><\/p>\n\n\n\n<p>Possiamo visualizzare, includere o rendere disponibili contenuti di terzi (compresi dati, informazioni, applicazioni e altri servizi di prodotto) o fornire link a siti web o servizi di terzi (\"Servizi di terzi\").<\/p>\n\n\n\n<p>L'utente riconosce e accetta che Hexibella non sar\u00e0 responsabile di alcun Servizio di Terze Parti, inclusa la loro accuratezza, completezza, tempestivit\u00e0, validit\u00e0, conformit\u00e0 al copyright, legalit\u00e0, decenza, qualit\u00e0 o qualsiasi altro aspetto. Hexibella non si assume e non avr\u00e0 alcuna responsabilit\u00e0 nei confronti dell'utente o di qualsiasi altra persona o entit\u00e0 per i Servizi di terze parti.<\/p>\n\n\n\n<p>I Servizi di terze parti e i relativi link sono forniti esclusivamente per comodit\u00e0 dell'utente, che vi accede e li utilizza a proprio rischio e pericolo e in base ai termini e alle condizioni di tali terze parti.<\/p>\n\n\n\n<p><strong>TERMINE E RISOLUZIONE<\/strong><\/p>\n\n\n\n<p>Il presente Accordo rimarr\u00e0 in vigore fino alla sua risoluzione da parte dell'utente o di Hexibella.<\/p>\n\n\n\n<p>Hexibella pu\u00f2, a sua esclusiva discrezione, in qualsiasi momento e per qualsiasi motivo, sospendere o risolvere il presente Accordo.<\/p>\n\n\n\n<p><strong>CONTATTO<\/strong><\/p>\n\n\n\n<p>Per domande, commenti o dubbi, contattateci all'indirizzo:<\/p>\n\n\n\n<p><strong>Nome dell'azienda<\/strong>: Esibibella<\/p>\n\n\n\n<p><strong>Numero di telefono<\/strong>: +1 (213)-477-3615<\/p>\n\n\n\n<p><strong>Email<\/strong>: support@hexibella.com<\/p>\n\n\n\n<p><strong>Indirizzo<\/strong>: 10250 Santa Monica Blvd, Los Angeles, CA 90067, Stati Uniti d'America<\/p>\n\n\n\n<p><strong>Orari di funzionamento<\/strong>9am EST - 5pm EST (luned\u00ec-venerd\u00ec)<\/p>\n\n\n\n<p><\/p>","protected":false},"excerpt":{"rendered":"<p>Hexibella United States Home Phone Number: +1 (213)-477-3615 Email: support@hexibella.com Address: 10250 Santa Monica Blvd, Los Angeles, CA 90067, United States GENERAL TERMS AND CONDITIONS By accessing and placing an order with Hexibella, you confirm that you agree to and are bound by the service terms contained in the General Terms and Conditions outlined below. [&hellip;]<\/p>\n","protected":false},"author":1,"featured_media":0,"parent":0,"menu_order":13,"comment_status":"closed","ping_status":"closed","template":"","meta":{"_acf_changed":false,"bwfblock_default_font":"","_uag_custom_page_level_css":"","footnotes":""},"class_list":["post-107","page","type-page","status-publish","hentry"],"blocksy_meta":[],"acf":[],"uagb_featured_image_src":{"full":false,"thumbnail":false,"medium":false,"medium_large":false,"large":false,"1536x1536":false,"2048x2048":false,"trp-custom-language-flag":false,"woocommerce_archive_thumbnail":false,"woocommerce_thumbnail":false,"woocommerce_single":false,"woocommerce_gallery_thumbnail":false},"uagb_author_info":{"display_name":"admin","author_link":"https:\/\/hexibella.com\/it\/author\/admin_v6jhkhci\/"},"uagb_comment_info":0,"uagb_excerpt":"Hexibella United States Home Phone Number: +1 (213)-477-3615 Email: support@hexibella.com Address: 10250 Santa Monica Blvd, Los Angeles, CA 90067, United States GENERAL TERMS AND CONDITIONS By accessing and placing an order with Hexibella, you confirm that you agree to and are bound by the service terms contained in the General Terms and Conditions outlined below.&hellip;","_links":{"self":[{"href":"https:\/\/hexibella.com\/it\/wp-json\/wp\/v2\/pages\/107","targetHints":{"allow":["GET"]}}],"collection":[{"href":"https:\/\/hexibella.com\/it\/wp-json\/wp\/v2\/pages"}],"about":[{"href":"https:\/\/hexibella.com\/it\/wp-json\/wp\/v2\/types\/page"}],"author":[{"embeddable":true,"href":"https:\/\/hexibella.com\/it\/wp-json\/wp\/v2\/users\/1"}],"replies":[{"embeddable":true,"href":"https:\/\/hexibella.com\/it\/wp-json\/wp\/v2\/comments?post=107"}],"version-history":[{"count":0,"href":"https:\/\/hexibella.com\/it\/wp-json\/wp\/v2\/pages\/107\/revisions"}],"wp:attachment":[{"href":"https:\/\/hexibella.com\/it\/wp-json\/wp\/v2\/media?parent=107"}],"curies":[{"name":"wp","href":"https:\/\/api.w.org\/{rel}","templated":true}]}}