{"id":103,"date":"2024-11-08T14:46:40","date_gmt":"2024-11-08T21:46:40","guid":{"rendered":"https:\/\/hexibella.com\/?page_id=103"},"modified":"2025-01-22T11:05:31","modified_gmt":"2025-01-22T18:05:31","slug":"pytania","status":"publish","type":"page","link":"https:\/\/hexibella.com\/pl\/pytania\/","title":{"rendered":"Najcz\u0119\u015bciej zadawane pytania"},"content":{"rendered":"<p><strong>Wprowadzi\u0142em nieprawid\u0142owy adres. Czy mog\u0119 go zmieni\u0107?<\/strong><\/p>\n\n\n\n<p>Je\u015bli poda\u0142e\u015b nieprawid\u0142owy adres dostawy, napisz do nas na adres&nbsp;<a href=\"mailto:support@hexibella.com\">support@hexibella.com<\/a>&nbsp;tak szybko, jak to mo\u017cliwe. Je\u015bli zam\u00f3wienie nie zosta\u0142o wys\u0142ane, nadal mo\u017cemy skontaktowa\u0107 si\u0119 z firm\u0105 kuriersk\u0105, aby poprosi\u0107 o zmian\u0119 adresu.<\/p>\n\n\n\n<p><strong>Jak mog\u0119 \u015bledzi\u0107 moje zam\u00f3wienie?<\/strong><\/p>\n\n\n\n<p>Po wys\u0142aniu zam\u00f3wienia w ci\u0105gu 1-2 dni otrzymamy numer \u015bledzenia, kt\u00f3ry zostanie wys\u0142any do Ciebie e-mailem po jego otrzymaniu! Nast\u0119pnie mo\u017cesz odwiedzi\u0107 nasz\u0105 stron\u0119 \u015bledzenia i wprowadzi\u0107 ten numer \u015bledzenia, aby zobaczy\u0107 aktualizacje wysy\u0142ki.<\/p>\n\n\n\n<p><strong>Jakie metody p\u0142atno\u015bci s\u0105 akceptowane?<\/strong><\/p>\n\n\n\n<p>Akceptujemy wszystkie g\u0142\u00f3wne systemy kart, takie jak Visa, Mastercard, American Express, Discover, Diner itp. Akceptujemy r\u00f3wnie\u017c Apple Pay, Google Pay, Paypal, polecenie zap\u0142aty SEPA, EPS, IDEAL i Bancontact.<\/p>\n\n\n\n<p><strong>M\u00f3j przedmiot dotar\u0142 uszkodzony, jak wygl\u0105da proces zwrotu?<\/strong><\/p>\n\n\n\n<p>Je\u015bli przedmiot dotar\u0142 uszkodzony, prosimy o niezw\u0142oczne przes\u0142anie do nas wiadomo\u015bci e-mail i przes\u0142anie zdj\u0119cia lub filmu przedstawiaj\u0105cego problem, a my natychmiast wy\u015blemy zamiennik!<\/p>\n\n\n\n<p><strong>Czy mog\u0119 dokona\u0107 zwrotu, je\u015bli zam\u00f3wi\u0142em produkt w niew\u0142a\u015bciwym rozmiarze?<\/strong><\/p>\n\n\n\n<p>Tak, na za\u017c\u0105danie zwrotu masz 30 dni od daty otrzymania produktu. Aby zainicjowa\u0107 zwrot, skontaktuj si\u0119 z nami za po\u015brednictwem poczty elektronicznej.<\/p>\n\n\n\n<p><strong>Zam\u00f3wienie nie spe\u0142ni\u0142o moich oczekiwa\u0144, czy mog\u0119 zainicjowa\u0107 zwrot pieni\u0119dzy?<\/strong><\/p>\n\n\n\n<p>Absolutnie, skontaktuj si\u0119 z nami przez e-mail, aby zainicjowa\u0107 bilet zwrotny, a my zwr\u00f3cimy Ci p\u0142atno\u015b\u0107 na oryginaln\u0105 metod\u0119 zakupu.<\/p>\n\n\n\n<p><strong>Jak mog\u0119 si\u0119 z wami skontaktowa\u0107?<\/strong><\/p>\n\n\n\n<p><strong>Nazwa firmy<\/strong>: Hexibella<\/p>\n\n\n\n<p><strong>Numer telefonu<\/strong>: +1 (213)-477-3615<\/p>\n\n\n\n<p><strong>E-mail<\/strong>: support@hexibella.com<\/p>\n\n\n\n<p><strong>Adres<\/strong>: 10250 Santa Monica Blvd, Los Angeles, CA 90067, Stany Zjednoczone<\/p>\n\n\n\n<p><strong>Godziny pracy<\/strong>9:00 EST - 17:00 EST (od poniedzia\u0142ku do pi\u0105tku)<\/p>\n\n\n\n<p><\/p>","protected":false},"excerpt":{"rendered":"<p>I entered the wrong address. Can I change it? If you entered the wrong delivery address, please email us at&nbsp;support@hexibella.com&nbsp;as soon as possible. If the order has not shipped, we might still be able to contact the shipping company to request a change of address. How can I track my order? Once we ship your [&hellip;]<\/p>\n","protected":false},"author":1,"featured_media":0,"parent":0,"menu_order":23,"comment_status":"closed","ping_status":"closed","template":"","meta":{"_acf_changed":false,"bwfblock_default_font":"","_uag_custom_page_level_css":"","footnotes":""},"class_list":["post-103","page","type-page","status-publish","hentry"],"blocksy_meta":[],"acf":[],"uagb_featured_image_src":{"full":false,"thumbnail":false,"medium":false,"medium_large":false,"large":false,"1536x1536":false,"2048x2048":false,"trp-custom-language-flag":false,"woocommerce_archive_thumbnail":false,"woocommerce_thumbnail":false,"woocommerce_single":false,"woocommerce_gallery_thumbnail":false},"uagb_author_info":{"display_name":"admin","author_link":"https:\/\/hexibella.com\/pl\/author\/admin_v6jhkhci\/"},"uagb_comment_info":0,"uagb_excerpt":"I entered the wrong address. Can I change it? If you entered the wrong delivery address, please email us at&nbsp;support@hexibella.com&nbsp;as soon as possible. If the order has not shipped, we might still be able to contact the shipping company to request a change of address. How can I track my order? Once we ship your&hellip;","_links":{"self":[{"href":"https:\/\/hexibella.com\/pl\/wp-json\/wp\/v2\/pages\/103","targetHints":{"allow":["GET"]}}],"collection":[{"href":"https:\/\/hexibella.com\/pl\/wp-json\/wp\/v2\/pages"}],"about":[{"href":"https:\/\/hexibella.com\/pl\/wp-json\/wp\/v2\/types\/page"}],"author":[{"embeddable":true,"href":"https:\/\/hexibella.com\/pl\/wp-json\/wp\/v2\/users\/1"}],"replies":[{"embeddable":true,"href":"https:\/\/hexibella.com\/pl\/wp-json\/wp\/v2\/comments?post=103"}],"version-history":[{"count":0,"href":"https:\/\/hexibella.com\/pl\/wp-json\/wp\/v2\/pages\/103\/revisions"}],"wp:attachment":[{"href":"https:\/\/hexibella.com\/pl\/wp-json\/wp\/v2\/media?parent=103"}],"curies":[{"name":"wp","href":"https:\/\/api.w.org\/{rel}","templated":true}]}}