{"id":105,"date":"2024-11-08T14:49:03","date_gmt":"2024-11-08T21:49:03","guid":{"rendered":"https:\/\/hexibella.com\/?page_id=105"},"modified":"2025-01-22T13:14:09","modified_gmt":"2025-01-22T20:14:09","slug":"polityka-wysylkowa","status":"publish","type":"page","link":"https:\/\/hexibella.com\/pl\/polityka-wysylkowa\/","title":{"rendered":"Zasady wysy\u0142ki"},"content":{"rendered":"<p>Hexibella<\/p>\n\n\n\n<p>Stany Zjednoczone<\/p>\n\n\n\n<p><a href=\"https:\/\/hexibella.com\/pl\/hexibella.com\/\">Strona g\u0142\u00f3wna<\/a><\/p>\n\n\n\n<p>support@hexibella.com<\/p>\n\n\n\n<p><strong>Numer telefonu<\/strong>: +1 (213)-477-3615<\/p>\n\n\n\n<p><strong>E-mail<\/strong>: support@hexibella.com<\/p>\n\n\n\n<p><strong>Adres<\/strong>: 10250 Santa Monica Blvd, Los Angeles, CA 90067, Stany Zjednoczone<\/p>\n\n\n\n<p><strong>Zasady wysy\u0142ki<\/strong><\/p>\n\n\n\n<p>Naszym celem jest zapewnienie bezproblemowego i przejrzystego procesu wysy\u0142ki dla Twojej wygody i satysfakcji. Poni\u017cej znajduj\u0105 si\u0119 szczeg\u00f3\u0142y naszego procesu wysy\u0142ki.<\/p>\n\n\n\n<p><strong>ZAKRES WYSY\u0141KI<\/strong><\/p>\n\n\n\n<p><strong>- Kraje:<\/strong>&nbsp;Obecnie oferujemy wysy\u0142k\u0119 mi\u0119dzynarodow\u0105 wszystkich zam\u00f3wie\u0144 do wszystkich kraj\u00f3w.<\/p>\n\n\n\n<p><strong>KOSZTY WYSY\u0141KI<\/strong><\/p>\n\n\n\n<p>-&nbsp;<strong>Wysy\u0142ka mi\u0119dzynarodowa<\/strong>: Bezp\u0142atna wysy\u0142ka na ca\u0142y \u015bwiat dla wszystkich zam\u00f3wie\u0144.<\/p>\n\n\n\n<p><strong>- Brak ukrytych op\u0142at:<\/strong>&nbsp;Wszystkie koszty s\u0105 wyra\u017anie okre\u015blone przy kasie.<\/p>\n\n\n\n<p><strong>CZAS REALIZACJI ZAM\u00d3WIENIA<\/strong><\/p>\n\n\n\n<p><strong>- Czas przetwarzania:<\/strong>&nbsp;Zam\u00f3wienia s\u0105 przetwarzane w ci\u0105gu 1-2 dni roboczych, od poniedzia\u0142ku do pi\u0105tku.<\/p>\n\n\n\n<p><strong>- Czas zako\u0144czenia sk\u0142adania zam\u00f3wie\u0144:<\/strong>&nbsp;14:00 czasu wschodniego EST (GMT-5).<\/p>\n\n\n\n<p><strong>- Zam\u00f3wienia weekendowe:<\/strong>&nbsp;Zam\u00f3wienia z\u0142o\u017cone w weekendy s\u0105 przetwarzane nast\u0119pnego dnia roboczego.<\/p>\n\n\n\n<p><strong>CZAS PRZEJAZDU:&nbsp;<\/strong>5-7 dni roboczych, od poniedzia\u0142ku do pi\u0105tku.<\/p>\n\n\n\n<p><strong>Ca\u0142kowity czas dostawy<\/strong>: Wszystkie miejsca docelowe: 6-9 dni roboczych.<\/p>\n\n\n\n<p><strong>- Dni robocze:<\/strong>&nbsp;Wysy\u0142ki odbywaj\u0105 si\u0119 od poniedzia\u0142ku do pi\u0105tku.<\/p>\n\n\n\n<p><strong>- Uwagi:<\/strong>&nbsp;Czasy dostawy s\u0105 szacunkowe i mog\u0105 si\u0119 r\u00f3\u017cni\u0107 ze wzgl\u0119du na czynniki zewn\u0119trzne, takie jak warunki pogodowe i kwestie zwi\u0105zane z transportem.<\/p>\n\n\n\n<p><strong>PROCES WYSY\u0141KI<\/strong><\/p>\n\n\n\n<p><strong>- Niezawodne us\u0142ugi kurierskie:<\/strong>&nbsp;Wysy\u0142amy za po\u015brednictwem DHL, Canada Post, USPS, Fedex.<\/p>\n\n\n\n<p><strong>- Przesy\u0142ki ubezpieczone:<\/strong>&nbsp;Wszystkie przesy\u0142ki s\u0105 ubezpieczone. W przypadku zagubienia lub uszkodzenia podczas transportu nale\u017cy skontaktowa\u0107 si\u0119 z naszym dzia\u0142em obs\u0142ugi klienta.<\/p>\n\n\n\n<p><strong>- Ekologiczne opakowanie:<\/strong>&nbsp;Staramy si\u0119 u\u017cywa\u0107 zr\u00f3wnowa\u017conych materia\u0142\u00f3w opakowaniowych, aby zminimalizowa\u0107 nasz \u015blad ekologiczny.<\/p>\n\n\n\n<p><strong>INSTRUKCJE \u015aLEDZENIA<\/strong><\/p>\n\n\n\n<p><strong>- Informacje o \u015bledzeniu:<\/strong>&nbsp;Po dokonaniu zakupu otrzymasz wiadomo\u015b\u0107 e-mail z informacjami o \u015bledzeniu przesy\u0142ki, w tym nazw\u0105 firmy kurierskiej i numerem przesy\u0142ki.<\/p>\n\n\n\n<p><strong>- \u015aledzenie zam\u00f3wienia:<\/strong>&nbsp;Zam\u00f3wienie mo\u017cna \u015bledzi\u0107 za po\u015brednictwem naszej strony internetowej. Wystarczy wprowadzi\u0107 numer \u015bledzenia na naszym portalu \u015bledzenia, aby wy\u015bwietli\u0107 status zam\u00f3wienia.<\/p>\n\n\n\n<p><strong>- Pytania:<\/strong>&nbsp;Nasz zesp\u00f3\u0142 pomocy technicznej ch\u0119tnie odpowie na wszelkie pytania dotycz\u0105ce \u015bledzenia zam\u00f3wienia.<\/p>\n\n\n\n<p><strong>PROCEDURA BRAKUJ\u0104CYCH PRZEDMIOT\u00d3W<\/strong><\/p>\n\n\n\n<p><strong>- Zg\u0142aszanie brakuj\u0105cych przedmiot\u00f3w:<\/strong>&nbsp;Skontaktuj si\u0119 z naszym dzia\u0142em obs\u0142ugi klienta w ci\u0105gu 7 dni od otrzymania paczki za po\u015brednictwem support@hexibella.com.<\/p>\n\n\n\n<p><strong>- Rozdzielczo\u015b\u0107:&nbsp;<\/strong>Rozwi\u0105\u017cemy problem tak szybko, jak to mo\u017cliwe i wy\u015blemy produkt zast\u0119pczy lub zaoferujemy zwrot pieni\u0119dzy.<\/p>\n\n\n\n<p><strong>POLITYKA ZWROT\u00d3W<\/strong><\/p>\n\n\n\n<p><strong>- Zwroty:<\/strong>&nbsp;Zwroty s\u0105 przyjmowane w ci\u0105gu 30 dni od otrzymania zam\u00f3wienia.<\/p>\n\n\n\n<p><strong>- Warunki zwrot\u00f3w:<\/strong>&nbsp;Produkty musz\u0105 by\u0107 nieu\u017cywane, nieuszkodzone i zwr\u00f3cone w oryginalnym opakowaniu. Spersonalizowane przedmioty nie mog\u0105 zosta\u0107 zwr\u00f3cone.<\/p>\n\n\n\n<p><strong>- Koszty:<\/strong>&nbsp;Koszty wysy\u0142ki zwrotnej s\u0105 pokrywane przez Hexibella we wszystkich przypadkach zwrotu, w tym wyrzut\u00f3w sumienia klienta, produkt\u00f3w uszkodzonych przez przewo\u017anika i produkt\u00f3w wadliwych.<\/p>\n\n\n\n<p><strong>- Zwrot koszt\u00f3w:<\/strong>&nbsp;Zwroty s\u0105 przetwarzane w ci\u0105gu 8 dni od otrzymania zwrotu i s\u0105 zwracane na pierwotn\u0105 metod\u0119 p\u0142atno\u015bci.<\/p>\n\n\n\n<p><strong>OP\u0141ATA ZA PRZECHOWYWANIE<\/strong><\/p>\n\n\n\n<p><strong>- Brak op\u0142aty za uzupe\u0142nienie zapas\u00f3w: Hexibella nie pobiera op\u0142aty za uzupe\u0142nienie zapas\u00f3w w przypadku jakichkolwiek zwrot\u00f3w.<\/strong><\/p>\n\n\n\n<p><strong>KONTAKT<\/strong><\/p>\n\n\n\n<p><strong>Nazwa firmy<\/strong>: Hexibella<\/p>\n\n\n\n<p><strong>Numer telefonu<\/strong>: +1 (213)-477-3615<\/p>\n\n\n\n<p><strong>E-mail<\/strong>: support@hexibella.com<\/p>\n\n\n\n<p><strong>Adres<\/strong>: 10250 Santa Monica Blvd, Los Angeles, CA 90067, Stany Zjednoczone<\/p>\n\n\n\n<p><strong>Godziny pracy<\/strong>9:00 EST - 17:00 EST (od poniedzia\u0142ku do pi\u0105tku)<\/p>","protected":false},"excerpt":{"rendered":"<p>Hexibella United States Home support@hexibella.com Phone Number: +1 (213)-477-3615 Email: support@hexibella.com Address: 10250 Santa Monica Blvd, Los Angeles, CA 90067, United States Shipping Policy Our goal is to ensure a seamless and transparent shipping process for your convenience and satisfaction. Below are the details of our shipping process. SHIPPING RANGE \u2013 Countries:&nbsp;We currently offer International [&hellip;]<\/p>\n","protected":false},"author":1,"featured_media":0,"parent":0,"menu_order":24,"comment_status":"closed","ping_status":"closed","template":"","meta":{"_acf_changed":false,"bwfblock_default_font":"","_uag_custom_page_level_css":"","footnotes":""},"class_list":["post-105","page","type-page","status-publish","hentry"],"blocksy_meta":[],"acf":[],"uagb_featured_image_src":{"full":false,"thumbnail":false,"medium":false,"medium_large":false,"large":false,"1536x1536":false,"2048x2048":false,"trp-custom-language-flag":false,"woocommerce_archive_thumbnail":false,"woocommerce_thumbnail":false,"woocommerce_single":false,"woocommerce_gallery_thumbnail":false},"uagb_author_info":{"display_name":"admin","author_link":"https:\/\/hexibella.com\/pl\/author\/admin_v6jhkhci\/"},"uagb_comment_info":0,"uagb_excerpt":"Hexibella United States Home support@hexibella.com Phone Number: +1 (213)-477-3615 Email: support@hexibella.com Address: 10250 Santa Monica Blvd, Los Angeles, CA 90067, United States Shipping Policy Our goal is to ensure a seamless and transparent shipping process for your convenience and satisfaction. Below are the details of our shipping process. SHIPPING RANGE \u2013 Countries:&nbsp;We currently offer International&hellip;","_links":{"self":[{"href":"https:\/\/hexibella.com\/pl\/wp-json\/wp\/v2\/pages\/105","targetHints":{"allow":["GET"]}}],"collection":[{"href":"https:\/\/hexibella.com\/pl\/wp-json\/wp\/v2\/pages"}],"about":[{"href":"https:\/\/hexibella.com\/pl\/wp-json\/wp\/v2\/types\/page"}],"author":[{"embeddable":true,"href":"https:\/\/hexibella.com\/pl\/wp-json\/wp\/v2\/users\/1"}],"replies":[{"embeddable":true,"href":"https:\/\/hexibella.com\/pl\/wp-json\/wp\/v2\/comments?post=105"}],"version-history":[{"count":0,"href":"https:\/\/hexibella.com\/pl\/wp-json\/wp\/v2\/pages\/105\/revisions"}],"wp:attachment":[{"href":"https:\/\/hexibella.com\/pl\/wp-json\/wp\/v2\/media?parent=105"}],"curies":[{"name":"wp","href":"https:\/\/api.w.org\/{rel}","templated":true}]}}