{"id":106,"date":"2024-11-08T15:46:10","date_gmt":"2024-11-08T22:46:10","guid":{"rendered":"https:\/\/hexibella.com\/?page_id=106"},"modified":"2025-01-21T23:30:51","modified_gmt":"2025-01-22T06:30:51","slug":"polityka-platnosci","status":"publish","type":"page","link":"https:\/\/hexibella.com\/pl\/polityka-platnosci\/","title":{"rendered":"Zasady p\u0142atno\u015bci"},"content":{"rendered":"<p>W Hexibella naszym celem jest zapewnienie bezproblemowych i bezpiecznych zakup\u00f3w. Aby zapewni\u0107 wygod\u0119 wszystkim klientom, akceptujemy nast\u0119puj\u0105ce metody p\u0142atno\u015bci:<\/p>\n\n\n\n<p><strong>Karta kredytowa i debetowa<\/strong>: Akceptujemy wszystkie g\u0142\u00f3wne karty debetowe i kredytowe, w tym Visa, Mastercard, American Express, Discover, Diner's Club, Cartes Bancaires, JCB, ELO i Union Pay. Wszystkie transakcje s\u0105 bezpieczne i szyfrowane.<\/p>\n\n\n\n<p><strong>Przelew bankowy \/ polecenie zap\u0142aty<\/strong>: Akceptujemy r\u00f3wnie\u017c nast\u0119puj\u0105ce metody p\u0142atno\u015bci: Polecenie zap\u0142aty SEPA, EPS, Bancontact i IDEAL.&nbsp;<\/p>\n\n\n\n<p><strong>Portfele<\/strong>: P\u0142a\u0107 za pomoc\u0105 popularnych e-portfeli, takich jak Apple Pay, Google Pay i PayPal.<\/p>\n\n\n\n<p>Wszystkie transakcje p\u0142atnicze s\u0105 przetwarzane za po\u015brednictwem bezpiecznych i zaufanych bramek. Nie przechowujemy informacji o p\u0142atno\u015bciach na naszych serwerach. Transakcje s\u0105 chronione za pomoc\u0105 szyfrowania zgodnego ze standardami bran\u017cowymi, aby zapewni\u0107 bezpiecze\u0144stwo danych. Po pomy\u015blnym przetworzeniu p\u0142atno\u015bci otrzymasz wiadomo\u015b\u0107 e-mail z potwierdzeniem zam\u00f3wienia zawieraj\u0105c\u0105 szczeg\u00f3\u0142y zakupu.<\/p>\n\n\n\n<p>W przypadku pyta\u0144, komentarzy lub w\u0105tpliwo\u015bci prosimy o kontakt pod adresem:<\/p>\n\n\n\n<p><strong>Nazwa firmy<\/strong>: Hexibella<\/p>\n\n\n\n<p><strong>Numer telefonu<\/strong>: +1 (213)-477-3615<\/p>\n\n\n\n<p><strong>E-mail<\/strong>: support@hexibella.com<\/p>\n\n\n\n<p><strong>Adres<\/strong>: 10250 Santa Monica Blvd, Los Angeles, CA 90067, Stany Zjednoczone<\/p>\n\n\n\n<p><strong>Godziny pracy<\/strong>9:00 EST - 17:00 EST (od poniedzia\u0142ku do pi\u0105tku)<\/p>","protected":false},"excerpt":{"rendered":"<p>At Hexibella, our goal is to provide a seamless and secure shopping experience. To ensure convenience for all customers, we accept the following payment methods: Credit &amp; Debit Card: We accept all major debit &amp; credit cards including Visa, Mastercard, American Express, Discover, Diner\u2019s Club, Cartes Bancaires, JCB, ELO, &amp; Union Pay. All Transactions are [&hellip;]<\/p>\n","protected":false},"author":1,"featured_media":0,"parent":0,"menu_order":2,"comment_status":"closed","ping_status":"closed","template":"","meta":{"_acf_changed":false,"bwfblock_default_font":"","_uag_custom_page_level_css":"","footnotes":""},"class_list":["post-106","page","type-page","status-publish","hentry"],"blocksy_meta":[],"acf":[],"uagb_featured_image_src":{"full":false,"thumbnail":false,"medium":false,"medium_large":false,"large":false,"1536x1536":false,"2048x2048":false,"trp-custom-language-flag":false,"woocommerce_archive_thumbnail":false,"woocommerce_thumbnail":false,"woocommerce_single":false,"woocommerce_gallery_thumbnail":false},"uagb_author_info":{"display_name":"admin","author_link":"https:\/\/hexibella.com\/pl\/author\/admin_v6jhkhci\/"},"uagb_comment_info":0,"uagb_excerpt":"At Hexibella, our goal is to provide a seamless and secure shopping experience. To ensure convenience for all customers, we accept the following payment methods: Credit &amp; Debit Card: We accept all major debit &amp; credit cards including Visa, Mastercard, American Express, Discover, Diner\u2019s Club, Cartes Bancaires, JCB, ELO, &amp; Union Pay. All Transactions are&hellip;","_links":{"self":[{"href":"https:\/\/hexibella.com\/pl\/wp-json\/wp\/v2\/pages\/106","targetHints":{"allow":["GET"]}}],"collection":[{"href":"https:\/\/hexibella.com\/pl\/wp-json\/wp\/v2\/pages"}],"about":[{"href":"https:\/\/hexibella.com\/pl\/wp-json\/wp\/v2\/types\/page"}],"author":[{"embeddable":true,"href":"https:\/\/hexibella.com\/pl\/wp-json\/wp\/v2\/users\/1"}],"replies":[{"embeddable":true,"href":"https:\/\/hexibella.com\/pl\/wp-json\/wp\/v2\/comments?post=106"}],"version-history":[{"count":0,"href":"https:\/\/hexibella.com\/pl\/wp-json\/wp\/v2\/pages\/106\/revisions"}],"wp:attachment":[{"href":"https:\/\/hexibella.com\/pl\/wp-json\/wp\/v2\/media?parent=106"}],"curies":[{"name":"wp","href":"https:\/\/api.w.org\/{rel}","templated":true}]}}