{"id":107,"date":"2024-11-08T14:53:50","date_gmt":"2024-11-08T21:53:50","guid":{"rendered":"https:\/\/hexibella.com\/?page_id=107"},"modified":"2025-01-22T14:18:50","modified_gmt":"2025-01-22T21:18:50","slug":"warunki-swiadczenia-uslug","status":"publish","type":"page","link":"https:\/\/hexibella.com\/pl\/warunki-swiadczenia-uslug\/","title":{"rendered":"Warunki \u015bwiadczenia us\u0142ug"},"content":{"rendered":"<p>Hexibella<\/p>\n\n\n\n<p>Stany Zjednoczone<\/p>\n\n\n\n<p><a href=\"https:\/\/hexibella.com\/pl\/hexibella.com\/\">Strona g\u0142\u00f3wna<\/a><\/p>\n\n\n\n<p><strong>Numer telefonu<\/strong>: +1 (213)-477-3615<\/p>\n\n\n\n<p><strong>E-mail<\/strong>: support@hexibella.com<\/p>\n\n\n\n<p><strong>Adres<\/strong>: 10250 Santa Monica Blvd, Los Angeles, CA 90067, Stany Zjednoczone<\/p>\n\n\n\n<p><strong>WARUNKI OG\u00d3LNE<\/strong><\/p>\n\n\n\n<p>Uzyskuj\u0105c dost\u0119p i sk\u0142adaj\u0105c zam\u00f3wienie w Hexibella, u\u017cytkownik potwierdza, \u017ce akceptuje i jest zwi\u0105zany warunkami \u015bwiadczenia us\u0142ug zawartymi w Og\u00f3lnych warunkach przedstawionych poni\u017cej. Warunki te maj\u0105 zastosowanie do ca\u0142ej witryny internetowej oraz wszelkich wiadomo\u015bci e-mail lub innych form komunikacji mi\u0119dzy u\u017cytkownikiem a firm\u0105 Hexibella.<\/p>\n\n\n\n<p>W \u017cadnym wypadku zesp\u00f3\u0142 Hexibella nie ponosi odpowiedzialno\u015bci za jakiekolwiek bezpo\u015brednie, po\u015brednie, szczeg\u00f3lne, przypadkowe lub wynikowe szkody, w tym mi\u0119dzy innymi utrat\u0119 danych lub zysk\u00f3w, wynikaj\u0105ce z korzystania lub niemo\u017cno\u015bci korzystania z materia\u0142\u00f3w na tej stronie, nawet je\u015bli zesp\u00f3\u0142 Hexibella lub autoryzowany przedstawiciel zosta\u0142 powiadomiony o mo\u017cliwo\u015bci wyst\u0105pienia takich szk\u00f3d. Je\u015bli korzystanie z materia\u0142\u00f3w z tej witryny spowoduje konieczno\u015b\u0107 konserwacji, naprawy lub korekty sprz\u0119tu lub danych, u\u017cytkownik ponosi wszelkie zwi\u0105zane z tym koszty.<\/p>\n\n\n\n<p>Hexibella nie ponosi odpowiedzialno\u015bci za jakiekolwiek skutki, kt\u00f3re mog\u0105 wyst\u0105pi\u0107 podczas korzystania z naszych zasob\u00f3w. Zastrzegamy sobie prawo do zmiany cen i zasad korzystania z zasob\u00f3w w dowolnym momencie.<\/p>\n\n\n\n<p><strong>LICENCJA<\/strong><\/p>\n\n\n\n<p>Hexibella udziela u\u017cytkownikowi odwo\u0142alnej, niewy\u0142\u0105cznej, nieprzenoszalnej, ograniczonej licencji na pobieranie, instalowanie i korzystanie z witryny \u015bci\u015ble zgodnie z warunkami niniejszej Umowy.<\/p>\n\n\n\n<p>Niniejsze Og\u00f3lne warunki stanowi\u0105 umow\u0119 mi\u0119dzy u\u017cytkownikiem a firm\u0105 Hexibella (okre\u015blan\u0105 w niniejszych Og\u00f3lnych warunkach jako \"Hexibella\", \"nas\", \"my\" lub \"nasz\"), dostawc\u0105 witryny internetowej Hexibella i us\u0142ug dost\u0119pnych za po\u015brednictwem witryny internetowej Hexibella (kt\u00f3re s\u0105 \u0142\u0105cznie okre\u015blane w niniejszych Og\u00f3lnych warunkach jako \"Us\u0142uga Hexibella\").<\/p>\n\n\n\n<p>U\u017cytkownik wyra\u017ca zgod\u0119 na przestrzeganie niniejszych Warunk\u00f3w Og\u00f3lnych. Je\u015bli u\u017cytkownik nie wyra\u017ca zgody na niniejsze Warunki Og\u00f3lne, nie powinien korzysta\u0107 z Us\u0142ugi Hexibella. W niniejszych Og\u00f3lnych Warunkach \"u\u017cytkownik\" odnosi si\u0119 zar\u00f3wno do u\u017cytkownika jako osoby fizycznej, jak i do podmiotu, kt\u00f3ry u\u017cytkownik reprezentuje. W przypadku naruszenia kt\u00f3regokolwiek z niniejszych Og\u00f3lnych warunk\u00f3w zastrzegamy sobie prawo do usuni\u0119cia konta u\u017cytkownika lub zablokowania dost\u0119pu do niego bez wcze\u015bniejszego powiadomienia.<\/p>\n\n\n\n<p><strong>DEFINICJE I KLUCZOWE TERMINY<\/strong><\/p>\n\n\n\n<p>Aby pom\u00f3c wyja\u015bni\u0107 wszystko tak jasno, jak to mo\u017cliwe w niniejszych Og\u00f3lnych Warunkach, za ka\u017cdym razem, gdy kt\u00f3rekolwiek z tych termin\u00f3w jest przywo\u0142ywane, s\u0105 one \u015bci\u015ble zdefiniowane jako:<\/p>\n\n\n\n<p>- Plik cookie: niewielka ilo\u015b\u0107 danych generowanych przez witryn\u0119 internetow\u0105 i zapisywanych przez przegl\u0105dark\u0119 internetow\u0105. S\u0142u\u017cy do identyfikacji przegl\u0105darki u\u017cytkownika, dostarczania analiz i zapami\u0119tywania informacji o u\u017cytkowniku, takich jak preferencje j\u0119zykowe lub dane logowania.<\/p>\n\n\n\n<p>- Sp\u00f3\u0142ka: gdy w niniejszych zasadach mowa jest o \"Sp\u00f3\u0142ce\", \"my\", \"nas\" lub \"nasz\", odnosi si\u0119 to do Hexibella, 10250 Santa Monica Blvd, Los Angeles, CA 90067, Stany Zjednoczone.&nbsp;<\/p>\n\n\n\n<p>kt\u00f3ra jest odpowiedzialna za dane u\u017cytkownika zgodnie z niniejszymi Og\u00f3lnymi warunkami.<\/p>\n\n\n\n<p>- Kraj: kraj, w kt\u00f3rym Hexibella lub w\u0142a\u015bciciele\/za\u0142o\u017cyciele Hexibella maj\u0105 siedzib\u0119, w tym przypadku Stany Zjednoczone.<\/p>\n\n\n\n<p>- Urz\u0105dzenie: dowolne urz\u0105dzenie pod\u0142\u0105czone do Internetu, takie jak telefon, tablet, komputer lub inne urz\u0105dzenie, kt\u00f3re mo\u017ce by\u0107 u\u017cywane do odwiedzania Hexibella i korzystania z us\u0142ug.<\/p>\n\n\n\n<p>- Us\u0142uga: odnosi si\u0119 do us\u0142ugi \u015bwiadczonej przez Hexibella zgodnie z opisem w warunkach wzgl\u0119dnych (je\u015bli s\u0105 dost\u0119pne) i na tej platformie.<\/p>\n\n\n\n<p>- Us\u0142ugi stron trzecich: odnosi si\u0119 do reklamodawc\u00f3w, sponsor\u00f3w konkurs\u00f3w, partner\u00f3w promocyjnych i marketingowych oraz innych podmiot\u00f3w, kt\u00f3re dostarczaj\u0105 tre\u015bci lub kt\u00f3rych produkty lub us\u0142ugi mog\u0105 zainteresowa\u0107 u\u017cytkownika.<\/p>\n\n\n\n<p>- Strona internetowa: Strona Hexibella, do kt\u00f3rej mo\u017cna uzyska\u0107 dost\u0119p za po\u015brednictwem tego adresu URL: https:\/\/hexibella.com\/\/hexibella.com<\/p>\n\n\n\n<p>- U\u017cytkownik: osoba lub podmiot zarejestrowany w Hexibella w celu korzystania z Us\u0142ug.<\/p>\n\n\n\n<p><strong>OGRANICZENIA<\/strong><\/p>\n\n\n\n<p>U\u017cytkownik zgadza si\u0119 tego nie robi\u0107 i nie zezwala na to innym:<\/p>\n\n\n\n<p>- Licencjonowa\u0107, sprzedawa\u0107, wynajmowa\u0107, wydzier\u017cawia\u0107, cedowa\u0107, dystrybuowa\u0107, przekazywa\u0107, hostowa\u0107, outsourcowa\u0107, ujawnia\u0107 lub w inny spos\u00f3b komercyjnie wykorzystywa\u0107 stron\u0119 internetow\u0105 lub udost\u0119pnia\u0107 platform\u0119 osobom trzecim.<\/p>\n\n\n\n<p>- Modyfikowanie, tworzenie dzie\u0142 pochodnych, dezasemblowanie, odszyfrowywanie, odwrotna kompilacja lub in\u017cynieria wsteczna jakiejkolwiek cz\u0119\u015bci witryny.<\/p>\n\n\n\n<p>- Usuwanie, zmienianie lub zas\u0142anianie jakichkolwiek informacji o prawach w\u0142asno\u015bci (w tym informacji o prawach autorskich lub znakach towarowych) firmy Hexibella lub jej podmiot\u00f3w stowarzyszonych, partner\u00f3w, dostawc\u00f3w lub licencjodawc\u00f3w witryny.<\/p>\n\n\n\n<p><strong>POLITYKA ZWROT\u00d3W I REFUNDACJI<\/strong><\/p>\n\n\n\n<p>Dzi\u0119kujemy za zakupy w Hexibella. Doceniamy to, \u017ce lubisz kupowa\u0107 rzeczy, kt\u00f3re tworzymy. Chcemy r\u00f3wnie\u017c zapewni\u0107 satysfakcjonuj\u0105ce do\u015bwiadczenie podczas odkrywania, oceniania i kupowania naszych produkt\u00f3w.<\/p>\n\n\n\n<p>Jak w przypadku ka\u017cdych zakup\u00f3w, istniej\u0105 warunki, kt\u00f3re maj\u0105 zastosowanie do transakcji w Hexibella. Przedstawimy je tak kr\u00f3tko, jak tylko pozwol\u0105 na to nasi prawnicy. Najwa\u017cniejsz\u0105 rzecz\u0105 do zapami\u0119tania jest to, \u017ce sk\u0142adaj\u0105c zam\u00f3wienie lub dokonuj\u0105c zakupu w Hexibella, zgadzasz si\u0119 na warunki okre\u015blone poni\u017cej wraz z Polityk\u0105 prywatno\u015bci Hexibella.<\/p>\n\n\n\n<p>Je\u015bli z jakiegokolwiek powodu nie jeste\u015b w pe\u0142ni zadowolony z jakiegokolwiek towaru lub us\u0142ugi, kt\u00f3r\u0105 \u015bwiadczymy, nie wahaj si\u0119 z nami skontaktowa\u0107, a my om\u00f3wimy wszelkie problemy zwi\u0105zane z naszym produktem.<\/p>\n\n\n\n<p><strong>SUGESTIE<\/strong><\/p>\n\n\n\n<p>Wszelkie informacje zwrotne, komentarze, pomys\u0142y, ulepszenia lub sugestie (\u0142\u0105cznie \"Sugestie\") przekazane przez u\u017cytkownika firmie Hexibella w odniesieniu do strony internetowej pozostaj\u0105 wy\u0142\u0105czn\u0105 w\u0142asno\u015bci\u0105 firmy Hexibella.<\/p>\n\n\n\n<p>Hexibella b\u0119dzie mog\u0142a swobodnie wykorzystywa\u0107, kopiowa\u0107, modyfikowa\u0107, publikowa\u0107 lub redystrybuowa\u0107 Sugestie w dowolnym celu i w dowolny spos\u00f3b bez jakiegokolwiek uznania lub wynagrodzenia dla u\u017cytkownika.<\/p>\n\n\n\n<p><strong>TWOJA ZGODA<\/strong><\/p>\n\n\n\n<p>Zaktualizowali\u015bmy nasze Og\u00f3lne Warunki Handlowe, aby zapewni\u0107 pe\u0142n\u0105 przejrzysto\u015b\u0107 tego, co jest ustawiane podczas odwiedzania naszej witryny i w jaki spos\u00f3b jest ona wykorzystywana. Korzystaj\u0105c z naszej witryny internetowej, rejestruj\u0105c konto lub dokonuj\u0105c zakupu, u\u017cytkownik niniejszym wyra\u017ca zgod\u0119 na nasze Og\u00f3lne warunki handlowe.<\/p>\n\n\n\n<p><strong>LINKI DO INNYCH STRON INTERNETOWYCH<\/strong><\/p>\n\n\n\n<p>Niniejsze Og\u00f3lne warunki maj\u0105 zastosowanie wy\u0142\u0105cznie do Us\u0142ug. Us\u0142ugi mog\u0105 zawiera\u0107 \u0142\u0105cza do innych witryn internetowych, kt\u00f3re nie s\u0105 obs\u0142ugiwane ani kontrolowane przez Hexibella. Nie ponosimy odpowiedzialno\u015bci za tre\u015b\u0107, dok\u0142adno\u015b\u0107 lub opinie wyra\u017cone w takich witrynach, a takie witryny nie s\u0105 przez nas badane, monitorowane ani sprawdzane pod k\u0105tem dok\u0142adno\u015bci lub kompletno\u015bci. Nale\u017cy pami\u0119ta\u0107, \u017ce po skorzystaniu z \u0142\u0105cza w celu przej\u015bcia z Us\u0142ug do innej witryny internetowej nasze Og\u00f3lne warunki i ustalenia przestaj\u0105 obowi\u0105zywa\u0107. Przegl\u0105danie i interakcja u\u017cytkownika na jakiejkolwiek innej stronie internetowej, w tym tych, kt\u00f3re maj\u0105 link na naszej platformie, podlega w\u0142asnym zasadom i politykom tej strony. Takie strony trzecie mog\u0105 korzysta\u0107 z w\u0142asnych plik\u00f3w cookie lub innych metod gromadzenia informacji o u\u017cytkowniku.<\/p>\n\n\n\n<p><strong>CIASTECZKA<\/strong><\/p>\n\n\n\n<p>Hexibella wykorzystuje pliki \"cookie\" do identyfikacji obszar\u00f3w naszej witryny internetowej, kt\u00f3re odwiedzi\u0142 u\u017cytkownik. Plik cookie to niewielki fragment danych przechowywany na komputerze lub urz\u0105dzeniu mobilnym przez przegl\u0105dark\u0119 internetow\u0105. U\u017cywamy plik\u00f3w cookie w celu zwi\u0119kszenia wydajno\u015bci i funkcjonalno\u015bci naszej strony internetowej, ale nie s\u0105 one niezb\u0119dne do jej u\u017cytkowania. Jednak bez tych plik\u00f3w cookie niekt\u00f3re funkcje, takie jak filmy, mog\u0105 sta\u0107 si\u0119 niedost\u0119pne lub u\u017cytkownik b\u0119dzie musia\u0142 wprowadza\u0107 swoje dane logowania za ka\u017cdym razem, gdy odwiedza witryn\u0119, poniewa\u017c nie b\u0119dziemy w stanie zapami\u0119ta\u0107, \u017ce u\u017cytkownik zalogowa\u0142 si\u0119 wcze\u015bniej. W wi\u0119kszo\u015bci przegl\u0105darek internetowych mo\u017cna wy\u0142\u0105czy\u0107 obs\u0142ug\u0119 plik\u00f3w cookie. Je\u015bli jednak u\u017cytkownik wy\u0142\u0105czy pliki cookie, mo\u017ce nie by\u0107 w stanie poprawnie lub w og\u00f3le uzyska\u0107 dost\u0119pu do funkcji na naszej stronie internetowej. Nigdy nie umieszczamy danych osobowych w plikach cookie.<\/p>\n\n\n\n<p><strong>ZMIANY NASZYCH OG\u00d3LNYCH WARUNK\u00d3W<\/strong><\/p>\n\n\n\n<p>U\u017cytkownik przyjmuje do wiadomo\u015bci i zgadza si\u0119, \u017ce Hexibella mo\u017ce zaprzesta\u0107 (na sta\u0142e lub tymczasowo) dostarczania Us\u0142ugi (lub jakichkolwiek funkcji w ramach Us\u0142ugi) u\u017cytkownikowi lub og\u00f3lnie u\u017cytkownikom wed\u0142ug w\u0142asnego uznania Hexibella, bez uprzedniego powiadomienia u\u017cytkownika. U\u017cytkownik mo\u017ce zaprzesta\u0107 korzystania z Us\u0142ugi w dowolnym momencie. U\u017cytkownik nie musi specjalnie informowa\u0107 Hexibella o zaprzestaniu korzystania z Us\u0142ugi. U\u017cytkownik przyjmuje do wiadomo\u015bci i zgadza si\u0119, \u017ce je\u015bli Hexibella wy\u0142\u0105czy dost\u0119p do jego konta, mo\u017ce nie mie\u0107 dost\u0119pu do Us\u0142ugi, danych konta, plik\u00f3w lub innych materia\u0142\u00f3w znajduj\u0105cych si\u0119 na koncie.<\/p>\n\n\n\n<p>Je\u015bli zdecydujemy si\u0119 zmieni\u0107 nasze Og\u00f3lne Warunki, opublikujemy te zmiany na tej stronie i\/lub zaktualizujemy dat\u0119 modyfikacji Og\u00f3lnych Warunk\u00f3w poni\u017cej.<\/p>\n\n\n\n<p><strong>MODYFIKACJE NASZEJ STRONY INTERNETOWEJ<\/strong><\/p>\n\n\n\n<p>Hexibella zastrzega sobie prawo do modyfikowania, zawieszania lub zaprzestania, tymczasowo lub na sta\u0142e, witryny internetowej lub dowolnej us\u0142ugi, z kt\u00f3r\u0105 jest ona po\u0142\u0105czona, z powiadomieniem lub bez powiadomienia i bez ponoszenia odpowiedzialno\u015bci wobec u\u017cytkownika.<\/p>\n\n\n\n<p><strong>AKTUALIZACJE NASZEJ STRONY INTERNETOWEJ<\/strong><\/p>\n\n\n\n<p>Hexibella mo\u017ce od czasu do czasu wprowadza\u0107 ulepszenia lub usprawnienia funkcji\/funkcjonalno\u015bci strony internetowej, kt\u00f3re mog\u0105 obejmowa\u0107 poprawki, poprawki b\u0142\u0119d\u00f3w, aktualizacje, uaktualnienia i inne modyfikacje (\"Aktualizacje\").<\/p>\n\n\n\n<p>Aktualizacje mog\u0105 modyfikowa\u0107 lub usuwa\u0107 okre\u015blone funkcje i\/lub funkcjonalno\u015bci strony internetowej. U\u017cytkownik zgadza si\u0119, \u017ce Hexibella nie ma obowi\u0105zku (i) dostarczania jakichkolwiek Aktualizacji ani (ii) dalszego dostarczania lub w\u0142\u0105czania jakichkolwiek okre\u015blonych funkcji i\/lub funkcjonalno\u015bci witryny internetowej.<\/p>\n\n\n\n<p>Ponadto u\u017cytkownik zgadza si\u0119, \u017ce wszystkie Aktualizacje b\u0119d\u0105 (i) uwa\u017cane za integraln\u0105 cz\u0119\u015b\u0107 witryny internetowej oraz (ii) b\u0119d\u0105 podlega\u0107 warunkom niniejszej Umowy.<\/p>\n\n\n\n<p><strong>US\u0141UGI STRON TRZECICH<\/strong><\/p>\n\n\n\n<p>Mo\u017cemy wy\u015bwietla\u0107, do\u0142\u0105cza\u0107 lub udost\u0119pnia\u0107 tre\u015bci stron trzecich (w tym dane, informacje, aplikacje i inne us\u0142ugi produktowe) lub udost\u0119pnia\u0107 \u0142\u0105cza do stron internetowych lub us\u0142ug stron trzecich (\"Us\u0142ugi stron trzecich\").<\/p>\n\n\n\n<p>U\u017cytkownik przyjmuje do wiadomo\u015bci i zgadza si\u0119, \u017ce Hexibella nie ponosi odpowiedzialno\u015bci za jakiekolwiek Us\u0142ugi stron trzecich, w tym za ich dok\u0142adno\u015b\u0107, kompletno\u015b\u0107, aktualno\u015b\u0107, wa\u017cno\u015b\u0107, zgodno\u015b\u0107 z prawami autorskimi, legalno\u015b\u0107, przyzwoito\u015b\u0107, jako\u015b\u0107 lub jakikolwiek inny ich aspekt. Hexibella nie przyjmuje i nie ponosi \u017cadnej odpowiedzialno\u015bci wobec u\u017cytkownika lub jakiejkolwiek innej osoby lub podmiotu za jakiekolwiek Us\u0142ugi stron trzecich.<\/p>\n\n\n\n<p>Us\u0142ugi stron trzecich i \u0142\u0105cza do nich s\u0105 dostarczane wy\u0142\u0105cznie jako udogodnienie dla u\u017cytkownika, a u\u017cytkownik uzyskuje do nich dost\u0119p i korzysta z nich wy\u0142\u0105cznie na w\u0142asne ryzyko i z zastrze\u017ceniem warunk\u00f3w takich stron trzecich.<\/p>\n\n\n\n<p><strong>OKRES OBOWI\u0104ZYWANIA I ROZWI\u0104ZANIE<\/strong><\/p>\n\n\n\n<p>Niniejsza Umowa pozostaje w mocy do momentu jej rozwi\u0105zania przez u\u017cytkownika lub Hexibella.<\/p>\n\n\n\n<p>Hexibella mo\u017ce, wed\u0142ug w\u0142asnego uznania, w dowolnym czasie i z dowolnego powodu, zawiesi\u0107 lub rozwi\u0105za\u0107 niniejsz\u0105 Umow\u0119.<\/p>\n\n\n\n<p><strong>KONTAKT<\/strong><\/p>\n\n\n\n<p>W przypadku pyta\u0144, komentarzy lub w\u0105tpliwo\u015bci prosimy o kontakt pod adresem:<\/p>\n\n\n\n<p><strong>Nazwa firmy<\/strong>: Hexibella<\/p>\n\n\n\n<p><strong>Numer telefonu<\/strong>: +1 (213)-477-3615<\/p>\n\n\n\n<p><strong>E-mail<\/strong>: support@hexibella.com<\/p>\n\n\n\n<p><strong>Adres<\/strong>: 10250 Santa Monica Blvd, Los Angeles, CA 90067, Stany Zjednoczone<\/p>\n\n\n\n<p><strong>Godziny pracy<\/strong>9:00 EST - 17:00 EST (od poniedzia\u0142ku do pi\u0105tku)<\/p>\n\n\n\n<p><\/p>","protected":false},"excerpt":{"rendered":"<p>Hexibella United States Home Phone Number: +1 (213)-477-3615 Email: support@hexibella.com Address: 10250 Santa Monica Blvd, Los Angeles, CA 90067, United States GENERAL TERMS AND CONDITIONS By accessing and placing an order with Hexibella, you confirm that you agree to and are bound by the service terms contained in the General Terms and Conditions outlined below. [&hellip;]<\/p>\n","protected":false},"author":1,"featured_media":0,"parent":0,"menu_order":13,"comment_status":"closed","ping_status":"closed","template":"","meta":{"_acf_changed":false,"bwfblock_default_font":"","_uag_custom_page_level_css":"","footnotes":""},"class_list":["post-107","page","type-page","status-publish","hentry"],"blocksy_meta":[],"acf":[],"uagb_featured_image_src":{"full":false,"thumbnail":false,"medium":false,"medium_large":false,"large":false,"1536x1536":false,"2048x2048":false,"trp-custom-language-flag":false,"woocommerce_archive_thumbnail":false,"woocommerce_thumbnail":false,"woocommerce_single":false,"woocommerce_gallery_thumbnail":false},"uagb_author_info":{"display_name":"admin","author_link":"https:\/\/hexibella.com\/pl\/author\/admin_v6jhkhci\/"},"uagb_comment_info":0,"uagb_excerpt":"Hexibella United States Home Phone Number: +1 (213)-477-3615 Email: support@hexibella.com Address: 10250 Santa Monica Blvd, Los Angeles, CA 90067, United States GENERAL TERMS AND CONDITIONS By accessing and placing an order with Hexibella, you confirm that you agree to and are bound by the service terms contained in the General Terms and Conditions outlined below.&hellip;","_links":{"self":[{"href":"https:\/\/hexibella.com\/pl\/wp-json\/wp\/v2\/pages\/107","targetHints":{"allow":["GET"]}}],"collection":[{"href":"https:\/\/hexibella.com\/pl\/wp-json\/wp\/v2\/pages"}],"about":[{"href":"https:\/\/hexibella.com\/pl\/wp-json\/wp\/v2\/types\/page"}],"author":[{"embeddable":true,"href":"https:\/\/hexibella.com\/pl\/wp-json\/wp\/v2\/users\/1"}],"replies":[{"embeddable":true,"href":"https:\/\/hexibella.com\/pl\/wp-json\/wp\/v2\/comments?post=107"}],"version-history":[{"count":0,"href":"https:\/\/hexibella.com\/pl\/wp-json\/wp\/v2\/pages\/107\/revisions"}],"wp:attachment":[{"href":"https:\/\/hexibella.com\/pl\/wp-json\/wp\/v2\/media?parent=107"}],"curies":[{"name":"wp","href":"https:\/\/api.w.org\/{rel}","templated":true}]}}